{"id":8515,"date":"2024-11-22T08:26:20","date_gmt":"2024-11-22T07:26:20","guid":{"rendered":"https:\/\/www.bix-consulting.com\/?page_id=8515"},"modified":"2024-11-22T08:27:21","modified_gmt":"2024-11-22T07:27:21","slug":"sap_analytics_cloud","status":"publish","type":"page","link":"https:\/\/www.bix-consulting.com\/en\/sap_analytics_cloud\/","title":{"rendered":"SAP Analytics Cloud"},"content":{"rendered":"\n[et_pb_section fb_built=&#8220;1&#8243; _builder_version=&#8220;4.27.2&#8243; _module_preset=&#8220;default&#8220; background_image=&#8220;https:\/\/www.bix-consulting.com\/wp-content\/uploads\/2024\/11\/global-business-internet-network-connection-iot-internet-things-business-intelligence-concept-bus-scaled.jpg&#8220; height=&#8220;300px&#8220; custom_margin=&#8220;95px||||false|false&#8220; animation_style=&#8220;slide&#8220; animation_direction=&#8220;top&#8220; global_colors_info=&#8220;{}&#8220;][\/et_pb_section][et_pb_section fb_built=&#8220;1&#8243; _builder_version=&#8220;4.27.2&#8243; _module_preset=&#8220;default&#8220; border_color_bottom=&#8220;#e08a00&#8243; global_colors_info=&#8220;{}&#8220;][et_pb_row admin_label=&#8220;Zeile&#8220; _builder_version=&#8220;4.27.2&#8243; _module_preset=&#8220;default&#8220; background_color=&#8220;rgba(241,137,0,0.93)&#8220; transform_scale=&#8220;125%|100%&#8220; transform_scale_tablet=&#8220;125%|100%&#8220; transform_scale_phone=&#8220;125%|100%&#8220; transform_scale_last_edited=&#8220;on|phone&#8220; transform_scale_linked=&#8220;off&#8220; transform_translate=&#8220;0px|-75px&#8220; transform_translate_tablet=&#8220;0px|-75px&#8220; transform_translate_phone=&#8220;0px|-90px&#8220; transform_translate_last_edited=&#8220;on|phone&#8220; transform_translate_linked=&#8220;off&#8220; transform_rotate_tablet=&#8220;&#8220; transform_rotate_phone=&#8220;&#8220; transform_rotate_last_edited=&#8220;on|phone&#8220; transform_skew_tablet=&#8220;&#8220; transform_skew_phone=&#8220;&#8220; transform_skew_last_edited=&#8220;on|phone&#8220; transform_origin_tablet=&#8220;&#8220; transform_origin_phone=&#8220;&#8220; transform_origin_last_edited=&#8220;on|phone&#8220; transform_styles_last_edited=&#8220;on|phone&#8220; custom_padding=&#8220;20px|20px|20px|20px|false|false&#8220; transform_styles_tablet=&#8220;&#8220; transform_styles_phone=&#8220;&#8220; border_radii=&#8220;on|10px|10px|10px|10px&#8220; global_colors_info=&#8220;{}&#8220;][et_pb_column type=&#8220;4_4&#8243; _builder_version=&#8220;4.16&#8243; _module_preset=&#8220;default&#8220; global_colors_info=&#8220;{}&#8220;][et_pb_text _builder_version=&#8220;4.27.2&#8243; _module_preset=&#8220;default&#8220; text_text_color=&#8220;#FFFFFF&#8220; header_3_line_height=&#8220;1.7em&#8220; transform_scale=&#8220;80%|100%&#8220; transform_scale_linked=&#8220;off&#8220; text_orientation=&#8220;center&#8220; module_alignment=&#8220;center&#8220; custom_padding=&#8220;|20px||20px|false|false&#8220; custom_padding_last_edited=&#8220;off|phone&#8220; global_colors_info=&#8220;{}&#8220;]<h1 style=\"color: white;\">Mit der SAP Analytics Cloud<br \/>datengetriebene Entscheidungen zum<br \/>Erfolgsfaktor ihrer Strategie machen!<\/h1>[\/et_pb_text][\/et_pb_column][\/et_pb_row][et_pb_row _builder_version=&#8220;4.27.2&#8243; _module_preset=&#8220;default&#8220; background_enable_color=&#8220;off&#8220; custom_padding=&#8220;0px|20px|20px|20px|false|false&#8220; border_radii=&#8220;on|25px|25px|25px|25px&#8220; global_colors_info=&#8220;{}&#8220;][et_pb_column type=&#8220;4_4&#8243; _builder_version=&#8220;4.16&#8243; _module_preset=&#8220;default&#8220; global_colors_info=&#8220;{}&#8220;][et_pb_text disabled_on=&#8220;off|off|off&#8220; _builder_version=&#8220;4.27.2&#8243; _module_preset=&#8220;default&#8220; text_text_color=&#8220;#000000&#8243; header_3_line_height=&#8220;1.7em&#8220; transform_scale_tablet=&#8220;&#8220; transform_scale_phone=&#8220;&#8220; transform_scale_last_edited=&#8220;on|desktop&#8220; transform_translate=&#8220;0px|-50px&#8220; transform_translate_tablet=&#8220;0px|-50px&#8220; transform_translate_phone=&#8220;0px|-50px&#8220; transform_translate_last_edited=&#8220;on|phone&#8220; transform_translate_linked=&#8220;off&#8220; transform_rotate_tablet=&#8220;&#8220; transform_rotate_phone=&#8220;&#8220; transform_rotate_last_edited=&#8220;on|desktop&#8220; transform_skew_tablet=&#8220;&#8220; transform_skew_phone=&#8220;&#8220; transform_skew_last_edited=&#8220;on|desktop&#8220; transform_origin_tablet=&#8220;&#8220; transform_origin_phone=&#8220;&#8220; transform_origin_last_edited=&#8220;on|desktop&#8220; transform_styles_last_edited=&#8220;on|phone&#8220; module_alignment=&#8220;center&#8220; min_height=&#8220;190.8px&#8220; custom_margin=&#8220;0px||||false|false&#8220; custom_padding=&#8220;10px|10px||10px|false|false&#8220; custom_padding_last_edited=&#8220;off|phone&#8220; transform_styles_tablet=&#8220;&#8220; transform_styles_phone=&#8220;&#8220; global_colors_info=&#8220;{}&#8220; transform_styles__hover_enabled=&#8220;off|desktop&#8220; transform_scale__hover_enabled=&#8220;off|desktop&#8220; transform_translate__hover_enabled=&#8220;off|desktop&#8220; transform_rotate__hover_enabled=&#8220;off|desktop&#8220; transform_skew__hover_enabled=&#8220;off|desktop&#8220; transform_origin__hover_enabled=&#8220;off|desktop&#8220;]<h2><strong style=\"color: black;\"><\/strong><\/h2>\n<h2><strong style=\"color: black;\"><\/strong><\/h2>\n<h2><strong style=\"color: black;\"><\/strong><\/h2>\n<h2><strong style=\"color: black;\"><\/strong><\/h2>\n<h2 style=\"text-align: center;\"><strong style=\"color: black;\">Die SAC als Ihr strategischer Erfolgsfaktor!<\/strong><\/h2>\n<p>&nbsp;<\/p>\n<p>Ganz gleich, wo Sie derzeit mit der SAP Analytics Cloud (SAC) in Ihrem Unternehmen stehen \u2013 als Ihr vertrauensvoller Beratungspartner begleiten wir Sie gerne. Ob in einem ersten <strong>Pre-Sales-Termin<\/strong>, einer<strong> Live-Demo f\u00fcr ein Touch &amp; Feel<\/strong> oder einem <strong>Proof-of-Concept<\/strong> &#8211; gemeinsam erarbeiten wir die besten L\u00f6sungen, um Ihre Anforderungen optimal zu erf\u00fcllen. Profitieren Sie dabei von unserer umfangreichen Projekterfahrung mit der SAC in den Bereichen Planung, Reporting und Self-Service.<\/p>[\/et_pb_text][et_pb_image src=&#8220;https:\/\/www.bix-consulting.com\/wp-content\/uploads\/2024\/11\/Grafik_Onepager_SAC.png&#8220; title_text=&#8220;Grafik_Onepager_SAC&#8220; _builder_version=&#8220;4.27.2&#8243; _module_preset=&#8220;default&#8220; custom_margin=&#8220;20px||20px||false|false&#8220; global_colors_info=&#8220;{}&#8220;][\/et_pb_image][et_pb_text _builder_version=&#8220;4.27.2&#8243; _module_preset=&#8220;default&#8220; text_text_color=&#8220;#000000&#8243; header_3_line_height=&#8220;1.7em&#8220; module_alignment=&#8220;center&#8220; custom_margin=&#8220;70px||30px||false|false&#8220; custom_padding=&#8220;|10px||10px|false|false&#8220; custom_padding_last_edited=&#8220;off|phone&#8220; global_colors_info=&#8220;{}&#8220;]<h2><strong style=\"color: black;\"><\/strong><\/h2>\n<h2 style=\"text-align: center;\"><strong style=\"color: black;\">Wir \u00fcberzeugen mit unseren Referenzen!<\/strong><\/h2>[\/et_pb_text][\/et_pb_column][\/et_pb_row][et_pb_row column_structure=&#8220;1_3,1_3,1_3&#8243; _builder_version=&#8220;4.19.5&#8243; _module_preset=&#8220;default&#8220; custom_margin=&#8220;||||false|false&#8220; custom_padding=&#8220;||10px||false|false&#8220; global_colors_info=&#8220;{}&#8220;][et_pb_column type=&#8220;1_3&#8243; _builder_version=&#8220;4.19.5&#8243; _module_preset=&#8220;default&#8220; global_colors_info=&#8220;{}&#8220;][et_pb_blurb image_icon_background_color=&#8220;RGBA(255,255,255,0)&#8220; image_icon_width=&#8220;69%&#8220; icon_alignment=&#8220;left&#8220; admin_label=&#8220;Annette&#8220; _builder_version=&#8220;4.27.2&#8243; _module_preset=&#8220;default&#8220; header_font=&#8220;|700|||||||&#8220; header_text_align=&#8220;center&#8220; header_text_color=&#8220;#F18900&#8243; header_font_size=&#8220;20px&#8220; body_text_align=&#8220;center&#8220; background_color=&#8220;#f4f4f4&#8243; transform_translate_linked=&#8220;off&#8220; text_orientation=&#8220;center&#8220; height=&#8220;75px&#8220; height_tablet=&#8220;70px&#8220; height_phone=&#8220;70px&#8220; height_last_edited=&#8220;on|tablet&#8220; custom_margin=&#8220;|20px||20px|false|false&#8220; custom_margin_tablet=&#8220;10px|20px||20px|false|false&#8220; custom_margin_phone=&#8220;15px||||false|false&#8220; custom_margin_last_edited=&#8220;on|phone&#8220; custom_padding=&#8220;20px|20px|10px|20px|false|false&#8220; hover_enabled=&#8220;0&#8243; custom_css_free_form=&#8220;display: flex;||justify-content: center;||align-items: center;||height: 100%; \/* Optional: Damit das Element die volle H\u00f6he einnimmt *\/&#8220; border_radii=&#8220;off|30px|30px||&#8220; border_radii_image=&#8220;off||10px|10px|&#8220; box_shadow_style_image=&#8220;preset3&#8243; global_colors_info=&#8220;{}&#8220; sticky_enabled=&#8220;0&#8243;]<h2 style=\"text-align: center; display: flex; justify-content: center; align-items: center; height: 100%;\"><strong><\/strong><\/h2>\n<h2 style=\"text-align: center; display: flex; justify-content: center; align-items: center; height: 100%;\"><strong>Planung<\/strong><\/h2>\n<p>&nbsp;<\/p>[\/et_pb_blurb][et_pb_blurb image_icon_background_color=&#8220;RGBA(255,255,255,0)&#8220; image_icon_width=&#8220;69%&#8220; icon_alignment=&#8220;left&#8220; admin_label=&#8220;Annette&#8220; _builder_version=&#8220;4.27.2&#8243; _module_preset=&#8220;default&#8220; header_font=&#8220;|700|||||||&#8220; header_text_align=&#8220;center&#8220; header_text_color=&#8220;#F18900&#8243; header_font_size=&#8220;20px&#8220; background_color=&#8220;#f4f4f4&#8243; text_orientation=&#8220;center&#8220; height=&#8220;300px&#8220; height_tablet=&#8220;300px&#8220; height_phone=&#8220;300px&#8220; height_last_edited=&#8220;on|desktop&#8220; custom_margin=&#8220;|20px||20px|false|false&#8220; custom_margin_tablet=&#8220;|20px|10px|20px|false|false&#8220; custom_margin_phone=&#8220;||||false|false&#8220; custom_margin_last_edited=&#8220;on|phone&#8220; custom_padding=&#8220;20px|20px|10px|20px|false|false&#8220; border_radii=&#8220;off|||30px|30px&#8220; border_radii_image=&#8220;off||10px|10px|&#8220; box_shadow_style_image=&#8220;preset3&#8243; global_colors_info=&#8220;{}&#8220;]<h6 style=\"text-align: center;\"><strong><span class=\"ui-provider csm csn c d e f g h i j k l m n o p q r s t cso csp w x y z ab ac ae af ag ah ai aj ak\" dir=\"ltr\">Konzern f\u00fcr Lebensmittelproduktion<\/span><\/strong><\/h6>\n<p padding:10px=\"\" style=\"text-align: center;\">Entwicklung einer effizienten,<br \/>flexiblen und skalierbaren<br \/>Planungsanwendung in der<br \/>SAC f\u00fcr die Absatzplanung auf<br \/>Artikel- und Kundenebene.<br \/>Dabei erfolgte die Planung<br \/>unter Integration von Ist-Daten<br \/>aus dem SAP S\/4HANA in die<br \/>SAP Datasphere f\u00fcr nahtlose<br \/>Prozessabl\u00e4ufe.<\/p>\n<p padding:10px=\"\" style=\"text-align: left; padding-left: 40px;\">[\/et_pb_blurb][\/et_pb_column][et_pb_column type=&#8220;1_3&#8243; _builder_version=&#8220;4.19.5&#8243; _module_preset=&#8220;default&#8220; global_colors_info=&#8220;{}&#8220;][et_pb_blurb image_icon_background_color=&#8220;RGBA(255,255,255,0)&#8220; image_icon_width=&#8220;69%&#8220; icon_alignment=&#8220;left&#8220; admin_label=&#8220;Annette&#8220; _builder_version=&#8220;4.27.2&#8243; _module_preset=&#8220;default&#8220; header_font=&#8220;|700|||||||&#8220; header_text_align=&#8220;center&#8220; header_text_color=&#8220;#F18900&#8243; header_font_size=&#8220;20px&#8220; body_text_align=&#8220;justify&#8220; background_color=&#8220;#f4f4f4&#8243; text_orientation=&#8220;center&#8220; height=&#8220;75px&#8220; height_tablet=&#8220;70px&#8220; height_phone=&#8220;70px&#8220; height_last_edited=&#8220;on|desktop&#8220; custom_margin=&#8220;|20px||20px|false|false&#8220; custom_margin_tablet=&#8220;10px|20px||20px|false|false&#8220; custom_margin_phone=&#8220;15px||||false|false&#8220; custom_margin_last_edited=&#8220;on|phone&#8220; custom_padding=&#8220;20px|20px|0px|20px|false|false&#8220; hover_enabled=&#8220;0&#8243; border_radii=&#8220;off|30px|30px||&#8220; border_radii_image=&#8220;off||10px|10px|&#8220; box_shadow_style_image=&#8220;preset3&#8243; global_colors_info=&#8220;{}&#8220; sticky_enabled=&#8220;0&#8243;]<h2 style=\"text-align: center; display: flex; justify-content: center; align-items: center; height: 100%;\"><strong>Reporting\/<br \/>Self-Service<\/strong><\/h2>[\/et_pb_blurb][et_pb_blurb image_icon_background_color=&#8220;RGBA(255,255,255,0)&#8220; image_icon_width=&#8220;69%&#8220; icon_alignment=&#8220;left&#8220; admin_label=&#8220;Annette&#8220; _builder_version=&#8220;4.27.2&#8243; _module_preset=&#8220;default&#8220; header_font=&#8220;|700|||||||&#8220; header_text_align=&#8220;center&#8220; header_text_color=&#8220;#F18900&#8243; header_font_size=&#8220;20px&#8220; body_text_align=&#8220;center&#8220; background_color=&#8220;#f4f4f4&#8243; text_orientation=&#8220;center&#8220; height=&#8220;300px&#8220; height_tablet=&#8220;300px&#8220; height_phone=&#8220;300px&#8220; height_last_edited=&#8220;on|desktop&#8220; custom_margin=&#8220;0px|20px||20px|false|false&#8220; custom_margin_tablet=&#8220;|20px|10px|20px|false|false&#8220; custom_margin_phone=&#8220;||||false|false&#8220; custom_margin_last_edited=&#8220;on|phone&#8220; custom_padding=&#8220;20px|20px|10px|20px|false|false&#8220; border_radii=&#8220;off|||30px|30px&#8220; border_radii_image=&#8220;off||10px|10px|&#8220; box_shadow_style_image=&#8220;preset3&#8243; global_colors_info=&#8220;{}&#8220;]<h6 style=\"text-align: center;\"><strong><span class=\"ui-provider csm csn c d e f g h i j k l m n o p q r s t cso csp w x y z ab ac ae af ag ah ai aj ak\" dir=\"ltr\">Gro\u00dfhandelskonzern<\/span><\/strong><\/h6>\n<p style=\"text-align: center;\">Aufbau eines Near-Realtime<br \/>Status Reporting in der SAC, um elektronische Rechnungsdaten Konzernweit in Echtzeit in benutzerfreundlichen und individualisierbaren Dashboards<br \/>einsehen und verarbeiten zu<br \/>k\u00f6nnen.<\/p>\n<p padding:10px=\"\" style=\"text-align: center;\">[\/et_pb_blurb][\/et_pb_column][et_pb_column type=&#8220;1_3&#8243; _builder_version=&#8220;4.19.5&#8243; _module_preset=&#8220;default&#8220; global_colors_info=&#8220;{}&#8220;][et_pb_blurb image_icon_background_color=&#8220;RGBA(255,255,255,0)&#8220; image_icon_width=&#8220;69%&#8220; icon_alignment=&#8220;left&#8220; admin_label=&#8220;Annette&#8220; _builder_version=&#8220;4.27.2&#8243; _module_preset=&#8220;default&#8220; header_font=&#8220;|700|||||||&#8220; header_text_align=&#8220;center&#8220; header_text_color=&#8220;#F18900&#8243; header_font_size=&#8220;20px&#8220; body_text_align=&#8220;justify&#8220; background_color=&#8220;#f4f4f4&#8243; text_orientation=&#8220;center&#8220; height=&#8220;75px&#8220; height_tablet=&#8220;70px&#8220; height_phone=&#8220;70px&#8220; height_last_edited=&#8220;on|desktop&#8220; custom_margin=&#8220;|20px||20px|false|false&#8220; custom_margin_tablet=&#8220;10px|20px||20px|false|false&#8220; custom_margin_phone=&#8220;15px||||false|false&#8220; custom_margin_last_edited=&#8220;on|phone&#8220; custom_padding=&#8220;20px|20px|0px|20px|false|false&#8220; hover_enabled=&#8220;0&#8243; border_radii=&#8220;off|30px|30px||&#8220; border_radii_image=&#8220;off||10px|10px|&#8220; box_shadow_style_image=&#8220;preset3&#8243; global_colors_info=&#8220;{}&#8220; sticky_enabled=&#8220;0&#8243;]<h2 style=\"text-align: center; align-items: center; justify-content: center;\"><strong><span class=\"ui-provider csm csn c d e f g h i j k l m n o p q r s t cso csp w x y z ab ac ae af ag ah ai aj ak\" dir=\"ltr\">Dashboarding\/ Visualisierung<\/span><\/strong><\/h2>[\/et_pb_blurb][et_pb_blurb image_icon_background_color=&#8220;RGBA(255,255,255,0)&#8220; image_icon_width=&#8220;69%&#8220; icon_alignment=&#8220;left&#8220; admin_label=&#8220;Annette&#8220; _builder_version=&#8220;4.27.2&#8243; _module_preset=&#8220;default&#8220; header_font=&#8220;|700|||||||&#8220; header_text_align=&#8220;center&#8220; header_text_color=&#8220;#F18900&#8243; header_font_size=&#8220;20px&#8220; background_color=&#8220;#f4f4f4&#8243; text_orientation=&#8220;center&#8220; height=&#8220;300px&#8220; height_tablet=&#8220;300px&#8220; height_phone=&#8220;300px&#8220; height_last_edited=&#8220;on|desktop&#8220; custom_margin=&#8220;|20px||20px|false|false&#8220; custom_margin_tablet=&#8220;|20px|10px|20px|false|false&#8220; custom_margin_phone=&#8220;||||false|false&#8220; custom_margin_last_edited=&#8220;on|phone&#8220; custom_padding=&#8220;20px|20px|10px|20px|false|false&#8220; border_radii=&#8220;off|||30px|30px&#8220; border_radii_image=&#8220;off||10px|10px|&#8220; box_shadow_style_image=&#8220;preset3&#8243; global_colors_info=&#8220;{}&#8220;]<h6 style=\"text-align: center;\"><strong><span class=\"ui-provider csm csn c d e f g h i j k l m n o p q r s t cso csp w x y z ab ac ae af ag ah ai aj ak\" dir=\"ltr\">Immobilienkonzern<\/span><\/strong><\/h6>\n<p style=\"text-align: center;\">Gestaltung eines individuellen 3D Fl\u00e4chenkartogramms als Custom<br \/>Widget in der SAC, um durch automatisierte Filterfunktionen Immobilienbest\u00e4nde im Self-Service<br \/>mobil und in Echtzeit anzeigen zu<br \/>k\u00f6nnen. Au\u00dferdem k\u00f6nnen als Folge dessen verbesserte Entscheidungen<br \/>durch Datenvisualisierung und Datenzug\u00e4nglichkeit getroffen<br \/>werden.<\/p>\n<p padding:10px=\"\" style=\"text-align: center;\">[\/et_pb_blurb][\/et_pb_column][\/et_pb_row][\/et_pb_section][et_pb_section fb_built=&#8220;1&#8243; admin_label=&#8220;Haupttext&#8220; _builder_version=&#8220;4.20.2&#8243; _module_preset=&#8220;default&#8220; custom_padding=&#8220;0px||||false|false&#8220; collapsed=&#8220;off&#8220; global_colors_info=&#8220;{}&#8220;][et_pb_row column_structure=&#8220;3_4,1_4&#8243; make_equal=&#8220;on&#8220; admin_label=&#8220;Angebot Abschlusstext&#8220; _builder_version=&#8220;4.20.2&#8243; _module_preset=&#8220;default&#8220; background_color=&#8220;#f4f4f4&#8243; width=&#8220;100%&#8220; width_phone=&#8220;100%&#8220; width_last_edited=&#8220;off|desktop&#8220; custom_margin=&#8220;||||false|false&#8220; custom_padding=&#8220;20px|20px|20px|20px|false|false&#8220; border_radii=&#8220;on|30px|30px|30px|30px&#8220; global_colors_info=&#8220;{}&#8220;][et_pb_column type=&#8220;3_4&#8243; _builder_version=&#8220;4.19.5&#8243; _module_preset=&#8220;default&#8220; global_colors_info=&#8220;{}&#8220;][et_pb_text _builder_version=&#8220;4.27.2&#8243; _module_preset=&#8220;default&#8220; custom_padding=&#8220;|20px||20px|false|false&#8220; global_colors_info=&#8220;{}&#8220;]<p><span data-teams=\"true\"><span class=\"ui-provider a b c d e f g h i j k l m n o p q r s t u v w x y z ab ac ae af ag ah ai aj ak\" dir=\"ltr\">Wir w\u00fcrden uns sehr freuen, wenn Sie sich angesprochen f\u00fchlen.<br \/>Laden Sie sich gerne alle Infos hier herunter.<\/span><\/span><\/p>[\/et_pb_text][\/et_pb_column][et_pb_column type=&#8220;1_4&#8243; module_class=&#8220;vertikal-zentrieren&#8220; _builder_version=&#8220;4.20.2&#8243; _module_preset=&#8220;default&#8220; global_colors_info=&#8220;{}&#8220;][et_pb_icon font_icon=&#8220;&#xe092;||divi||400&#8243; icon_width=&#8220;50px&#8220; url=&#8220;https:\/\/www.bix-consulting.com\/wp-content\/uploads\/2024\/11\/Zusammenfassung-SAC.pdf&#8220; url_new_window=&#8220;on&#8220; _builder_version=&#8220;4.27.2&#8243; _module_preset=&#8220;default&#8220; global_colors_info=&#8220;{}&#8220;][\/et_pb_icon][\/et_pb_column][\/et_pb_row][\/et_pb_section][et_pb_section fb_built=&#8220;1&#8243; _builder_version=&#8220;4.22.2&#8243; _module_preset=&#8220;default&#8220; background_color=&#8220;#f4f4f4&#8243; locked=&#8220;off&#8220; global_colors_info=&#8220;{}&#8220;][et_pb_row _builder_version=&#8220;4.20.2&#8243; _module_preset=&#8220;default&#8220; global_colors_info=&#8220;{}&#8220;][et_pb_column type=&#8220;4_4&#8243; _builder_version=&#8220;4.20.2&#8243; _module_preset=&#8220;default&#8220; global_colors_info=&#8220;{}&#8220;][et_pb_text admin_label=&#8220;Banner Ansprechpartner&#8220; _builder_version=&#8220;4.22.2&#8243; _module_preset=&#8220;default&#8220; header_3_font=&#8220;||||||||&#8220; header_3_font_size=&#8220;40px&#8220; global_colors_info=&#8220;{}&#8220;]<h3 style=\"text-align: center;\">Ansprech<wbr \/>\u00adpartner<\/h3>[\/et_pb_text][\/et_pb_column][\/et_pb_row][\/et_pb_section][et_pb_section fb_built=&#8220;1&#8243; _builder_version=&#8220;4.20.2&#8243; _module_preset=&#8220;default&#8220; locked=&#8220;off&#8220; global_colors_info=&#8220;{}&#8220;][et_pb_row _builder_version=&#8220;4.20.4&#8243; _module_preset=&#8220;default&#8220; background_color=&#8220;#f4f4f4&#8243; custom_padding=&#8220;0px||||false|false&#8220; custom_css_main_element=&#8220;width: 320px!important;&#8220; border_radii=&#8220;on|30px|30px|30px|30px&#8220; global_colors_info=&#8220;{}&#8220;][et_pb_column type=&#8220;4_4&#8243; _builder_version=&#8220;4.20.2&#8243; _module_preset=&#8220;default&#8220; global_colors_info=&#8220;{}&#8220;][et_pb_image src=&#8220;https:\/\/www.bix-consulting.com\/wp-content\/uploads\/2023\/03\/Frank_320.jpg&#8220; title_text=&#8220;Frank_320&#8243; align=&#8220;center&#8220; _builder_version=&#8220;4.22.1&#8243; _module_preset=&#8220;default&#8220; width=&#8220;320px&#8220; custom_padding=&#8220;10px|10px||10px|false|false&#8220; border_radii=&#8220;off|20px|20px||&#8220; global_colors_info=&#8220;{}&#8220;][\/et_pb_image][et_pb_text _builder_version=&#8220;4.20.4&#8243; _module_preset=&#8220;default&#8220; header_5_font=&#8220;|700|||||||&#8220; header_5_text_align=&#8220;center&#8220; header_5_font_size=&#8220;20px&#8220; header_6_text_align=&#8220;center&#8220; header_6_font_size=&#8220;18px&#8220; custom_padding=&#8220;20px||||false|false&#8220; global_colors_info=&#8220;{}&#8220;]<h5>Frank Liebrand<\/h5>\n<h6>Head of Sales<\/h6>[\/et_pb_text][et_pb_social_media_follow _builder_version=&#8220;4.22.1&#8243; _module_preset=&#8220;default&#8220; text_orientation=&#8220;center&#8220; custom_padding=&#8220;20px||30px||false|false&#8220; global_colors_info=&#8220;{}&#8220;][et_pb_social_media_follow_network social_network=&#8220;linkedin&#8220; url=&#8220;https:\/\/www.linkedin.com\/company\/bix-consulting-gmbh-&#038;-co-kg&#8220; icon_color=&#8220;#000000&#8243; _builder_version=&#8220;4.20.2&#8243; _module_preset=&#8220;default&#8220; background_color=&#8220;RGBA(255,255,255,0)&#8220; background_enable_color=&#8220;on&#8220; custom_button=&#8220;on&#8220; button_text_size=&#8220;0px&#8220; global_colors_info=&#8220;{}&#8220; follow_button=&#8220;off&#8220; url_new_window=&#8220;on&#8220;]linkedin[\/et_pb_social_media_follow_network][et_pb_social_media_follow_network url=&#8220;mailto:vertrieb@bix-consulting.de&#8220; use_icon_font_size=&#8220;on&#8220; _builder_version=&#8220;4.22.1&#8243; _module_preset=&#8220;default&#8220; background_image=&#8220;https:\/\/www.bix-consulting.com\/wp-content\/uploads\/2023\/03\/Briefumschlag02-1.png&#8220; background_enable_image=&#8220;on&#8220; background_size=&#8220;contain&#8220; custom_button=&#8220;on&#8220; button_text_color=&#8220;RGBA(255,255,255,0)&#8220; global_colors_info=&#8220;{}&#8220; follow_button=&#8220;off&#8220; url_new_window=&#8220;on&#8220;][\/et_pb_social_media_follow_network][et_pb_social_media_follow_network social_network=&#8220;xing&#8220; url=&#8220;https:\/\/www.xing.com\/pages\/bixconsultinggmbh-co-kg&#8220; icon_color=&#8220;#000000&#8243; _builder_version=&#8220;4.20.2&#8243; _module_preset=&#8220;default&#8220; background_color=&#8220;RGBA(255,255,255,0)&#8220; background_enable_color=&#8220;on&#8220; global_colors_info=&#8220;{}&#8220; follow_button=&#8220;off&#8220; url_new_window=&#8220;on&#8220;]xing[\/et_pb_social_media_follow_network][\/et_pb_social_media_follow][\/et_pb_column][\/et_pb_row][\/et_pb_section]\n","protected":false},"excerpt":{"rendered":"<p>Mit der SAP Analytics Clouddatengetriebene Entscheidungen zumErfolgsfaktor ihrer Strategie machen! Die SAC als Ihr strategischer Erfolgsfaktor! &nbsp; Ganz gleich, wo Sie derzeit mit der SAP Analytics Cloud (SAC) in Ihrem Unternehmen stehen \u2013 als Ihr vertrauensvoller Beratungspartner begleiten wir Sie gerne. Ob in einem ersten Pre-Sales-Termin, einer Live-Demo f\u00fcr ein Touch &amp; Feel oder einem [&hellip;]<\/p>\n","protected":false},"author":1,"featured_media":0,"parent":0,"menu_order":0,"comment_status":"closed","ping_status":"closed","template":"","meta":{"_et_pb_use_builder":"on","_et_pb_old_content":"","_et_gb_content_width":"","_lmt_disableupdate":"","_lmt_disable":"","_monsterinsights_skip_tracking":false,"_monsterinsights_sitenote_active":false,"_monsterinsights_sitenote_note":"","_monsterinsights_sitenote_category":0,"_uf_show_specific_survey":0,"_uf_disable_surveys":false,"iawp_total_views":2,"footnotes":""},"class_list":["post-8515","page","type-page","status-publish","hentry"],"_links":{"self":[{"href":"https:\/\/www.bix-consulting.com\/en\/wp-json\/wp\/v2\/pages\/8515","targetHints":{"allow":["GET"]}}],"collection":[{"href":"https:\/\/www.bix-consulting.com\/en\/wp-json\/wp\/v2\/pages"}],"about":[{"href":"https:\/\/www.bix-consulting.com\/en\/wp-json\/wp\/v2\/types\/page"}],"author":[{"embeddable":true,"href":"https:\/\/www.bix-consulting.com\/en\/wp-json\/wp\/v2\/users\/1"}],"replies":[{"embeddable":true,"href":"https:\/\/www.bix-consulting.com\/en\/wp-json\/wp\/v2\/comments?post=8515"}],"version-history":[{"count":27,"href":"https:\/\/www.bix-consulting.com\/en\/wp-json\/wp\/v2\/pages\/8515\/revisions"}],"predecessor-version":[{"id":8602,"href":"https:\/\/www.bix-consulting.com\/en\/wp-json\/wp\/v2\/pages\/8515\/revisions\/8602"}],"wp:attachment":[{"href":"https:\/\/www.bix-consulting.com\/en\/wp-json\/wp\/v2\/media?parent=8515"}],"curies":[{"name":"wp","href":"https:\/\/api.w.org\/{rel}","templated":true}]}}