{"id":7137,"date":"2024-01-04T15:43:58","date_gmt":"2024-01-04T14:43:58","guid":{"rendered":"https:\/\/teststage.bix-consulting.com\/?page_id=7137"},"modified":"2025-04-10T08:38:34","modified_gmt":"2025-04-10T06:38:34","slug":"ueber-uns","status":"publish","type":"page","link":"https:\/\/www.bix-consulting.com\/en\/ueber-uns\/","title":{"rendered":"\u00dcber Uns"},"content":{"rendered":"<p>[et_pb_section fb_built=&#8220;1&#8243; admin_label=&#8220;Zwischenbanner&#8220; _builder_version=&#8220;4.23.1&#8243; _module_preset=&#8220;default&#8220; background_color=&#8220;RGBA(255,255,255,0)&#8220; background_image=&#8220;https:\/\/www.bix-consulting.com\/wp-content\/uploads\/2020\/08\/biX_desktop.png&#8220; height=&#8220;300px&#8220; custom_margin=&#8220;95px||||false|false&#8220; animation_style=&#8220;slide&#8220; animation_direction=&#8220;top&#8220; global_colors_info=&#8220;{}&#8220;][\/et_pb_section][et_pb_section fb_built=&#8220;1&#8243; disabled_on=&#8220;off|off|off&#8220; module_id=&#8220;so_arbeiten_wir&#8220; _builder_version=&#8220;4.20.2&#8243; _module_preset=&#8220;default&#8220; background_color=&#8220;#f4f4f4&#8243; global_colors_info=&#8220;{}&#8220;][et_pb_row _builder_version=&#8220;4.19.5&#8243; _module_preset=&#8220;default&#8220; global_colors_info=&#8220;{}&#8220;][et_pb_column type=&#8220;4_4&#8243; _builder_version=&#8220;4.19.5&#8243; _module_preset=&#8220;default&#8220; global_colors_info=&#8220;{}&#8220;][et_pb_text admin_label=&#8220;So arbeiten wir bei biX&#8220; _builder_version=&#8220;4.23.1&#8243; _module_preset=&#8220;default&#8220; header_font=&#8220;||||||||&#8220; global_colors_info=&#8220;{}&#8220;]<\/p>\n<h3 style=\"text-align: center;\"><span>biX steht f\u00fcr Business Integration<\/span><\/h3>\n<p>[\/et_pb_text][\/et_pb_column][\/et_pb_row][\/et_pb_section][et_pb_section fb_built=&#8220;1&#8243; disabled_on=&#8220;on|on|off&#8220; admin_label=&#8220;Sektion Desktop Version&#8220; _builder_version=&#8220;4.23.4&#8243; _module_preset=&#8220;default&#8220; global_colors_info=&#8220;{}&#8220;][et_pb_row column_structure=&#8220;2_3,1_3&#8243; use_custom_gutter=&#8220;on&#8220; gutter_width=&#8220;2&#8243; _builder_version=&#8220;4.23.4&#8243; _module_preset=&#8220;default&#8220; background_color=&#8220;#F4F4F4&#8243; custom_margin=&#8220;||||false|false&#8220; custom_padding=&#8220;20px|20px|20px|20px|false|false&#8220; border_radii=&#8220;on|30px|30px|30px|30px&#8220; global_colors_info=&#8220;{}&#8220;][et_pb_column type=&#8220;2_3&#8243; _builder_version=&#8220;4.23.4&#8243; _module_preset=&#8220;default&#8220; global_colors_info=&#8220;{}&#8220;][et_pb_image src=&#8220;https:\/\/www.bix-consulting.com\/wp-content\/uploads\/2024\/01\/Meeting-aussen_700x527px.webp&#8220; title_text=&#8220;Meeting-aussen_700x527px&#8220; _builder_version=&#8220;4.23.4&#8243; _module_preset=&#8220;default&#8220; custom_padding=&#8220;10px|10px|10px|10px|false|false&#8220; border_radii=&#8220;off|20px|||&#8220; global_colors_info=&#8220;{}&#8220;][\/et_pb_image][et_pb_text _builder_version=&#8220;4.23.4&#8243; _module_preset=&#8220;default&#8220; custom_padding=&#8220;|10px||10px|false|false&#8220; global_colors_info=&#8220;{}&#8220;]<\/p>\n<p style=\"text-align: justify;\">Unsere spezialisierten Berater und erfahrenen Experten-Teams unterst\u00fctzen Sie dabei, die bestm\u00f6gliche BI-L\u00f6sung f\u00fcr Ihr Unternehmen erfolgreich umzusetzen und mit Ihnen die passenden Werkzeuge aus dem SAP BI-Portfolio zu entwickeln. Individuelle Betreuung, innovative Technik und Know-How sorgen f\u00fcr die reibungslose und anwenderfreundliche Integration von Daten aus unterschiedlichen Quellen und deren Auswertung in Systemen der SAP und anderer Anbieter.<\/p>\n<p>[\/et_pb_text][\/et_pb_column][et_pb_column type=&#8220;1_3&#8243; _builder_version=&#8220;4.23.4&#8243; _module_preset=&#8220;default&#8220; global_colors_info=&#8220;{}&#8220;][et_pb_text _builder_version=&#8220;4.23.4&#8243; _module_preset=&#8220;default&#8220; custom_padding=&#8220;10px|10px|10px|10px|false|false&#8220; global_colors_info=&#8220;{}&#8220;]<\/p>\n<h2 style=\"text-align: left;\"><span>Business Intelligence mit biX<\/span><\/h2>\n<p style=\"text-align: justify;\">biX steht f\u00fcr Business Integration Excellence und bietet seit \u00fcber zehn Jahren Consulting, Service und Business Intelligence (BI)-Solutions auf h\u00f6chstem Niveau. Wir sind f\u00fcr unsere Kunden ein zuverl\u00e4ssiger Partner f\u00fcr hochwertige und praxistaugliche 360\u00b0 \u2013 Dienstleistungen rund um Analyse, Planung und Reporting.<\/p>\n<p style=\"text-align: justify;\">Daten sind die Basis f\u00fcr eine fundierte Unternehmensstrategie und machen Erfolge planbar. Business Intelligence verkn\u00fcpft die Kennzahlen aus den unterschiedlichen Gesch\u00e4ftsbereichen und liefert wertvolle Erkenntnisse f\u00fcr Management, Marketing, Controlling, Vertrieb und Personal. Als modernes, intelligentes Unternehmen wissen Sie, wie sich Prozesse optimieren, Kosten senken und Kunden begeistern lassen.<\/p>\n<p style=\"text-align: justify;\">Grundlage von erfolgreicher Business Intelligence mit biX ist: Wir wollen die Gesch\u00e4ftsprozesse unserer Kunden genau verstehen und konzipieren ganzheitliche, integrierte L\u00f6sungen und ma\u00dfgeschneiderte Serviceangebote \u2013 ganz gleich f\u00fcr welche Branche, ob f\u00fcr international t\u00e4tige Konzerne, Mittelstand oder kleine Unternehmen.<\/p>\n<p>[\/et_pb_text][\/et_pb_column][\/et_pb_row][\/et_pb_section][et_pb_section fb_built=&#8220;1&#8243; disabled_on=&#8220;off|off|on&#8220; admin_label=&#8220;Sektion Mobile Version&#8220; _builder_version=&#8220;4.23.4&#8243; _module_preset=&#8220;default&#8220; global_colors_info=&#8220;{}&#8220;][et_pb_row column_structure=&#8220;2_3,1_3&#8243; use_custom_gutter=&#8220;on&#8220; gutter_width=&#8220;2&#8243; _builder_version=&#8220;4.23.4&#8243; _module_preset=&#8220;default&#8220; background_color=&#8220;#F4F4F4&#8243; custom_margin=&#8220;||||false|false&#8220; custom_padding=&#8220;20px|20px|20px|20px|false|false&#8220; border_radii=&#8220;on|30px|30px|30px|30px&#8220; global_colors_info=&#8220;{}&#8220;][et_pb_column type=&#8220;2_3&#8243; _builder_version=&#8220;4.23.4&#8243; _module_preset=&#8220;default&#8220; global_colors_info=&#8220;{}&#8220;][et_pb_image src=&#8220;https:\/\/www.bix-consulting.com\/wp-content\/uploads\/2024\/01\/Meeting-aussen_700x527px.webp&#8220; title_text=&#8220;Meeting-aussen_700x527px&#8220; _builder_version=&#8220;4.23.4&#8243; _module_preset=&#8220;default&#8220; custom_padding=&#8220;10px|10px|10px|10px|false|false&#8220; border_radii=&#8220;off|20px|20px||&#8220; global_colors_info=&#8220;{}&#8220;][\/et_pb_image][\/et_pb_column][et_pb_column type=&#8220;1_3&#8243; _builder_version=&#8220;4.23.4&#8243; _module_preset=&#8220;default&#8220; global_colors_info=&#8220;{}&#8220;][et_pb_text _builder_version=&#8220;4.23.4&#8243; _module_preset=&#8220;default&#8220; custom_padding=&#8220;10px|10px|10px|10px|false|false&#8220; global_colors_info=&#8220;{}&#8220;]<\/p>\n<h2 style=\"text-align: left;\"><span>Business Intelligence mit biX<\/span><\/h2>\n<p style=\"text-align: justify;\">biX steht f\u00fcr Business Integration Excellence und bietet seit \u00fcber zehn Jahren Consulting, Service und Business Intelligence (BI)-Solutions auf h\u00f6chstem Niveau. Wir sind f\u00fcr unsere Kunden ein zuverl\u00e4ssiger Partner f\u00fcr hochwertige und praxistaugliche 360\u00b0 \u2013 Dienstleistungen rund um Analyse, Planung und Reporting.<\/p>\n<p style=\"text-align: justify;\">Daten sind die Basis f\u00fcr eine fundierte Unternehmensstrategie und machen Erfolge planbar. Business Intelligence verkn\u00fcpft die Kennzahlen aus den unterschiedlichen Gesch\u00e4ftsbereichen und liefert wertvolle Erkenntnisse f\u00fcr Management, Marketing, Controlling, Vertrieb und Personal. Als modernes, intelligentes Unternehmen wissen Sie, wie sich Prozesse optimieren, Kosten senken und Kunden begeistern lassen.<\/p>\n<p style=\"text-align: justify;\">Grundlage von erfolgreicher Business Intelligence mit biX ist: Wir wollen die Gesch\u00e4ftsprozesse unserer Kunden genau verstehen und konzipieren ganzheitliche, integrierte L\u00f6sungen und ma\u00dfgeschneiderte Serviceangebote \u2013 ganz gleich f\u00fcr welche Branche, ob f\u00fcr international t\u00e4tige Konzerne, Mittelstand oder kleine Unternehmen.<\/p>\n<p>[\/et_pb_text][et_pb_text _builder_version=&#8220;4.23.4&#8243; _module_preset=&#8220;default&#8220; custom_padding=&#8220;|10px||10px|false|false&#8220; global_colors_info=&#8220;{}&#8220;]<\/p>\n<p style=\"text-align: justify;\">Unsere spezialisierten Berater und erfahrenen Experten-Teams unterst\u00fctzen Sie dabei, die bestm\u00f6gliche BI-L\u00f6sung f\u00fcr Ihr Unternehmen erfolgreich umzusetzen und mit Ihnen die passenden Werkzeuge aus dem SAP BI-Portfolio zu entwickeln. Individuelle Betreuung, innovative Technik und Know-How sorgen f\u00fcr die reibungslose und anwenderfreundliche Integration von Daten aus unterschiedlichen Quellen und deren Auswertung in Systemen der SAP und anderer Anbieter.<\/p>\n<p>[\/et_pb_text][\/et_pb_column][\/et_pb_row][\/et_pb_section][et_pb_section fb_built=&#8220;1&#8243; disabled_on=&#8220;off|off|off&#8220; module_id=&#8220;mitarbeiters&#8220; _builder_version=&#8220;4.19.5&#8243; _module_preset=&#8220;default&#8220; background_color=&#8220;#f4f4f4&#8243; global_colors_info=&#8220;{}&#8220;][et_pb_row _builder_version=&#8220;4.19.5&#8243; _module_preset=&#8220;default&#8220; custom_padding=&#8220;13px|||||&#8220; global_colors_info=&#8220;{}&#8220;][et_pb_column type=&#8220;4_4&#8243; _builder_version=&#8220;4.19.5&#8243; _module_preset=&#8220;default&#8220; global_colors_info=&#8220;{}&#8220;][et_pb_text admin_label=&#8220;Stimmen unserer Mitarbeiter&#8220; _builder_version=&#8220;4.23.4&#8243; _module_preset=&#8220;default&#8220; global_colors_info=&#8220;{}&#8220;]<\/p>\n<h1 style=\"text-align: center;\">IHR ERFOLG IST UNSER ERFOLG!<\/h1>\n<p>[\/et_pb_text][\/et_pb_column][\/et_pb_row][\/et_pb_section][et_pb_section fb_built=&#8220;1&#8243; disabled_on=&#8220;on|on|off&#8220; admin_label=&#8220;Partner Desktop Version&#8220; _builder_version=&#8220;4.23.4&#8243; _module_preset=&#8220;default&#8220; custom_margin=&#8220;||||false|false&#8220; custom_padding=&#8220;||||false|false&#8220; locked=&#8220;off&#8220; global_colors_info=&#8220;{}&#8220;][et_pb_row column_structure=&#8220;2_5,3_5&#8243; use_custom_gutter=&#8220;on&#8220; gutter_width=&#8220;2&#8243; make_equal=&#8220;on&#8220; _builder_version=&#8220;4.23.4&#8243; _module_preset=&#8220;default&#8220; custom_margin=&#8220;||||false|false&#8220; custom_padding=&#8220;20px|20px|20px|20px|false|false&#8220; global_colors_info=&#8220;{}&#8220;][et_pb_column type=&#8220;2_5&#8243; _builder_version=&#8220;4.23.4&#8243; _module_preset=&#8220;default&#8220; global_colors_info=&#8220;{}&#8220;][et_pb_text _builder_version=&#8220;4.23.4&#8243; _module_preset=&#8220;default&#8220; custom_margin=&#8220;||||false|false&#8220; custom_padding=&#8220;10px|10px|10px|10px|false|false&#8220; global_colors_info=&#8220;{}&#8220;]<\/p>\n<p style=\"text-align: justify;\">Reporting und Analyse sind wesentliche Bestandteile der Unternehmenssteuerung und des Berichtswesens. Ob Data Warehouse, Data Lake oder operative Systeme \u2013 der Anwender sollte jederzeit Entscheidungen auf Basis von Echtzeitdaten treffen k\u00f6nnen \u2013 einfach, schnell und ohne allzu gro\u00dfes technisches Vorwissen.<\/p>\n<p style=\"text-align: justify;\">Mit biX optimieren und beschleunigen Sie Ihre Betriebsprozesse ganzheitlich. Unsere Consultants sind bestens qualifiziert und beraten Sie kompetent zu den aktuellsten SAP-BI-Technologiethemen \u2013 von der Strategie \u00fcber die Konzeption bis hin zur Implementierung einer individuell auf Ihr Unternehmen zugeschnittenen BI-Architektur.<\/p>\n<p style=\"text-align: justify;\">Unsere Mitarbeiter agieren an der Schnittstelle zwischen Fachabteilungen und IT und begleiten Sie Schritt f\u00fcr Schritt von der Anforderungs-analyse \u00fcber die Konzeption, Design und Realisierung bis hin zum Go Life. Durch unser gro\u00dfes Partnernetzwerk sind wir in der Lage, die ganze BI-Bandbreite abzudecken und die unterschiedlichsten Anforderungen zu erf\u00fcllen.<\/p>\n<p>[\/et_pb_text][\/et_pb_column][et_pb_column type=&#8220;3_5&#8243; module_class=&#8220;vertikal-zentrieren&#8220; _builder_version=&#8220;4.23.4&#8243; _module_preset=&#8220;default&#8220; global_colors_info=&#8220;{}&#8220;][et_pb_image src=&#8220;https:\/\/www.bix-consulting.com\/wp-content\/uploads\/2024\/01\/handshake_700x517px.webp&#8220; title_text=&#8220;handshake_700x517px&#8220; show_bottom_space=&#8220;off&#8220; _builder_version=&#8220;4.23.4&#8243; _module_preset=&#8220;default&#8220; custom_padding=&#8220;|10px||10px|false|false&#8220; border_radii=&#8220;off||20px|20px|&#8220; global_colors_info=&#8220;{}&#8220;][\/et_pb_image][\/et_pb_column][\/et_pb_row][\/et_pb_section][et_pb_section fb_built=&#8220;1&#8243; disabled_on=&#8220;off|off|on&#8220; admin_label=&#8220;Partner Mobile Version&#8220; _builder_version=&#8220;4.23.4&#8243; _module_preset=&#8220;default&#8220; custom_margin=&#8220;||0px||false|false&#8220; custom_padding=&#8220;||0px||false|false&#8220; locked=&#8220;off&#8220; global_colors_info=&#8220;{}&#8220;][et_pb_row use_custom_gutter=&#8220;on&#8220; gutter_width=&#8220;2&#8243; make_equal=&#8220;on&#8220; custom_padding_last_edited=&#8220;off|desktop&#8220; _builder_version=&#8220;4.23.4&#8243; _module_preset=&#8220;default&#8220; custom_margin=&#8220;||||false|false&#8220; custom_padding=&#8220;20px|20px|0px|20px|false|false&#8220; global_colors_info=&#8220;{}&#8220;][et_pb_column type=&#8220;4_4&#8243; _builder_version=&#8220;4.23.4&#8243; _module_preset=&#8220;default&#8220; global_colors_info=&#8220;{}&#8220;][et_pb_image src=&#8220;https:\/\/www.bix-consulting.com\/wp-content\/uploads\/2024\/01\/handshake_700x517px.webp&#8220; title_text=&#8220;handshake_700x517px&#8220; show_bottom_space=&#8220;off&#8220; _builder_version=&#8220;4.23.4&#8243; _module_preset=&#8220;default&#8220; custom_padding=&#8220;|10px||10px|false|false&#8220; border_radii=&#8220;off||20px|20px|&#8220; border_radii_tablet=&#8220;off|20px|20px|0px|&#8220; border_radii_phone=&#8220;off|20px|20px|0px|&#8220; border_radii_last_edited=&#8220;on|tablet&#8220; global_colors_info=&#8220;{}&#8220;][\/et_pb_image][et_pb_text _builder_version=&#8220;4.23.4&#8243; _module_preset=&#8220;default&#8220; custom_margin=&#8220;||||false|false&#8220; custom_padding=&#8220;10px|10px||10px|false|false&#8220; global_colors_info=&#8220;{}&#8220;]<\/p>\n<p style=\"text-align: justify;\">Reporting und Analyse sind wesentliche Bestandteile der Unternehmenssteuerung und des Berichtswesens. Ob Data Warehouse, Data Lake oder operative Systeme \u2013 der Anwender sollte jederzeit Entscheidungen auf Basis von Echtzeitdaten treffen k\u00f6nnen \u2013 einfach, schnell und ohne allzu gro\u00dfes technisches Vorwissen.<\/p>\n<p style=\"text-align: justify;\">Mit biX optimieren und beschleunigen Sie Ihre Betriebsprozesse ganzheitlich. Unsere Consultants sind bestens qualifiziert und beraten Sie kompetent zu den aktuellsten SAP-BI-Technologiethemen \u2013 von der Strategie \u00fcber die Konzeption bis hin zur Implementierung einer individuell auf Ihr Unternehmen zugeschnittenen BI-Architektur.<\/p>\n<p style=\"text-align: justify;\">Unsere Mitarbeiter agieren an der Schnittstelle zwischen Fachabteilungen und IT und begleiten Sie Schritt f\u00fcr Schritt von der Anforderungs-analyse \u00fcber die Konzeption, Design und Realisierung bis hin zum Go Life. Durch unser gro\u00dfes Partnernetzwerk sind wir in der Lage, die ganze BI-Bandbreite abzudecken und die unterschiedlichsten Anforderungen zu erf\u00fcllen.<\/p>\n<p>[\/et_pb_text][\/et_pb_column][\/et_pb_row][\/et_pb_section][et_pb_section fb_built=&#8220;1&#8243; _builder_version=&#8220;4.23.4&#8243; _module_preset=&#8220;default&#8220; global_colors_info=&#8220;{}&#8220;][et_pb_row column_structure=&#8220;3_5,2_5&#8243; use_custom_gutter=&#8220;on&#8220; gutter_width=&#8220;2&#8243; _builder_version=&#8220;4.23.4&#8243; _module_preset=&#8220;default&#8220; background_color=&#8220;#F4F4F4&#8243; custom_margin=&#8220;||||false|false&#8220; custom_padding=&#8220;20px|20px|20px|20px|false|false&#8220; border_radii=&#8220;on|30px|30px|30px|30px&#8220; global_colors_info=&#8220;{}&#8220;][et_pb_column type=&#8220;3_5&#8243; _builder_version=&#8220;4.23.4&#8243; _module_preset=&#8220;default&#8220; global_colors_info=&#8220;{}&#8220;][et_pb_image src=&#8220;https:\/\/www.bix-consulting.com\/wp-content\/uploads\/2024\/01\/Meetingraum_700x397px.webp&#8220; title_text=&#8220;Meetingraum_700x397px&#8220; _builder_version=&#8220;4.23.4&#8243; _module_preset=&#8220;default&#8220; custom_padding=&#8220;10px|10px|10px|10px|false|false&#8220; border_radii=&#8220;off|20px|||20px&#8220; border_radii_tablet=&#8220;off|20px|20px||0px&#8220; border_radii_phone=&#8220;off|20px|20px||0px&#8220; border_radii_last_edited=&#8220;on|phone&#8220; global_colors_info=&#8220;{}&#8220;][\/et_pb_image][\/et_pb_column][et_pb_column type=&#8220;2_5&#8243; _builder_version=&#8220;4.23.4&#8243; _module_preset=&#8220;default&#8220; global_colors_info=&#8220;{}&#8220;][et_pb_text _builder_version=&#8220;4.23.4&#8243; _module_preset=&#8220;default&#8220; custom_padding=&#8220;10px|10px|10px|10px|false|false&#8220; global_colors_info=&#8220;{}&#8220;]<\/p>\n<h2 class=\"elementor-heading-title elementor-size-default\">Wir sind an Ihrer Seite!<\/h2>\n<p style=\"text-align: justify;\">Alles, was wir beraten und konzipieren, k\u00f6nnen wir auch umsetzen. Als SAP Silver Partner integrieren wir operative und strategische Kennzahlen und schaffen ein verl\u00e4ssliches DataWarehouse als \u201eSingle Point of Truth\u201c. Wir erstellen eine intelligente Infrastruktur f\u00fcr eine optimale Reportinglandschaft und Analyse. Wo es sinnvoll und n\u00f6tigt ist, erg\u00e4nzen und erweitern wir das SAP-Portfolio und entwickeln eigene Tools f\u00fcr Aufgabenstellungen, die \u00fcber Standards hinausgehen.<br \/>F\u00fcr den reibungslosen Betrieb betreut Sie ein pers\u00f6nlicher Service Manager. S\u00e4mtliche Umsetzungs-Phasen durchlaufen wir gemeinsam. Durch Experten-Trainings und Workshops bleiben Sie stets up to date und k\u00f6nnen Ihre Kenntnisse vertiefen.<\/p>\n<p>[\/et_pb_text][\/et_pb_column][\/et_pb_row][\/et_pb_section]<\/p>\n","protected":false},"excerpt":{"rendered":"<p>biX steht f\u00fcr Business IntegrationUnsere spezialisierten Berater und erfahrenen Experten-Teams unterst\u00fctzen Sie dabei, die bestm\u00f6gliche BI-L\u00f6sung f\u00fcr Ihr Unternehmen erfolgreich umzusetzen und mit Ihnen die passenden Werkzeuge aus dem SAP BI-Portfolio zu entwickeln. Individuelle Betreuung, innovative Technik und Know-How sorgen f\u00fcr die reibungslose und anwenderfreundliche Integration von Daten aus unterschiedlichen Quellen und deren Auswertung in [&hellip;]<\/p>\n","protected":false},"author":1,"featured_media":0,"parent":0,"menu_order":0,"comment_status":"closed","ping_status":"closed","template":"","meta":{"_et_pb_use_builder":"on","_et_pb_old_content":"","_et_gb_content_width":"","_lmt_disableupdate":"no","_lmt_disable":"","_monsterinsights_skip_tracking":false,"_monsterinsights_sitenote_active":false,"_monsterinsights_sitenote_note":"","_monsterinsights_sitenote_category":0,"_uf_show_specific_survey":0,"_uf_disable_surveys":false,"iawp_total_views":688,"footnotes":""},"class_list":["post-7137","page","type-page","status-publish","hentry"],"_links":{"self":[{"href":"https:\/\/www.bix-consulting.com\/en\/wp-json\/wp\/v2\/pages\/7137","targetHints":{"allow":["GET"]}}],"collection":[{"href":"https:\/\/www.bix-consulting.com\/en\/wp-json\/wp\/v2\/pages"}],"about":[{"href":"https:\/\/www.bix-consulting.com\/en\/wp-json\/wp\/v2\/types\/page"}],"author":[{"embeddable":true,"href":"https:\/\/www.bix-consulting.com\/en\/wp-json\/wp\/v2\/users\/1"}],"replies":[{"embeddable":true,"href":"https:\/\/www.bix-consulting.com\/en\/wp-json\/wp\/v2\/comments?post=7137"}],"version-history":[{"count":2,"href":"https:\/\/www.bix-consulting.com\/en\/wp-json\/wp\/v2\/pages\/7137\/revisions"}],"predecessor-version":[{"id":8686,"href":"https:\/\/www.bix-consulting.com\/en\/wp-json\/wp\/v2\/pages\/7137\/revisions\/8686"}],"wp:attachment":[{"href":"https:\/\/www.bix-consulting.com\/en\/wp-json\/wp\/v2\/media?parent=7137"}],"curies":[{"name":"wp","href":"https:\/\/api.w.org\/{rel}","templated":true}]}}