{"id":7107,"date":"2024-01-03T10:34:40","date_gmt":"2024-01-03T09:34:40","guid":{"rendered":"https:\/\/teststage.bix-consulting.com\/?page_id=7107"},"modified":"2025-04-22T09:59:12","modified_gmt":"2025-04-22T07:59:12","slug":"start","status":"publish","type":"page","link":"https:\/\/www.bix-consulting.com\/en\/","title":{"rendered":"Partner for your business"},"content":{"rendered":"<p>[et_pb_section fb_built=&#8220;1&#8243; admin_label=&#8220;Zwischenbanner&#8220; _builder_version=&#8220;4.24.2&#8243; _module_preset=&#8220;default&#8220; background_color=&#8220;RGBA(255,255,255,0)&#8220; background_image=&#8220;https:\/\/www.bix-consulting.com\/wp-content\/uploads\/2020\/08\/biX_desktop.png&#8220; height=&#8220;300px&#8220; custom_margin=&#8220;95px||||false|false&#8220; animation_style=&#8220;slide&#8220; animation_direction=&#8220;top&#8220; global_colors_info=&#8220;{}&#8220;][\/et_pb_section][et_pb_section fb_built=&#8220;1&#8243; disabled_on=&#8220;off|on|on&#8220; _builder_version=&#8220;4.24.2&#8243; _module_preset=&#8220;default&#8220; background_color=&#8220;#14243d&#8220; z_index=&#8220;7&#8243; custom_padding=&#8220;0px||0px||false|false&#8220; link_option_url=&#8220;https:\/\/www.bix-consulting.com\/webinar\/&#8220; sticky_position=&#8220;top&#8220; global_colors_info=&#8220;{}&#8220;][\/et_pb_section][et_pb_section fb_built=&#8220;1&#8243; disabled_on=&#8220;off|off|off&#8220; module_id=&#8220;so_arbeiten_wir&#8220; _builder_version=&#8220;4.24.2&#8243; _module_preset=&#8220;default&#8220; background_color=&#8220;#f4f4f4&#8243; global_colors_info=&#8220;{}&#8220;][et_pb_row _builder_version=&#8220;4.19.5&#8243; _module_preset=&#8220;default&#8220; global_colors_info=&#8220;{}&#8220;][et_pb_column type=&#8220;4_4&#8243; _builder_version=&#8220;4.19.5&#8243; _module_preset=&#8220;default&#8220; global_colors_info=&#8220;{}&#8220;][et_pb_text admin_label=&#8220;So arbeiten wir bei biX&#8220; _builder_version=&#8220;4.23.1&#8243; _module_preset=&#8220;default&#8220; header_font=&#8220;||||||||&#8220; global_colors_info=&#8220;{}&#8220;]<\/p>\n<h3 style=\"text-align: center;\"><span>Konzepte und L\u00f6sungen f\u00fcr das digitale Unternehmen<\/span><\/h3>\n<p>[\/et_pb_text][\/et_pb_column][\/et_pb_row][\/et_pb_section][et_pb_section fb_built=&#8220;1&#8243; fullwidth=&#8220;on&#8220; disabled_on=&#8220;on|on|on&#8220; _builder_version=&#8220;4.25.1&#8243; _module_preset=&#8220;default&#8220; disabled=&#8220;on&#8220; global_colors_info=&#8220;{}&#8220;][et_pb_fullwidth_image src=&#8220;https:\/\/www.bix-consulting.com\/wp-content\/uploads\/2024\/06\/2024_Kundentag-SAP_Banner_100_DE.png&#8220; title_text=&#8220;2024_Kundentag SAP_Banner_100_DE&#8220; url=&#8220;https:\/\/www.bix-consulting.com\/anmeldeformular\/&#8220; disabled_on=&#8220;off|on|on&#8220; _builder_version=&#8220;4.25.1&#8243; _module_preset=&#8220;default&#8220; global_colors_info=&#8220;{}&#8220;][\/et_pb_fullwidth_image][\/et_pb_section][et_pb_section fb_built=&#8220;1&#8243; admin_label=&#8220;Unterehmensphilosophie&#8220; _builder_version=&#8220;4.24.2&#8243; _module_preset=&#8220;default&#8220; background_color=&#8220;#FFFFFF&#8220; background_enable_image=&#8220;off&#8220; custom_padding=&#8220;10px||||false|false&#8220; scroll_fade=&#8220;0|100|100|100|0|100|100&#8243; motion_trigger_start=&#8220;bottom&#8220; global_colors_info=&#8220;{}&#8220;][et_pb_row column_structure=&#8220;2_3,1_3&#8243; make_equal=&#8220;on&#8220; _builder_version=&#8220;4.23.1&#8243; _module_preset=&#8220;default&#8220; background_color=&#8220;#F4F4F4&#8243; custom_margin=&#8220;||||false|false&#8220; custom_padding=&#8220;30px|||0px|false|false&#8220; border_radii=&#8220;off|30px|30px|30px|30px&#8220; global_colors_info=&#8220;{}&#8220;][et_pb_column type=&#8220;2_3&#8243; _builder_version=&#8220;4.19.5&#8243; _module_preset=&#8220;default&#8220; custom_padding=&#8220;|30px||30px|false|true&#8220; global_colors_info=&#8220;{}&#8220;][et_pb_image src=&#8220;https:\/\/www.bix-consulting.com\/wp-content\/uploads\/2024\/02\/walk-mit-Think-biX.png&#8220; title_text=&#8220;walk mit Think biX&#8220; _builder_version=&#8220;4.24.0&#8243; _module_preset=&#8220;default&#8220; custom_padding=&#8220;||20px||false|false&#8220; border_radii=&#8220;off|15px|||15px&#8220; border_radii_tablet=&#8220;off|15px|15px||0px&#8220; border_radii_phone=&#8220;off|15px|15px||0px&#8220; border_radii_last_edited=&#8220;on|desktop&#8220; global_colors_info=&#8220;{}&#8220;][\/et_pb_image][\/et_pb_column][et_pb_column type=&#8220;1_3&#8243; module_class=&#8220;vertikal-zentrieren&#8220; _builder_version=&#8220;4.23.1&#8243; _module_preset=&#8220;default&#8220; custom_padding=&#8220;|30px||10px|false|false&#8220; global_colors_info=&#8220;{}&#8220;][et_pb_text admin_label=&#8220;Qualit\u00e4t braucht Entwicklung&#8220; _builder_version=&#8220;4.24.0&#8243; _module_preset=&#8220;default&#8220; header_3_text_color=&#8220;#F18900&#8243; header_5_font=&#8220;||||||||&#8220; header_5_text_color=&#8220;#F18900&#8243; custom_margin=&#8220;||||false|false&#8220; custom_margin_tablet=&#8220;||||false|false&#8220; custom_margin_phone=&#8220;||||false|false&#8220; custom_margin_last_edited=&#8220;on|phone&#8220; custom_padding=&#8220;|||20px|false|false&#8220; global_colors_info=&#8220;{}&#8220;]<\/p>\n<h2 class=\"elementor-heading-title elementor-size-default\" style=\"text-align: left;\"><span>biX Consulting &#8211;<br \/>Partner f\u00fcr Ihr Business<\/span><\/h2>\n<p style=\"text-align: justify;\">Die Digitalisierung und der tiefgreifende gesellschaftliche und wirtschaftliche Wandel stellen die Unternehmen vor gro\u00dfe Heraus\u00adforderungen. Es gilt, schnell auf Ver\u00e4nderungen zu reagieren und systematisch neue Potenziale zu erschlie\u00dfen.<\/p>\n<p style=\"text-align: justify;\">biX Consulting begleitet Sie in diesem Prozess durch innovative Konzepte, agile und solide Umsetzungsprozesse sowie durch einen zuverl\u00e4ssigen\u00a0Betrieb. Wir identifizieren mit Ihnen das Potenzial f\u00fcr eine digitale Transformation und realisieren innovative und wirtschaftliche L\u00f6sungen und Gesch\u00e4ftsmodelle.<\/p>\n<p>[\/et_pb_text][\/et_pb_column][\/et_pb_row][\/et_pb_section][et_pb_section fb_built=&#8220;1&#8243; disabled_on=&#8220;off|off|off&#8220; module_id=&#8220;mitarbeiters&#8220; _builder_version=&#8220;4.19.5&#8243; _module_preset=&#8220;default&#8220; background_color=&#8220;#f4f4f4&#8243; global_colors_info=&#8220;{}&#8220;][et_pb_row _builder_version=&#8220;4.19.5&#8243; _module_preset=&#8220;default&#8220; custom_padding=&#8220;13px|||||&#8220; global_colors_info=&#8220;{}&#8220;][et_pb_column type=&#8220;4_4&#8243; _builder_version=&#8220;4.19.5&#8243; _module_preset=&#8220;default&#8220; global_colors_info=&#8220;{}&#8220;][et_pb_text admin_label=&#8220;Stimmen unserer Mitarbeiter&#8220; _builder_version=&#8220;4.24.0&#8243; _module_preset=&#8220;default&#8220; global_colors_info=&#8220;{}&#8220;]<\/p>\n<h3 style=\"text-align: center;\">Langfristige Partner&shy;schaften<\/h3>\n<p>[\/et_pb_text][\/et_pb_column][\/et_pb_row][\/et_pb_section][et_pb_section fb_built=&#8220;1&#8243; admin_label=&#8220;Partner&#8220; _builder_version=&#8220;4.23.1&#8243; _module_preset=&#8220;default&#8220; custom_margin=&#8220;||0px||false|false&#8220; custom_padding=&#8220;||0px||false|false&#8220; locked=&#8220;off&#8220; global_colors_info=&#8220;{}&#8220;][et_pb_row _builder_version=&#8220;4.23.1&#8243; _module_preset=&#8220;default&#8220; custom_margin=&#8220;||0px||false|false&#8220; custom_padding=&#8220;||0px||false|false&#8220; global_colors_info=&#8220;{}&#8220;][et_pb_column type=&#8220;4_4&#8243; _builder_version=&#8220;4.20.2&#8243; _module_preset=&#8220;default&#8220; global_colors_info=&#8220;{}&#8220;][et_pb_text _builder_version=&#8220;4.27.4&#8243; _module_preset=&#8220;default&#8220; custom_margin=&#8220;|10px||10px|false|false&#8220; custom_margin_tablet=&#8220;|10px||10px|false|false&#8220; custom_margin_phone=&#8220;|10px||10px|false|false&#8220; custom_margin_last_edited=&#8220;on|tablet&#8220; custom_padding=&#8220;|20px||20px|false|false&#8220; custom_padding_tablet=&#8220;|0px||0px|false|false&#8220; custom_padding_phone=&#8220;|0px||0px|false|false&#8220; custom_padding_last_edited=&#8220;on|phone&#8220; global_colors_info=&#8220;{}&#8220;]<\/p>\n<p style=\"text-align: justify;\">biX Consulting steht f\u00fcr \u201eintegration\u201c. Zentral bedeutet dies, uns nicht auf einen Softwarepartner festzulegen, sondern unsere Kunden unabh\u00e4ngig und zielf\u00fchrend zu beraten. Durch erfolgreich abgeschlossene Kundenprojekte und ein gro\u00dfes Team von hochqualifizierten Beratern konnte sich biX Consulting als SAP Silver Partner und Tableau Service Partner qualifizieren. Des Weiteren z\u00e4hlt auch Microsoft zu unseren Partnern \u2013 dies im Kontext des Frontend-Tools Power BI sowie auch in Bezug auf einen unserer Beratungsschwerpunkte Data Platform. Zu diesen Werkzeugen z\u00e4hlen z.B. Azure Synapse, wie auch Azure Data Factory und MS Fabric. Zuletzt ist biX Consulting auch Databricks Service und Consulting Partner.<\/p>\n<p style=\"text-align: justify;\">Insbesondere in der Schnittstelle zum SAP System ist biX Consulting stark. So beraten wir nicht nur einzelne Technologien, sondern integrieren Technologien diverser Softwareanbieter mit SAP und implementieren das richtige Set-Up f\u00fcr eine leistungsstarke Performance.<\/p>\n<p style=\"text-align: justify;\">Diverse Auszeichnungen unterstreichen den hohen Leistungsanspruch an unsere Beratung, unsere strategische Ausrichtung und das Know-how aller biX Experten. Wir sind sehr stolz, dass wir auf eine Vielzahl erfolgreich abgeschlossener Kundenprojekte zur\u00fcckblicken k\u00f6nnen, die genau das best\u00e4tigen.<\/p>\n<p>[\/et_pb_text][lwp_image_carousel gallery_ids=&#8220;5301,5088,8681,7241,7242,7246,7251,7252,7917,8053,8054,8055&#8243; slides_show=&#8220;4&#8243; show_dots=&#8220;off&#8220; show_arrows=&#8220;off&#8220; autoplay_animation=&#8220;on&#8220; pause_on_hover=&#8220;off&#8220; infinite_animation=&#8220;on&#8220; adaptive_height=&#8220;off&#8220; _builder_version=&#8220;4.27.4&#8243; _module_preset=&#8220;default&#8220; custom_margin=&#8220;30px||||false|false&#8220; hover_enabled=&#8220;0&#8243; border_width_all_image=&#8220;30px&#8220; border_color_all_image=&#8220;RGBA(255,255,255,0)&#8220; border_width_all_center_image=&#8220;31px&#8220; border_color_all_center_image=&#8220;RGBA(255,255,255,0)&#8220; global_colors_info=&#8220;{}&#8220; sticky_enabled=&#8220;0&#8243;][\/lwp_image_carousel][\/et_pb_column][\/et_pb_row][\/et_pb_section][et_pb_section fb_built=&#8220;1&#8243; admin_label=&#8220;Unterehmensphilosophie&#8220; _builder_version=&#8220;4.19.5&#8243; _module_preset=&#8220;default&#8220; background_color=&#8220;#FFFFFF&#8220; background_enable_image=&#8220;off&#8220; global_colors_info=&#8220;{}&#8220;][et_pb_row make_equal=&#8220;on&#8220; _builder_version=&#8220;4.23.1&#8243; _module_preset=&#8220;default&#8220; background_color=&#8220;#f4f4f4&#8243; custom_margin=&#8220;||||false|false&#8220; custom_padding=&#8220;30px||||false|false&#8220; border_radii=&#8220;off|30px|30px|30px|30px&#8220; global_colors_info=&#8220;{}&#8220;][et_pb_column type=&#8220;4_4&#8243; module_class=&#8220;vertikal-zentrieren&#8220; _builder_version=&#8220;4.23.1&#8243; _module_preset=&#8220;default&#8220; custom_padding=&#8220;|30px||30px|false|false&#8220; global_colors_info=&#8220;{}&#8220;][et_pb_text admin_label=&#8220;Qualit\u00e4t braucht Entwicklung&#8220; _builder_version=&#8220;4.24.0&#8243; _module_preset=&#8220;default&#8220; header_3_text_color=&#8220;#F18900&#8243; header_5_font=&#8220;||||||||&#8220; header_5_text_color=&#8220;#F18900&#8243; global_colors_info=&#8220;{}&#8220;]<\/p>\n<h2 class=\"elementor-heading-title elementor-size-default\"><span>Business Intelligence mit biX<\/span><\/h2>\n<p style=\"text-align: justify;\"><span>Unser Gesch\u00e4ftsbereich Consulting umfasst alle Leistungen zur Auswahl und Implementierung von BI-Architekturen, zur Entwicklung und Implementierung von L\u00f6sungen und Tools im Backend-Bereich sowie zur Evaluation, Auswahl und Implementierung von Frontend-Anwendungen. In diesem Umfeld stehen wir unseren Kunden f\u00fcr den gesamten Lebenszyklus von BI-Systemen zur Verf\u00fcgung \u2013 von der ersten Idee, \u00fcber Schulungen und Coachings nach der Entwicklung und Inbetriebnahme bis hin zu einer systematischen Weiterentwicklung der L\u00f6sung.<\/span><\/p>\n<p style=\"text-align: justify;\"><span>In unserem Gesch\u00e4ftsbereich Service bieten wir vier Servicepakete: Application Management Services, SAP Basis Support, Service Desk und biX Managed Services. Mit diesen ma\u00dfgeschneiderten Dienstleistungen und umfassenden Serviceleistungen gew\u00e4hrleisten wir einen sicheren und performanten Betrieb unserer Kunden und erh\u00f6hen die Wirtschaftlichkeit und Produktivit\u00e4t des Einsatzes der BI-Systeme. Unsere Service Manager beraten und unterst\u00fctzen bei der Optimierung der bestehenden Systemlandschaft und sorgen f\u00fcr einen reibungslosen Betrieb auch zu Spitzenzeiten.<\/span><\/p>\n<p style=\"text-align: justify;\"><span>Im Gesch\u00e4ftsbereich Solutions unterst\u00fctzen wir unsere Kunden, das Potenzial f\u00fcr eine digitale Transformation systematisch zu identifizieren und dann dynamisch umzusetzen \u2013 in innovativen und wirtschaftlichen L\u00f6sungen oder neuen Gesch\u00e4ftsmodellen. Mit modernen Methoden wie Design Thinking und bew\u00e4hrten Kreativit\u00e4tstechniken f\u00f6rdern wir dieses Wissen zutage und inspirieren uns durch Anwendungsf\u00e4lle aus gleichen Branchen oder Anwendungsbereichen. Aus weit \u00fcber 100 Projekten sind viele ma\u00dfgeschneiderte L\u00f6sungen f\u00fcr Kunden hervorgegangen, die in diesem Gesch\u00e4ftsbereich betreut und weiterentwickelt werden.<\/span><\/p>\n<p>[\/et_pb_text][\/et_pb_column][\/et_pb_row][\/et_pb_section][et_pb_section fb_built=&#8220;1&#8243; disabled_on=&#8220;off|off|off&#8220; module_id=&#8220;mitarbeiters&#8220; _builder_version=&#8220;4.19.5&#8243; _module_preset=&#8220;default&#8220; background_color=&#8220;#f4f4f4&#8243; global_colors_info=&#8220;{}&#8220;][et_pb_row _builder_version=&#8220;4.19.5&#8243; _module_preset=&#8220;default&#8220; custom_padding=&#8220;13px|||||&#8220; global_colors_info=&#8220;{}&#8220;][et_pb_column type=&#8220;4_4&#8243; _builder_version=&#8220;4.19.5&#8243; _module_preset=&#8220;default&#8220; global_colors_info=&#8220;{}&#8220;][et_pb_text admin_label=&#8220;Stimmen unserer Mitarbeiter&#8220; _builder_version=&#8220;4.24.0&#8243; _module_preset=&#8220;default&#8220; global_colors_info=&#8220;{}&#8220;]<\/p>\n<h1 style=\"text-align: center;\"><span>Innovativ &#8211; Partner&shy;schaftlich &#8211; Nachhaltig<\/span><\/h1>\n<p>[\/et_pb_text][\/et_pb_column][\/et_pb_row][\/et_pb_section][et_pb_section fb_built=&#8220;1&#8243; admin_label=&#8220;Unterehmensphilosophie&#8220; _builder_version=&#8220;4.19.5&#8243; _module_preset=&#8220;default&#8220; background_color=&#8220;#FFFFFF&#8220; background_enable_image=&#8220;off&#8220; global_colors_info=&#8220;{}&#8220;][et_pb_row column_structure=&#8220;1_3,2_3&#8243; make_equal=&#8220;on&#8220; custom_padding_last_edited=&#8220;on|tablet&#8220; _builder_version=&#8220;4.24.0&#8243; _module_preset=&#8220;default&#8220; background_color=&#8220;RGBA(255,255,255,0)&#8220; custom_margin=&#8220;||||false|false&#8220; custom_padding=&#8220;30px||||false|false&#8220; custom_padding_tablet=&#8220;|0px||0px|false|false&#8220; custom_padding_phone=&#8220;30px|0px||0px|false|false&#8220; border_radii=&#8220;off|30px|30px|30px|30px&#8220; global_colors_info=&#8220;{}&#8220;][et_pb_column type=&#8220;1_3&#8243; module_class=&#8220;vertikal-zentrieren&#8220; _builder_version=&#8220;4.24.0&#8243; _module_preset=&#8220;default&#8220; custom_padding=&#8220;|30px||30px|false|false&#8220; custom_padding_tablet=&#8220;|20px||20px|false|false&#8220; custom_padding_phone=&#8220;|20px||20px|false|false&#8220; custom_padding_last_edited=&#8220;on|tablet&#8220; global_colors_info=&#8220;{}&#8220;][et_pb_text admin_label=&#8220;Qualit\u00e4t braucht Entwicklung&#8220; _builder_version=&#8220;4.24.0&#8243; _module_preset=&#8220;default&#8220; header_3_text_color=&#8220;#F18900&#8243; header_5_font=&#8220;||||||||&#8220; header_5_text_color=&#8220;#F18900&#8243; global_colors_info=&#8220;{}&#8220;]<\/p>\n<h2 style=\"text-align: center;\"><\/h2>\n<p class=\"elementor-heading-title elementor-size-default\" style=\"text-align: justify;\"><span>Unser Expertenteam aus erfahrenen Beratern, Entwicklern sowie Business-Analysten und Projektmanagern realisiert Ihr Projekt professionell und effizient. Wir verbinden technologische Kompetenz mit Fach-, Prozess- und Methodenwissen und setzen Impulse f\u00fcr die Digitalisierung und Optimierung Ihrer Gesch\u00e4ftsprozesse. Wir beraten Sie gern \u2013 kompetent und kundenorientiert.<\/span><\/p>\n<p class=\"elementor-heading-title elementor-size-default\" style=\"text-align: justify;\"><span>Zusammen mit unseren Kunden konzipieren und entwickeln wir zukunftsweisende L\u00f6sungen, die in vielen Branchen und Anwendungsbereichen zum Einsatz kommen. Mit Herzblut, hoher Expertise und der Erfahrung aus vielen Einf\u00fchrungs- und Umsetzungsprojekten helfen wir unseren Kunden, Business Intelligence optimal zu nutzen.<\/span><\/p>\n<p>[\/et_pb_text][\/et_pb_column][et_pb_column type=&#8220;2_3&#8243; module_class=&#8220;vertikal-zentrieren&#8220; _builder_version=&#8220;4.24.0&#8243; _module_preset=&#8220;default&#8220; custom_padding=&#8220;|30px||30px|false|false&#8220; custom_padding_tablet=&#8220;|20px||20px|false|false&#8220; custom_padding_phone=&#8220;|20px||20px|false|false&#8220; custom_padding_last_edited=&#8220;on|tablet&#8220; global_colors_info=&#8220;{}&#8220;][et_pb_image src=&#8220;https:\/\/www.bix-consulting.com\/wp-content\/uploads\/2024\/01\/gelaender-scaled.jpg&#8220; title_text=&#8220;gelaender&#8220; _builder_version=&#8220;4.23.1&#8243; _module_preset=&#8220;default&#8220; global_colors_info=&#8220;{}&#8220;][\/et_pb_image][\/et_pb_column][\/et_pb_row][\/et_pb_section]<\/p>\n","protected":false},"excerpt":{"rendered":"<p>Die Digitalisierung und der tiefgreifende gesellschaftliche und wirtschaftliche Wandel stellen die\u00a0Unternehmen vor gro\u00dfe Herausforderungen. Es gilt, schnell auf Ver\u00e4nderungen zu reagieren\u00a0und systematisch neue Potenziale zu erschlie\u00dfen.<\/p>\n<p>biX Consulting accompanies you in these process through innovative concepts, agile and strong implementation processes as well as reliable operation. We identify the potential for digital transformation with you and implement innovative and economical solutions and business models.<\/p>","protected":false},"author":1,"featured_media":0,"parent":0,"menu_order":0,"comment_status":"closed","ping_status":"closed","template":"","meta":{"_et_pb_use_builder":"on","_et_pb_old_content":"","_et_gb_content_width":"","_lmt_disableupdate":"no","_lmt_disable":"","_monsterinsights_skip_tracking":false,"_monsterinsights_sitenote_active":false,"_monsterinsights_sitenote_note":"","_monsterinsights_sitenote_category":0,"_uf_show_specific_survey":0,"_uf_disable_surveys":false,"iawp_total_views":4110,"footnotes":""},"class_list":["post-7107","page","type-page","status-publish","hentry"],"_links":{"self":[{"href":"https:\/\/www.bix-consulting.com\/en\/wp-json\/wp\/v2\/pages\/7107","targetHints":{"allow":["GET"]}}],"collection":[{"href":"https:\/\/www.bix-consulting.com\/en\/wp-json\/wp\/v2\/pages"}],"about":[{"href":"https:\/\/www.bix-consulting.com\/en\/wp-json\/wp\/v2\/types\/page"}],"author":[{"embeddable":true,"href":"https:\/\/www.bix-consulting.com\/en\/wp-json\/wp\/v2\/users\/1"}],"replies":[{"embeddable":true,"href":"https:\/\/www.bix-consulting.com\/en\/wp-json\/wp\/v2\/comments?post=7107"}],"version-history":[{"count":88,"href":"https:\/\/www.bix-consulting.com\/en\/wp-json\/wp\/v2\/pages\/7107\/revisions"}],"predecessor-version":[{"id":8723,"href":"https:\/\/www.bix-consulting.com\/en\/wp-json\/wp\/v2\/pages\/7107\/revisions\/8723"}],"wp:attachment":[{"href":"https:\/\/www.bix-consulting.com\/en\/wp-json\/wp\/v2\/media?parent=7107"}],"curies":[{"name":"wp","href":"https:\/\/api.w.org\/{rel}","templated":true}]}}