{"id":438,"date":"2023-08-10T12:53:24","date_gmt":"2023-08-10T10:53:24","guid":{"rendered":"https:\/\/devstage.bix-consulting.com\/?page_id=438"},"modified":"2024-01-17T09:51:07","modified_gmt":"2024-01-17T08:51:07","slug":"bi-application-management","status":"publish","type":"page","link":"https:\/\/www.bix-consulting.com\/en\/bi-application-management\/","title":{"rendered":"bi-application-management"},"content":{"rendered":"<p>[et_pb_section fb_built=&#8220;1&#8243; fullwidth=&#8220;on&#8220; _builder_version=&#8220;4.16&#8243; global_colors_info=&#8220;{}&#8220;][\/et_pb_section][et_pb_section fb_built=&#8220;1&#8243; _builder_version=&#8220;4.16&#8243; background_image=&#8220;https:\/\/www.bix-consulting.com\/wp-content\/uploads\/2020\/07\/3X_retuschiert-scaled.jpg&#8220; min_height=&#8220;240px&#8220; global_colors_info=&#8220;{}&#8220;][\/et_pb_section][et_pb_section fb_built=&#8220;1&#8243; _builder_version=&#8220;4.16&#8243; global_colors_info=&#8220;{}&#8220;][et_pb_row _builder_version=&#8220;4.16&#8243; global_colors_info=&#8220;{}&#8220;][et_pb_column type=&#8220;4_4&#8243; _builder_version=&#8220;4.16&#8243; global_colors_info=&#8220;{}&#8220;][et_pb_text _builder_version=&#8220;4.16&#8243; text_font=&#8220;Roboto|300|||||||&#8220; text_font_size=&#8220;42px&#8220; text_font_size_tablet=&#8220;&#8220; text_font_size_phone=&#8220;26px&#8220; text_font_size_last_edited=&#8220;on|phone&#8220; global_colors_info=&#8220;{}&#8220;]<\/p>\n<p style=\"text-align: center;\">BI-Application Management<\/p>\n<p>[\/et_pb_text][\/et_pb_column][\/et_pb_row][\/et_pb_section][et_pb_section fb_built=&#8220;1&#8243; _builder_version=&#8220;4.16&#8243; global_colors_info=&#8220;{}&#8220;][et_pb_row _builder_version=&#8220;4.16&#8243; global_colors_info=&#8220;{}&#8220;][et_pb_column type=&#8220;4_4&#8243; _builder_version=&#8220;4.16&#8243; global_colors_info=&#8220;{}&#8220;][et_pb_text _builder_version=&#8220;4.19.4&#8243; text_font=&#8220;Roboto|300|||||||&#8220; text_font_size=&#8220;17px&#8220; text_letter_spacing=&#8220;1px&#8220; transform_translate=&#8220;4px|-71px&#8220; global_colors_info=&#8220;{}&#8220;]<\/p>\n<h3><strong>\u00a0 \u00a0 \u00a0 \u00a0<\/strong><\/h3>\n<p style=\"text-align: left;\">Das Application Management von biX Consulting sichert einen reibungslosen und wirtschaftlichen Betrieb Ihrer SAP BW-\/BI-Systeme und vereint die Vorteile unserer umfassenden Consulting-Leistungen mit den angebotenen Remote-Services oder SAP-Basisdienstleistungen.<br \/>biX Consulting unterst\u00fctzt Sie nicht nur mit klar definierten Leistungspaketen zu fixen Preisen und Konditionen, sondern erarbeitet mit Ihnen auch eine Strategie und einen Ma\u00dfnahmenplan, wie die Sicherheit und Performance der Systeme dauerhaft gesichert und weiter gesteigert werden k\u00f6nnen, bis hin zu Migrationsstrategien und eines (hybriden) Einsatzes der Anwendungen in einer Cloud-Umgebung.<\/p>\n<p style=\"text-align: left;\">\u00dcber vertraglich vereinbarte Service Level Agreements (SLA) gew\u00e4hrleisten wir kurze Reaktionszeiten und schnelle Hilfe bei auftretenden St\u00f6rungen und eingehenden Anfragen zur Systemnutzung. Ihre Anwender k\u00f6nnen sich auf ihr Kerngesch\u00e4ft konzentrieren, Ihr IT-Personal wird von Routineanfragen und -t\u00e4tigkeiten entlastet.<br \/>Weitere Leistungen, wie zum Beispiel Erweiterungen der bestehenden Business Warehouse Applikationen, Releaseplanungen, Upgrades im Umfeld des Business Warehouses, Health Checks, Performanceanalysen, Anbindung neuer Features oder \u00e4hnliche T\u00e4tigkeiten, k\u00f6nnen jederzeit \u00fcber Change Requests beauftragt und durchgef\u00fchrt werden. Gleiches gilt f\u00fcr erg\u00e4nzende Beratungsangebote wie Lizenzmanagement, Benchmarking, Business Continuity Management, Virtualisierung oder eine Konsolidierung der Systeme, um Kosten zu senken oder die Verf\u00fcgbarkeit und die Nutzung der Systeme zu optimieren.<\/p>\n<p>[\/et_pb_text][\/et_pb_column][\/et_pb_row][et_pb_row _builder_version=&#8220;4.16&#8243; global_colors_info=&#8220;{}&#8220;][et_pb_column type=&#8220;4_4&#8243; _builder_version=&#8220;4.16&#8243; global_colors_info=&#8220;{}&#8220;][et_pb_text _builder_version=&#8220;4.16&#8243; text_font=&#8220;Roboto||||||||&#8220; text_font_size=&#8220;18px&#8220; transform_scale_last_edited=&#8220;off|desktop&#8220; transform_translate_last_edited=&#8220;off|desktop&#8220; transform_rotate_last_edited=&#8220;off|desktop&#8220; transform_skew_last_edited=&#8220;off|desktop&#8220; transform_origin_last_edited=&#8220;off|desktop&#8220; transform_styles_last_edited=&#8220;off|desktop&#8220; global_colors_info=&#8220;{}&#8220;]<\/p>\n<p style=\"text-align: center;\"><span style=\"color: #99cc00;\">Phasenmodell<br \/> <\/span><\/p>\n<p>[\/et_pb_text][\/et_pb_column][\/et_pb_row][et_pb_row _builder_version=&#8220;4.16&#8243; global_colors_info=&#8220;{}&#8220;][et_pb_column type=&#8220;4_4&#8243; _builder_version=&#8220;4.16&#8243; global_colors_info=&#8220;{}&#8220;][et_pb_image src=&#8220;https:\/\/www.bix-consulting.com\/wp-content\/uploads\/2020\/08\/Phasenmodell3.png&#8220; _builder_version=&#8220;4.16&#8243; transform_scale=&#8220;112%|112%&#8220; transform_scale_tablet=&#8220;&#8220; transform_scale_phone=&#8220;&#8220; transform_scale_last_edited=&#8220;on|tablet&#8220; transform_translate=&#8220;125px|4px&#8220; transform_translate_tablet=&#8220;3px|4px&#8220; transform_translate_phone=&#8220;&#8220; transform_translate_last_edited=&#8220;on|tablet&#8220; transform_rotate_tablet=&#8220;&#8220; transform_rotate_phone=&#8220;&#8220; transform_rotate_last_edited=&#8220;on|tablet&#8220; transform_skew_tablet=&#8220;&#8220; transform_skew_phone=&#8220;&#8220; transform_skew_last_edited=&#8220;on|tablet&#8220; transform_origin_tablet=&#8220;&#8220; transform_origin_phone=&#8220;&#8220; transform_origin_last_edited=&#8220;on|tablet&#8220; transform_styles_last_edited=&#8220;on|tablet&#8220; transform_styles_tablet=&#8220;&#8220; transform_styles_phone=&#8220;&#8220; global_colors_info=&#8220;{}&#8220;][\/et_pb_image][\/et_pb_column][\/et_pb_row][et_pb_row _builder_version=&#8220;4.16&#8243; global_colors_info=&#8220;{}&#8220;][et_pb_column type=&#8220;4_4&#8243; _builder_version=&#8220;4.16&#8243; global_colors_info=&#8220;{}&#8220;][et_pb_text _builder_version=&#8220;4.16&#8243; text_font=&#8220;Roboto|300|||||||&#8220; text_font_size=&#8220;17px&#8220; text_letter_spacing=&#8220;1px&#8220; transform_scale_tablet=&#8220;&#8220; transform_scale_phone=&#8220;&#8220; transform_scale_last_edited=&#8220;on|phone&#8220; transform_translate=&#8220;35px|-16px&#8220; transform_translate_tablet=&#8220;&#8220; transform_translate_phone=&#8220;9px|-1px&#8220; transform_translate_last_edited=&#8220;on|phone&#8220; transform_rotate_tablet=&#8220;&#8220; transform_rotate_phone=&#8220;&#8220; transform_rotate_last_edited=&#8220;on|phone&#8220; transform_skew_tablet=&#8220;&#8220; transform_skew_phone=&#8220;&#8220; transform_skew_last_edited=&#8220;on|phone&#8220; transform_origin_tablet=&#8220;&#8220; transform_origin_phone=&#8220;&#8220; transform_origin_last_edited=&#8220;on|phone&#8220; transform_styles_last_edited=&#8220;on|phone&#8220; transform_styles_tablet=&#8220;&#8220; transform_styles_phone=&#8220;&#8220; locked=&#8220;off&#8220; global_colors_info=&#8220;{}&#8220;]<\/p>\n<h3><strong>\u00a0 \u00a0 \u00a0 \u00a0<\/strong><\/h3>\n<p><span>Die Durchf\u00fchrung des BI Application Managements von biX Consulting erfolgt in mehreren Phasen, die nacheinander, jedoch auch einzeln durchlaufen werden k\u00f6nnen.\u00a0Zun\u00e4chst wird ein Review der BI-Landschaft vorgenommen, der Aufschluss \u00fcber die Systemumgebung, die implementierten Anwendungen, den Nutzungsgrad, die Performance und zahlreiche weitere Parameter gibt. Diese systematisch und mit Tool-Unterst\u00fctzung erzeugte \u00dcbersicht dient als Ausgangspunkt zur Vereinbarung des weiteren Vorgehens und der zu beziehenden Leistungen, ist aber auch Grundlage f\u00fcr allf\u00e4llige Optimierungen oder Anpassungen des Systems.<\/span><br \/> <span>Der Betrieb der Anwendungslandschaft erfolgt ebenso mit Hilfe bew\u00e4hrter Tools, um ein vollst\u00e4ndiges Monitoring und eine damit verbundene hohe Systemverf\u00fcgbarkeit zu gew\u00e4hrleisten. Sie und auch unsere Servicespezialisten werden \u00fcber vordefinierte oder spezifische Analysen jederzeit \u00fcber den Status der Anwendungen und Systeme informiert und bei Abweichungen von definierten Sollwerten alarmiert.<\/span><\/p>\n<p>[\/et_pb_text][\/et_pb_column][\/et_pb_row][\/et_pb_section][et_pb_section fb_built=&#8220;1&#8243; _builder_version=&#8220;4.16&#8243; background_color=&#8220;#f4f4f4&#8243; min_height=&#8220;399px&#8220; custom_margin=&#8220;||0px|||&#8220; global_colors_info=&#8220;{}&#8220;][et_pb_row _builder_version=&#8220;4.16&#8243; global_colors_info=&#8220;{}&#8220;][et_pb_column type=&#8220;4_4&#8243; _builder_version=&#8220;4.16&#8243; global_colors_info=&#8220;{}&#8220;][et_pb_text _builder_version=&#8220;4.16&#8243; text_font=&#8220;Roboto|300|||||||&#8220; text_font_size=&#8220;17px&#8220; global_colors_info=&#8220;{}&#8220;]<\/p>\n<div class=\"elementor-element elementor-element-de70009 elementor-widget elementor-widget-heading\" data-id=\"de70009\" data-element_type=\"widget\" data-widget_type=\"heading.default\">\n<div class=\"elementor-widget-container\">\n<h3 class=\"elementor-heading-title elementor-size-default\"><span style=\"color: #99cc00;\">Das biX-Phasenmodell<\/span><\/h3>\n<\/div>\n<\/div>\n<div class=\"elementor-element elementor-element-4acf169 elementor-widget elementor-widget-text-editor\" data-id=\"4acf169\" data-element_type=\"widget\" data-widget_type=\"text-editor.default\">\n<div class=\"elementor-widget-container\">\n<div class=\"elementor-text-editor elementor-clearfix\">\n<ul>\n<li>Review \u2013 Begutachtung der BI-Systeme zur Feststellung der Infrastuktur, der Anwendungen, der Leistungsparameter sowie der relevanten Kennzahlen zur Vorbereitung eines Angebotes und des Servicevertrages<\/li>\n<li>Initialworkshop \u2013 in diesem Workshop werden mit allen Beteiligten die wichtigsten Aspekte zum Projektrahmen, zu den Projektzielen, der Zeitplanung und Meilensteine, der Erfolgsmessung und der Kommunikationswege und -mittel er\u00f6rtert und abgestimmt<\/li>\n<li>Transition \u2013 alle Voraussetzungen zur Migration des Betriebes werden von Consulting Experten von biX Consulting mit dem Auftraggeber er\u00f6rtert und dokumentiert. Dabei werden ein Service-Katalog erstellt, die Prozesse abgestimmt und das notwendige Wissen vermittelt sowie die \u00dcbergabe des Betriebes vorbereitet<\/li>\n<li>Betriebs\u00fcbergang \u2013 in dieser Phase erfolgt die Abnahme des Transitionsprojektes und die Erstellung des Betriebshandbuches sowie der schrittweise \u00dcbergang des Betriebs auf biX Consulting<\/li>\n<li>Betrieb \u2013 in Anlehnung an die ITIL-Standards und die vorhergehenden Phasen erfolgt eine kontinuierliche Verbesserung von Incident- und Problem-Management-Prozessen. Im Fokus stehen die Entlastung der Betriebsorganisation und die Sicherstellung der Verf\u00fcgbarkeit der Applikationen.\u00a0Im Rahmen regelm\u00e4\u00dfiger Nachbetrachtungen wird der angefallene Aufwand mit den urspr\u00fcnglichen Planungen und Vereinbarungen abgeglichen und dokumentiert sowie der Leistungskatalog im Bedarfsfalle angepasst. Im Rahmen eines kontinuierlichen Verbesserungsprozesses erfolgt eine stetige Optimierung der Services und Prozessabl\u00e4ufe sowie der Kommunikation mit dem Auftraggeber, um dauerhaft eine hohe Kunden- und Anwenderzufriedenheit zu erreichen und die Wirtschaftlichkeit und Produktivit\u00e4t nachhaltig zu erh\u00f6hen.<\/li>\n<\/ul>\n<\/div>\n<\/div>\n<\/div>\n<p>[\/et_pb_text][\/et_pb_column][\/et_pb_row][\/et_pb_section][et_pb_section fb_built=&#8220;1&#8243; _builder_version=&#8220;4.16&#8243; min_height=&#8220;525px&#8220; custom_margin=&#8220;||-7px|||&#8220; custom_padding=&#8220;||0px|||&#8220; border_width_bottom=&#8220;3px&#8220; border_color_bottom=&#8220;#e08a00&#8243; global_colors_info=&#8220;{}&#8220;][et_pb_row _builder_version=&#8220;4.16&#8243; _module_preset=&#8220;default&#8220; global_colors_info=&#8220;{}&#8220;][et_pb_column type=&#8220;4_4&#8243; _builder_version=&#8220;4.16&#8243; _module_preset=&#8220;default&#8220; global_colors_info=&#8220;{}&#8220;][et_pb_text _builder_version=&#8220;4.16&#8243; _module_preset=&#8220;default&#8220; text_font=&#8220;Roboto|300|||||||&#8220; text_font_size=&#8220;30px&#8220; locked=&#8220;off&#8220; global_colors_info=&#8220;{}&#8220;]<\/p>\n<p style=\"text-align: center;\"><span style=\"color: #000000;\">Ansprechpartner<\/span><\/p>\n<p>[\/et_pb_text][et_pb_image src=&#8220;https:\/\/www.bix-consulting.com\/wp-content\/uploads\/2020\/08\/Oliver-Ossenbrink-e1598705178874.png&#8220; align=&#8220;center&#8220; _builder_version=&#8220;4.16&#8243; _module_preset=&#8220;default&#8220; transform_translate=&#8220;-4px|22px&#8220; locked=&#8220;off&#8220; global_colors_info=&#8220;{}&#8220;][\/et_pb_image][et_pb_text _builder_version=&#8220;4.16&#8243; _module_preset=&#8220;default&#8220; text_font=&#8220;Roboto|300|||||||&#8220; text_font_size=&#8220;16px&#8220; transform_translate=&#8220;-3px|30px&#8220; locked=&#8220;off&#8220; global_colors_info=&#8220;{}&#8220;]<\/p>\n<div class=\"elementor-element elementor-element-d95ca40 elementor-widget elementor-widget-heading\" data-id=\"d95ca40\" data-element_type=\"widget\" data-widget_type=\"heading.default\">\n<div class=\"elementor-widget-container\">\n<h3 class=\"elementor-heading-title elementor-size-default\" style=\"text-align: center;\">Oliver Ossenbrink<\/h3>\n<\/div>\n<\/div>\n<div class=\"elementor-element elementor-element-c4afb6c elementor-widget elementor-widget-heading\" data-id=\"c4afb6c\" data-element_type=\"widget\" data-widget_type=\"heading.default\">\n<div class=\"elementor-widget-container\">\n<p class=\"elementor-heading-title elementor-size-default\" style=\"text-align: center;\">Gesch\u00e4ftsf\u00fchrung Vertrieb und HR<\/p>\n<\/div>\n<\/div>\n<p>[\/et_pb_text][et_pb_social_media_follow _builder_version=&#8220;4.16&#8243; _module_preset=&#8220;default&#8220; custom_button=&#8220;on&#8220; button_text_size=&#8220;4px&#8220; button_text_color=&#8220;rgba(0,0,0,0)&#8220; transform_scale_tablet=&#8220;&#8220; transform_scale_phone=&#8220;&#8220; transform_scale_last_edited=&#8220;on|desktop&#8220; transform_translate=&#8220;-6px|43px&#8220; transform_translate_tablet=&#8220;-1px|41px&#8220; transform_translate_phone=&#8220;-10px|44px&#8220; transform_translate_last_edited=&#8220;on|desktop&#8220; transform_rotate_tablet=&#8220;&#8220; transform_rotate_phone=&#8220;&#8220; transform_rotate_last_edited=&#8220;on|desktop&#8220; transform_skew_tablet=&#8220;&#8220; transform_skew_phone=&#8220;&#8220; transform_skew_last_edited=&#8220;on|desktop&#8220; transform_origin_tablet=&#8220;&#8220; transform_origin_phone=&#8220;&#8220; transform_origin_last_edited=&#8220;on|desktop&#8220; transform_styles_last_edited=&#8220;on|desktop&#8220; text_orientation=&#8220;center&#8220; transform_styles_tablet=&#8220;&#8220; transform_styles_phone=&#8220;&#8220; locked=&#8220;off&#8220; global_colors_info=&#8220;{}&#8220;][et_pb_social_media_follow_network url=&#8220;https:\/\/www.xing.com\/profile\/Oliver_Ossenbrink\/&#8220; icon_color=&#8220;rgba(0,0,0,0)&#8220; use_icon_font_size=&#8220;on&#8220; icon_font_size=&#8220;9px&#8220; _builder_version=&#8220;4.16&#8243; _module_preset=&#8220;default&#8220; background_image=&#8220;https:\/\/www.bix-consulting.com\/wp-content\/uploads\/2020\/08\/Xing.png&#8220; background_enable_image=&#8220;on&#8220; background_size=&#8220;contain&#8220; global_colors_info=&#8220;{}&#8220; follow_button=&#8220;off&#8220; url_new_window=&#8220;on&#8220;][\/et_pb_social_media_follow_network][et_pb_social_media_follow_network url=&#8220;https:\/\/www.linkedin.com\/in\/oliver-ossenbrink-9b1a63155&#8243; icon_color=&#8220;rgba(0,0,0,0)&#8220; use_icon_font_size=&#8220;on&#8220; icon_font_size=&#8220;9px&#8220; _builder_version=&#8220;4.16&#8243; _module_preset=&#8220;default&#8220; background_image=&#8220;https:\/\/www.bix-consulting.com\/wp-content\/uploads\/2020\/08\/LinkedIn.png&#8220; background_enable_image=&#8220;on&#8220; background_size=&#8220;contain&#8220; global_colors_info=&#8220;{}&#8220; follow_button=&#8220;off&#8220; url_new_window=&#8220;on&#8220;][\/et_pb_social_media_follow_network][et_pb_social_media_follow_network url=&#8220;mailto:sebastian.bloetz@bix-consulting.de&#8220; icon_color=&#8220;rgba(0,0,0,0)&#8220; use_icon_font_size=&#8220;on&#8220; icon_font_size=&#8220;9px&#8220; _builder_version=&#8220;4.16&#8243; _module_preset=&#8220;default&#8220; background_image=&#8220;https:\/\/www.bix-consulting.com\/wp-content\/uploads\/2020\/08\/E-Mail.png&#8220; background_enable_image=&#8220;on&#8220; background_size=&#8220;contain&#8220; global_colors_info=&#8220;{}&#8220; follow_button=&#8220;off&#8220; url_new_window=&#8220;on&#8220;][\/et_pb_social_media_follow_network][\/et_pb_social_media_follow][\/et_pb_column][\/et_pb_row][\/et_pb_section]<\/p>\n","protected":false},"excerpt":{"rendered":"<p>BI-Application Management\u00a0 \u00a0 \u00a0 \u00a0 Das Application Management von biX Consulting sichert einen reibungslosen und wirtschaftlichen Betrieb Ihrer SAP BW-\/BI-Systeme und vereint die Vorteile unserer umfassenden Consulting-Leistungen mit den angebotenen Remote-Services oder SAP-Basisdienstleistungen.biX Consulting unterst\u00fctzt Sie nicht nur mit klar definierten Leistungspaketen zu fixen Preisen und Konditionen, sondern erarbeitet mit Ihnen auch eine Strategie und [&hellip;]<\/p>\n","protected":false},"author":6,"featured_media":0,"parent":0,"menu_order":0,"comment_status":"closed","ping_status":"closed","template":"","meta":{"_et_pb_use_builder":"on","_et_pb_old_content":"","_et_gb_content_width":"","_lmt_disableupdate":"no","_lmt_disable":"","_monsterinsights_skip_tracking":false,"_monsterinsights_sitenote_active":false,"_monsterinsights_sitenote_note":"","_monsterinsights_sitenote_category":0,"_uf_show_specific_survey":0,"_uf_disable_surveys":false,"iawp_total_views":11,"footnotes":""},"class_list":["post-438","page","type-page","status-publish","hentry"],"_links":{"self":[{"href":"https:\/\/www.bix-consulting.com\/en\/wp-json\/wp\/v2\/pages\/438","targetHints":{"allow":["GET"]}}],"collection":[{"href":"https:\/\/www.bix-consulting.com\/en\/wp-json\/wp\/v2\/pages"}],"about":[{"href":"https:\/\/www.bix-consulting.com\/en\/wp-json\/wp\/v2\/types\/page"}],"author":[{"embeddable":true,"href":"https:\/\/www.bix-consulting.com\/en\/wp-json\/wp\/v2\/users\/6"}],"replies":[{"embeddable":true,"href":"https:\/\/www.bix-consulting.com\/en\/wp-json\/wp\/v2\/comments?post=438"}],"version-history":[{"count":1,"href":"https:\/\/www.bix-consulting.com\/en\/wp-json\/wp\/v2\/pages\/438\/revisions"}],"predecessor-version":[{"id":7186,"href":"https:\/\/www.bix-consulting.com\/en\/wp-json\/wp\/v2\/pages\/438\/revisions\/7186"}],"wp:attachment":[{"href":"https:\/\/www.bix-consulting.com\/en\/wp-json\/wp\/v2\/media?parent=438"}],"curies":[{"name":"wp","href":"https:\/\/api.w.org\/{rel}","templated":true}]}}