{"id":434,"date":"2023-08-10T12:50:59","date_gmt":"2023-08-10T10:50:59","guid":{"rendered":"https:\/\/devstage.bix-consulting.com\/?page_id=434"},"modified":"2024-01-17T09:51:00","modified_gmt":"2024-01-17T08:51:00","slug":"sap-basis-services","status":"publish","type":"page","link":"https:\/\/www.bix-consulting.com\/en\/sap-basis-services\/","title":{"rendered":"sap-basis-services"},"content":{"rendered":"<p>[et_pb_section fb_built=&#8220;1&#8243; fullwidth=&#8220;on&#8220; _builder_version=&#8220;4.16&#8243; global_colors_info=&#8220;{}&#8220;][\/et_pb_section][et_pb_section fb_built=&#8220;1&#8243; _builder_version=&#8220;4.16&#8243; background_image=&#8220;https:\/\/www.bix-consulting.com\/wp-content\/uploads\/2020\/07\/3X_retuschiert-scaled.jpg&#8220; min_height=&#8220;299px&#8220; global_colors_info=&#8220;{}&#8220;][\/et_pb_section][et_pb_section fb_built=&#8220;1&#8243; _builder_version=&#8220;4.16&#8243; global_colors_info=&#8220;{}&#8220;][et_pb_row _builder_version=&#8220;4.16&#8243; global_colors_info=&#8220;{}&#8220;][et_pb_column type=&#8220;4_4&#8243; _builder_version=&#8220;4.16&#8243; global_colors_info=&#8220;{}&#8220;][et_pb_text _builder_version=&#8220;4.16&#8243; text_font=&#8220;Roboto|300|||||||&#8220; text_font_size=&#8220;42px&#8220; global_colors_info=&#8220;{}&#8220;]<\/p>\n<p style=\"text-align: center;\">SAP Basis Services<\/p>\n<p>[\/et_pb_text][\/et_pb_column][\/et_pb_row][\/et_pb_section][et_pb_section fb_built=&#8220;1&#8243; _builder_version=&#8220;4.16&#8243; background_color=&#8220;#f4f4f4&#8243; min_height=&#8220;559px&#8220; custom_padding=&#8220;88px|||||&#8220; global_colors_info=&#8220;{}&#8220;][et_pb_row _builder_version=&#8220;4.16&#8243; global_colors_info=&#8220;{}&#8220;][et_pb_column type=&#8220;4_4&#8243; _builder_version=&#8220;4.16&#8243; global_colors_info=&#8220;{}&#8220;][et_pb_text _builder_version=&#8220;4.16&#8243; text_font=&#8220;Roboto|300|||||||&#8220; text_font_size=&#8220;17px&#8220; text_letter_spacing=&#8220;1px&#8220; transform_translate=&#8220;4px|-71px&#8220; min_height=&#8220;172px&#8220; global_colors_info=&#8220;{}&#8220;]<\/p>\n<h3 style=\"text-align: center;\"><strong><\/strong><strong>SAP Basis Services<\/strong><\/h3>\n<p style=\"text-align: left;\">biX Consulting ist Ihr Ansprechpartner f\u00fcr alle Fragen und Leistungen rund um Ihre SAP-Applikationen und gew\u00e4hrleistet einen sicheren, performanten und wirtschaftlichen Betrieb. Wir bieten ma\u00dfgeschneiderte Serviceleistungen, die an Ihre Bed\u00fcrfnisse angepasst werden \u2013 Service Level, Reaktionszeiten, Ma\u00dfnahmen zur Anwenderunterst\u00fctzung und vieles mehr k\u00f6nnen individuell und flexibel gestaltet werden. Dabei konzentrieren wir uns nicht nur auf die Sicherstellung eines zuverl\u00e4ssigen Betriebs, sondern beraten Sie auch bei der Weiterentwicklung Ihrer Systemlandschaft, um f\u00fcr zuk\u00fcnftige Aufgaben und Erweiterungen bestens ger\u00fcstet zu sein. Unsere ITIL-basierten Serviceleistungen umfassen unter anderem<\/p>\n<p>[\/et_pb_text][et_pb_text _builder_version=&#8220;4.16&#8243; text_font=&#8220;Roboto|300|||||||&#8220; text_font_size=&#8220;17px&#8220; text_letter_spacing=&#8220;1px&#8220; transform_scale_tablet=&#8220;&#8220; transform_scale_phone=&#8220;&#8220; transform_scale_last_edited=&#8220;on|phone&#8220; transform_translate=&#8220;2px|-40px&#8220; transform_translate_tablet=&#8220;&#8220; transform_translate_phone=&#8220;5px|-10px&#8220; transform_translate_last_edited=&#8220;on|phone&#8220; transform_rotate_tablet=&#8220;&#8220; transform_rotate_phone=&#8220;&#8220; transform_rotate_last_edited=&#8220;on|phone&#8220; transform_skew_tablet=&#8220;&#8220; transform_skew_phone=&#8220;&#8220; transform_skew_last_edited=&#8220;on|phone&#8220; transform_origin_tablet=&#8220;&#8220; transform_origin_phone=&#8220;&#8220; transform_origin_last_edited=&#8220;on|phone&#8220; transform_styles_last_edited=&#8220;on|phone&#8220; transform_styles_tablet=&#8220;&#8220; transform_styles_phone=&#8220;&#8220; global_colors_info=&#8220;{}&#8220;]<\/p>\n<ul>\n<li style=\"text-align: left;\">Monitoring und Reporting<\/li>\n<li style=\"text-align: left;\">First-, Second and Third-Level-Support<\/li>\n<li style=\"text-align: left;\">Individuell gestaltbare SLAs (Gold, Silber, Bronze)<\/li>\n<li style=\"text-align: left;\">Incident- and Problem-Management<\/li>\n<li style=\"text-align: left;\">User-Request-Management<\/li>\n<li style=\"text-align: left;\">Escalation Management<\/li>\n<\/ul>\n<p style=\"text-align: left;\">Optional bieten wir zusammen mit unseren Partnern weitere Services wie Lizenzmanagement, Benchmarking, Business Continuity Management, Cloud Transfer Management (Hybrid Management), Virtualisierung sowie Konsolidierung und Automatisierung Ihrer Systeme an, um die Betriebskosten nachhaltig zu senken.<\/p>\n<p>[\/et_pb_text][\/et_pb_column][\/et_pb_row][\/et_pb_section][et_pb_section fb_built=&#8220;1&#8243; _builder_version=&#8220;4.16&#8243; background_color=&#8220;#ffffff&#8220; min_height=&#8220;491px&#8220; custom_margin=&#8220;||-7px|||&#8220; custom_padding=&#8220;||0px|||&#8220; border_width_bottom=&#8220;3px&#8220; border_color_bottom=&#8220;#e08a00&#8243; global_colors_info=&#8220;{}&#8220;][et_pb_row _builder_version=&#8220;4.16&#8243; _module_preset=&#8220;default&#8220; global_colors_info=&#8220;{}&#8220;][et_pb_column type=&#8220;4_4&#8243; _builder_version=&#8220;4.16&#8243; _module_preset=&#8220;default&#8220; global_colors_info=&#8220;{}&#8220;][et_pb_text _builder_version=&#8220;4.16&#8243; _module_preset=&#8220;default&#8220; text_font=&#8220;Roboto|300|||||||&#8220; text_font_size=&#8220;30px&#8220; locked=&#8220;off&#8220; global_colors_info=&#8220;{}&#8220;]<\/p>\n<p style=\"text-align: center;\"><span style=\"color: #000000;\">Ansprechpartner<\/span><\/p>\n<p>[\/et_pb_text][et_pb_image src=&#8220;https:\/\/www.bix-consulting.com\/wp-content\/uploads\/2020\/08\/Oliver-Ossenbrink-e1598705178874.png&#8220; align=&#8220;center&#8220; _builder_version=&#8220;4.16&#8243; _module_preset=&#8220;default&#8220; transform_translate=&#8220;-4px|22px&#8220; locked=&#8220;off&#8220; global_colors_info=&#8220;{}&#8220;][\/et_pb_image][et_pb_text _builder_version=&#8220;4.16&#8243; _module_preset=&#8220;default&#8220; text_font=&#8220;Roboto|300|||||||&#8220; text_font_size=&#8220;16px&#8220; transform_translate=&#8220;-3px|30px&#8220; locked=&#8220;off&#8220; global_colors_info=&#8220;{}&#8220;]<\/p>\n<div class=\"elementor-element elementor-element-d95ca40 elementor-widget elementor-widget-heading\" data-id=\"d95ca40\" data-element_type=\"widget\" data-widget_type=\"heading.default\">\n<div class=\"elementor-widget-container\">\n<h3 class=\"elementor-heading-title elementor-size-default\" style=\"text-align: center;\">Oliver Ossenbrink<\/h3>\n<\/div>\n<\/div>\n<div class=\"elementor-element elementor-element-c4afb6c elementor-widget elementor-widget-heading\" data-id=\"c4afb6c\" data-element_type=\"widget\" data-widget_type=\"heading.default\">\n<div class=\"elementor-widget-container\">\n<p class=\"elementor-heading-title elementor-size-default\" style=\"text-align: center;\">Gesch\u00e4ftsf\u00fchrung Vertrieb und HR<\/p>\n<\/div>\n<\/div>\n<p>[\/et_pb_text][et_pb_social_media_follow _builder_version=&#8220;4.16&#8243; _module_preset=&#8220;default&#8220; custom_button=&#8220;on&#8220; button_text_size=&#8220;4px&#8220; button_text_color=&#8220;rgba(0,0,0,0)&#8220; transform_scale_tablet=&#8220;&#8220; transform_scale_phone=&#8220;&#8220; transform_scale_last_edited=&#8220;on|desktop&#8220; transform_translate=&#8220;-6px|43px&#8220; transform_translate_tablet=&#8220;-1px|41px&#8220; transform_translate_phone=&#8220;-10px|44px&#8220; transform_translate_last_edited=&#8220;on|desktop&#8220; transform_rotate_tablet=&#8220;&#8220; transform_rotate_phone=&#8220;&#8220; transform_rotate_last_edited=&#8220;on|desktop&#8220; transform_skew_tablet=&#8220;&#8220; transform_skew_phone=&#8220;&#8220; transform_skew_last_edited=&#8220;on|desktop&#8220; transform_origin_tablet=&#8220;&#8220; transform_origin_phone=&#8220;&#8220; transform_origin_last_edited=&#8220;on|desktop&#8220; transform_styles_last_edited=&#8220;on|desktop&#8220; text_orientation=&#8220;center&#8220; transform_styles_tablet=&#8220;&#8220; transform_styles_phone=&#8220;&#8220; locked=&#8220;off&#8220; global_colors_info=&#8220;{}&#8220;][et_pb_social_media_follow_network url=&#8220;https:\/\/www.xing.com\/profile\/Oliver_Ossenbrink\/&#8220; icon_color=&#8220;rgba(0,0,0,0)&#8220; use_icon_font_size=&#8220;on&#8220; icon_font_size=&#8220;9px&#8220; _builder_version=&#8220;4.16&#8243; _module_preset=&#8220;default&#8220; background_image=&#8220;https:\/\/www.bix-consulting.com\/wp-content\/uploads\/2020\/08\/Xing.png&#8220; background_enable_image=&#8220;on&#8220; background_size=&#8220;contain&#8220; global_colors_info=&#8220;{}&#8220; follow_button=&#8220;off&#8220; url_new_window=&#8220;on&#8220;][\/et_pb_social_media_follow_network][et_pb_social_media_follow_network url=&#8220;https:\/\/www.linkedin.com\/in\/oliver-ossenbrink-9b1a63155&#8243; icon_color=&#8220;rgba(0,0,0,0)&#8220; use_icon_font_size=&#8220;on&#8220; icon_font_size=&#8220;9px&#8220; _builder_version=&#8220;4.16&#8243; _module_preset=&#8220;default&#8220; background_image=&#8220;https:\/\/www.bix-consulting.com\/wp-content\/uploads\/2020\/08\/LinkedIn.png&#8220; background_enable_image=&#8220;on&#8220; background_size=&#8220;contain&#8220; global_colors_info=&#8220;{}&#8220; follow_button=&#8220;off&#8220; url_new_window=&#8220;on&#8220;][\/et_pb_social_media_follow_network][et_pb_social_media_follow_network url=&#8220;mailto:sebastian.bloetz@bix-consulting.de&#8220; icon_color=&#8220;rgba(0,0,0,0)&#8220; use_icon_font_size=&#8220;on&#8220; icon_font_size=&#8220;9px&#8220; _builder_version=&#8220;4.16&#8243; _module_preset=&#8220;default&#8220; background_image=&#8220;https:\/\/www.bix-consulting.com\/wp-content\/uploads\/2020\/08\/E-Mail.png&#8220; background_enable_image=&#8220;on&#8220; background_size=&#8220;contain&#8220; global_colors_info=&#8220;{}&#8220; follow_button=&#8220;off&#8220; url_new_window=&#8220;on&#8220;][\/et_pb_social_media_follow_network][\/et_pb_social_media_follow][\/et_pb_column][\/et_pb_row][\/et_pb_section]<\/p>\n","protected":false},"excerpt":{"rendered":"<p>SAP Basis ServicesSAP Basis Services biX Consulting ist Ihr Ansprechpartner f\u00fcr alle Fragen und Leistungen rund um Ihre SAP-Applikationen und gew\u00e4hrleistet einen sicheren, performanten und wirtschaftlichen Betrieb. Wir bieten ma\u00dfgeschneiderte Serviceleistungen, die an Ihre Bed\u00fcrfnisse angepasst werden \u2013 Service Level, Reaktionszeiten, Ma\u00dfnahmen zur Anwenderunterst\u00fctzung und vieles mehr k\u00f6nnen individuell und flexibel gestaltet werden. Dabei konzentrieren [&hellip;]<\/p>\n","protected":false},"author":6,"featured_media":0,"parent":0,"menu_order":0,"comment_status":"closed","ping_status":"closed","template":"","meta":{"_et_pb_use_builder":"on","_et_pb_old_content":"","_et_gb_content_width":"","_lmt_disableupdate":"no","_lmt_disable":"","_monsterinsights_skip_tracking":false,"_monsterinsights_sitenote_active":false,"_monsterinsights_sitenote_note":"","_monsterinsights_sitenote_category":0,"_uf_show_specific_survey":0,"_uf_disable_surveys":false,"iawp_total_views":10,"footnotes":""},"class_list":["post-434","page","type-page","status-publish","hentry"],"_links":{"self":[{"href":"https:\/\/www.bix-consulting.com\/en\/wp-json\/wp\/v2\/pages\/434","targetHints":{"allow":["GET"]}}],"collection":[{"href":"https:\/\/www.bix-consulting.com\/en\/wp-json\/wp\/v2\/pages"}],"about":[{"href":"https:\/\/www.bix-consulting.com\/en\/wp-json\/wp\/v2\/types\/page"}],"author":[{"embeddable":true,"href":"https:\/\/www.bix-consulting.com\/en\/wp-json\/wp\/v2\/users\/6"}],"replies":[{"embeddable":true,"href":"https:\/\/www.bix-consulting.com\/en\/wp-json\/wp\/v2\/comments?post=434"}],"version-history":[{"count":1,"href":"https:\/\/www.bix-consulting.com\/en\/wp-json\/wp\/v2\/pages\/434\/revisions"}],"predecessor-version":[{"id":7185,"href":"https:\/\/www.bix-consulting.com\/en\/wp-json\/wp\/v2\/pages\/434\/revisions\/7185"}],"wp:attachment":[{"href":"https:\/\/www.bix-consulting.com\/en\/wp-json\/wp\/v2\/media?parent=434"}],"curies":[{"name":"wp","href":"https:\/\/api.w.org\/{rel}","templated":true}]}}