{"id":4037,"date":"2023-02-23T16:05:02","date_gmt":"2023-02-23T15:05:02","guid":{"rendered":"https:\/\/devstage.bix-consulting.com\/?page_id=4037"},"modified":"2025-04-10T08:42:56","modified_gmt":"2025-04-10T06:42:56","slug":"workshops","status":"publish","type":"page","link":"https:\/\/www.bix-consulting.com\/en\/workshops\/","title":{"rendered":"Workshops"},"content":{"rendered":"<p>[et_pb_section fb_built=&#8220;1&#8243; disabled_on=&#8220;off|off|off&#8220; admin_label=&#8220;Zwischenbanner&#8220; _builder_version=&#8220;4.21.0&#8243; _module_preset=&#8220;default&#8220; background_image=&#8220;https:\/\/www.bix-consulting.com\/wp-content\/uploads\/2023\/04\/workshop_1920.jpg&#8220; height=&#8220;300px&#8220; custom_margin=&#8220;95px||||false|false&#8220; animation_style=&#8220;slide&#8220; animation_direction=&#8220;top&#8220; global_colors_info=&#8220;{}&#8220;][\/et_pb_section][et_pb_section fb_built=&#8220;1&#8243; admin_label=&#8220;\u00dcberschrift&#8220; _builder_version=&#8220;4.21.0&#8243; _module_preset=&#8220;default&#8220; background_color=&#8220;#f4f4f4&#8243; z_index=&#8220;-2&#8243; global_colors_info=&#8220;{}&#8220;][et_pb_row _builder_version=&#8220;4.20.2&#8243; _module_preset=&#8220;default&#8220; global_colors_info=&#8220;{}&#8220;][et_pb_column type=&#8220;4_4&#8243; _builder_version=&#8220;4.20.2&#8243; _module_preset=&#8220;default&#8220; global_colors_info=&#8220;{}&#8220;][et_pb_text content_tablet=&#8220;<\/p>\n<h3 style=%22text-align: center;%22>Starten Sie mit uns in die digitale Zukunft<br \/>Ihres Unternehmens.<\/h3>\n<p>&#8220; content_phone=&#8220;<\/p>\n<h3 style=%22text-align: center;%22>Starten Sie mit uns in die digitale Zukunft<br \/>Ihres Unternehmens.<\/h3>\n<p>&#8220; content_last_edited=&#8220;off|desktop&#8220; admin_label=&#8220;Starten Sie mit uns&#8220; _builder_version=&#8220;4.23.1&#8243; _module_preset=&#8220;default&#8220; header_3_font_size=&#8220;40px&#8220; global_colors_info=&#8220;{}&#8220;]<\/p>\n<h3 style=\"text-align: center;\">Starten Sie mit uns in die digitale Zukunft<br \/>Ihres Unternehmens<\/h3>\n<p>[\/et_pb_text][\/et_pb_column][\/et_pb_row][\/et_pb_section][et_pb_section fb_built=&#8220;1&#8243; _builder_version=&#8220;4.21.0&#8243; _module_preset=&#8220;default&#8220; locked=&#8220;off&#8220; global_colors_info=&#8220;{}&#8220;][et_pb_row column_structure=&#8220;3_5,2_5&#8243; make_equal=&#8220;on&#8220; _builder_version=&#8220;4.21.0&#8243; _module_preset=&#8220;default&#8220; background_color=&#8220;#f4f4f4&#8243; border_radii=&#8220;on|30px|30px|30px|30px&#8220; global_colors_info=&#8220;{}&#8220;][et_pb_column type=&#8220;3_5&#8243; _builder_version=&#8220;4.20.2&#8243; _module_preset=&#8220;default&#8220; global_colors_info=&#8220;{}&#8220;][et_pb_text _builder_version=&#8220;4.21.0&#8243; _module_preset=&#8220;default&#8220; header_3_line_height=&#8220;1.7em&#8220; module_alignment=&#8220;center&#8220; custom_padding=&#8220;20px|20px||20px|false|false&#8220; custom_padding_last_edited=&#8220;off|phone&#8220; global_colors_info=&#8220;{}&#8220;]<\/p>\n<p style=\"text-align: justify;\">In unseren interaktiven und praxisnahen Workshop-Angeboten erhalten Sie viele wertvolle Informationen und Antworten auf Ihre Fragen.<\/p>\n<p style=\"text-align: justify;\">Ziel ist es, Ihnen Tools in ihrer Funktion und Leistungsst\u00e4rke n\u00e4her zu bringen.<\/p>\n<p style=\"text-align: justify;\">Es ist tief in unserem Selbstverst\u00e4ndnis verankert, den Kontext der verf\u00fcgbaren Technologien, funktionierende Konzepte und Architekturen zu entwickeln, welche perfekt auf Ihre Anforderungen und Unternehmensstrategien abgestimmt sind.<\/p>\n<p style=\"text-align: justify;\">Wir, als Beratungshaus, blicken auf eine lange Historie mit einem breiten Technologie-Know-how\u00a0zur\u00fcck. Als SAP Silver Partner, Microsoft- und Tableau Servicepartner sowie vielen weiteren Partnerschaften werden unsere Workshops mit umfangreichen Best Practise Beispielen ausgestattet. Dabei beziehen wir uns auf Referenzprojekte aus dem gehobenen Mittelstand und Konzernen.<\/p>\n<p style=\"text-align: justify;\">Unsere Workshops stellen ein Basisangebot dar, welche wir gerne individuell an Ihre W\u00fcnsche, Anforderungen und Ziele anpassen.<\/p>\n<p style=\"text-align: justify;\">\n<p>[\/et_pb_text][\/et_pb_column][et_pb_column type=&#8220;2_5&#8243; module_class=&#8220;vertikal-zentrieren&#8220; _builder_version=&#8220;4.20.2&#8243; _module_preset=&#8220;default&#8220; global_colors_info=&#8220;{}&#8220;][et_pb_image src=&#8220;https:\/\/www.bix-consulting.com\/wp-content\/uploads\/2024\/01\/Veranstaltungsraum_700x630px.webp&#8220; title_text=&#8220;Veranstaltungsraum_700x630px&#8220; align=&#8220;center&#8220; _builder_version=&#8220;4.23.1&#8243; _module_preset=&#8220;default&#8220; custom_padding=&#8220;|15px||15px|false|false&#8220; custom_padding_tablet=&#8220;|0px||0px|false|false&#8220; custom_padding_phone=&#8220;|0px||0px|false|false&#8220; custom_padding_last_edited=&#8220;on|tablet&#8220; border_radii=&#8220;off||15px|15px|&#8220; border_radii_tablet=&#8220;off||0px|15px|15px&#8220; border_radii_phone=&#8220;off||0px|15px|15px&#8220; border_radii_last_edited=&#8220;on|tablet&#8220; global_colors_info=&#8220;{}&#8220;][\/et_pb_image][\/et_pb_column][\/et_pb_row][\/et_pb_section][et_pb_section fb_built=&#8220;1&#8243; module_id=&#8220;aktuelle-workshops&#8220; _builder_version=&#8220;4.21.0&#8243; _module_preset=&#8220;default&#8220; background_color=&#8220;#f4f4f4&#8243; global_colors_info=&#8220;{}&#8220;][et_pb_row _builder_version=&#8220;4.20.2&#8243; _module_preset=&#8220;default&#8220; global_colors_info=&#8220;{}&#8220;][et_pb_column type=&#8220;4_4&#8243; _builder_version=&#8220;4.20.2&#8243; _module_preset=&#8220;default&#8220; global_colors_info=&#8220;{}&#8220;][et_pb_text _builder_version=&#8220;4.20.2&#8243; _module_preset=&#8220;default&#8220; header_font=&#8220;|||on|||||&#8220; header_text_color=&#8220;#F18900&#8243; header_2_font=&#8220;|||on|||||&#8220; header_2_text_color=&#8220;rgba(241,137,0,0.8)&#8220; header_2_font_size=&#8220;50px&#8220; global_colors_info=&#8220;{}&#8220;]<\/p>\n<h1 style=\"text-align: center;\"><span>Unsere aktuellen Workshops<\/span><\/h1>\n<p>[\/et_pb_text][\/et_pb_column][\/et_pb_row][\/et_pb_section][et_pb_section fb_built=&#8220;1&#8243; custom_padding_last_edited=&#8220;on|phone&#8220; module_id=&#8220;sprung&#8220; module_class=&#8220;df-area df-post&#8220; _builder_version=&#8220;4.21.0&#8243; _module_preset=&#8220;default&#8220; custom_padding_tablet=&#8220;||||false|false&#8220; custom_padding_phone=&#8220;||||false|false&#8220; border_color_all=&#8220;#F18900&#8243; global_colors_info=&#8220;{}&#8220;][et_pb_row use_custom_gutter=&#8220;on&#8220; gutter_width=&#8220;2&#8243; _builder_version=&#8220;4.21.0&#8243; _module_preset=&#8220;default&#8220; custom_padding=&#8220;||0px||false|false&#8220; locked=&#8220;off&#8220; global_colors_info=&#8220;{}&#8220;][et_pb_column type=&#8220;4_4&#8243; _builder_version=&#8220;4.21.0&#8243; _module_preset=&#8220;default&#8220; global_colors_info=&#8220;{}&#8220;][et_pb_blog fullwidth=&#8220;off&#8220; posts_number=&#8220;12&#8243; include_categories=&#8220;236&#8243; use_manual_excerpt=&#8220;off&#8220; show_more=&#8220;on&#8220; show_author=&#8220;off&#8220; show_date=&#8220;off&#8220; show_categories=&#8220;off&#8220; show_pagination=&#8220;off&#8220; masonry_tile_background_color=&#8220;#f4f4f4&#8243; _builder_version=&#8220;4.21.0&#8243; _module_preset=&#8220;default&#8220; header_level=&#8220;h6&#8243; header_font=&#8220;||||||||&#8220; header_text_align=&#8220;left&#8220; header_text_color=&#8220;#000000&#8243; header_font_size=&#8220;15px&#8220; header_line_height=&#8220;1.1em&#8220; body_font=&#8220;|300|||||||&#8220; body_text_color=&#8220;#000000&#8243; meta_font=&#8220;||||||||&#8220; meta_text_color=&#8220;#000000&#8243; meta_font_size=&#8220;12px&#8220; read_more_text_color=&#8220;#F18900&#8243; min_height_last_edited=&#8220;off|desktop&#8220; custom_padding=&#8220;||||false|false&#8220; custom_css_title=&#8220;height: 50px!important;&#8220; custom_css_content=&#8220;height: 140px!important;&#8220; border_radii=&#8220;on|20px|20px|20px|20px&#8220; border_color_all=&#8220;#FFFFFF&#8220; border_width_all_tablet=&#8220;3px&#8220; border_width_all_phone=&#8220;3px&#8220; border_width_all_last_edited=&#8220;on|tablet&#8220; border_radii_image=&#8220;off|25px|25px||&#8220; border_width_all_image=&#8220;15px&#8220; border_color_all_image=&#8220;#f4f4f4&#8243; global_colors_info=&#8220;{}&#8220;][\/et_pb_blog][\/et_pb_column][\/et_pb_row][\/et_pb_section]<\/p>\n","protected":false},"excerpt":{"rendered":"<p>Starten Sie mit uns in die digitale ZukunftIhres UnternehmensIn unseren interaktiven und praxisnahen Workshop-Angeboten erhalten Sie viele wertvolle Informationen und Antworten auf Ihre Fragen. Ziel ist es, Ihnen Tools in ihrer Funktion und Leistungsst\u00e4rke n\u00e4her zu bringen. Es ist tief in unserem Selbstverst\u00e4ndnis verankert, den Kontext der verf\u00fcgbaren Technologien, funktionierende Konzepte und Architekturen zu entwickeln, [&hellip;]<\/p>\n","protected":false},"author":6,"featured_media":0,"parent":0,"menu_order":0,"comment_status":"closed","ping_status":"closed","template":"","meta":{"_et_pb_use_builder":"on","_et_pb_old_content":"","_et_gb_content_width":"","_lmt_disableupdate":"","_lmt_disable":"","_monsterinsights_skip_tracking":false,"_monsterinsights_sitenote_active":false,"_monsterinsights_sitenote_note":"","_monsterinsights_sitenote_category":0,"_uf_show_specific_survey":0,"_uf_disable_surveys":false,"iawp_total_views":75,"footnotes":""},"class_list":["post-4037","page","type-page","status-publish","hentry"],"_links":{"self":[{"href":"https:\/\/www.bix-consulting.com\/en\/wp-json\/wp\/v2\/pages\/4037","targetHints":{"allow":["GET"]}}],"collection":[{"href":"https:\/\/www.bix-consulting.com\/en\/wp-json\/wp\/v2\/pages"}],"about":[{"href":"https:\/\/www.bix-consulting.com\/en\/wp-json\/wp\/v2\/types\/page"}],"author":[{"embeddable":true,"href":"https:\/\/www.bix-consulting.com\/en\/wp-json\/wp\/v2\/users\/6"}],"replies":[{"embeddable":true,"href":"https:\/\/www.bix-consulting.com\/en\/wp-json\/wp\/v2\/comments?post=4037"}],"version-history":[{"count":1,"href":"https:\/\/www.bix-consulting.com\/en\/wp-json\/wp\/v2\/pages\/4037\/revisions"}],"predecessor-version":[{"id":8687,"href":"https:\/\/www.bix-consulting.com\/en\/wp-json\/wp\/v2\/pages\/4037\/revisions\/8687"}],"wp:attachment":[{"href":"https:\/\/www.bix-consulting.com\/en\/wp-json\/wp\/v2\/media?parent=4037"}],"curies":[{"name":"wp","href":"https:\/\/api.w.org\/{rel}","templated":true}]}}