{"id":2804,"date":"2023-06-01T15:18:54","date_gmt":"2023-06-01T13:18:54","guid":{"rendered":"https:\/\/devstage.bix-consulting.com\/?page_id=2804"},"modified":"2024-10-23T11:25:07","modified_gmt":"2024-10-23T09:25:07","slug":"zertifikate","status":"publish","type":"page","link":"https:\/\/www.bix-consulting.com\/en\/zertifikate\/","title":{"rendered":"Certificates"},"content":{"rendered":"<p>[et_pb_section fb_built=&#8220;1&#8243; _builder_version=&#8220;4.20.4&#8243; _module_preset=&#8220;default&#8220; background_image=&#8220;https:\/\/www.bix-consulting.com\/wp-content\/uploads\/2023\/04\/zertifikate_1920.jpg&#8220; height=&#8220;300px&#8220; custom_margin=&#8220;95px||||false|false&#8220; animation_style=&#8220;slide&#8220; animation_direction=&#8220;top&#8220; global_colors_info=&#8220;{}&#8220;][\/et_pb_section][et_pb_section fb_built=&#8220;1&#8243; _builder_version=&#8220;4.20.4&#8243; _module_preset=&#8220;default&#8220; background_color=&#8220;#f4f4f4&#8243; global_colors_info=&#8220;{}&#8220;][et_pb_row _builder_version=&#8220;4.20.4&#8243; _module_preset=&#8220;default&#8220; global_colors_info=&#8220;{}&#8220;][et_pb_column type=&#8220;4_4&#8243; _builder_version=&#8220;4.20.4&#8243; _module_preset=&#8220;default&#8220; global_colors_info=&#8220;{}&#8220;][et_pb_text _builder_version=&#8220;4.20.4&#8243; _module_preset=&#8220;default&#8220; global_colors_info=&#8220;{}&#8220;]<\/p>\n<h1>Unsere Zertifikate<\/h1>\n<p>[\/et_pb_text][\/et_pb_column][\/et_pb_row][\/et_pb_section][et_pb_section fb_built=&#8220;1&#8243; _builder_version=&#8220;4.19.5&#8243; _module_preset=&#8220;default&#8220; border_color_bottom=&#8220;#e08a00&#8243; global_colors_info=&#8220;{}&#8220;][et_pb_row _builder_version=&#8220;4.20.4&#8243; _module_preset=&#8220;default&#8220; background_color=&#8220;#f4f4f4&#8243; custom_padding=&#8220;20px|20px|20px|20px|false|false&#8220; border_radii=&#8220;on|25px|25px|25px|25px&#8220; global_colors_info=&#8220;{}&#8220;][et_pb_column type=&#8220;4_4&#8243; _builder_version=&#8220;4.16&#8243; _module_preset=&#8220;default&#8220; global_colors_info=&#8220;{}&#8220;][et_pb_text _builder_version=&#8220;4.20.4&#8243; _module_preset=&#8220;default&#8220; text_font=&#8220;||||||||&#8220; text_font_size=&#8220;18px&#8220; global_colors_info=&#8220;{}&#8220;]<\/p>\n<h2>Die biX Consulting erf\u00fcllt die Standards der Normen ISO9001 (Qualit\u00e4t), ISO14001 (Umwelt) und ISO27001 (Informationssicherheit)<\/h2>\n<p>[\/et_pb_text][et_pb_text _builder_version=&#8220;4.20.4&#8243; _module_preset=&#8220;default&#8220; text_font=&#8220;Roboto|300|||||||&#8220; text_font_size=&#8220;17px&#8220; global_colors_info=&#8220;{}&#8220;]<\/p>\n<p>Unsere oberste Priorit\u00e4t ist es, unsere Dienstleistungsstandards stets auf h\u00f6chstem Niveau zu halten &#8211; und das nachhaltig. Wir sind n\u00e4mlich erst dann zufrieden, wenn Sie es auch sind!<br \/>Um Ihnen konsequent auf allen Ebenen den bestm\u00f6glichen Service und ein H\u00f6chstma\u00df an Sicherheit und Qualit\u00e4t zu garantieren, haben wir uns der Herausforderung gestellt und damit das n\u00e4chste Level erreicht!<\/p>\n<p>Im Zuge dessen freuen wir uns, Ihnen mitteilen zu k\u00f6nnen, dass die biX nun auch offiziell von sich behaupten darf, den Anforderungen der international anerkannten Normen <strong>ISO 9001<\/strong>,<strong> ISO 14001<\/strong> sowie <strong>ISO 27001 <\/strong>zu entsprechen und die Challenge erfolgreich gemeistert zu haben.<\/p>\n<p>Diese drei Normen bilden das \u00a0<strong>integrierte Managementsystem <\/strong>der biX<strong>. <\/strong><\/p>\n<p>Wir gestalten unsere Prozesse durch ein etabliertes und gelebtes <strong>Qualit\u00e4tsmanagementsystem<\/strong>, ein umfangreiches <strong>Umweltmanagementsystem<\/strong>, sowie ein <strong>Informationssicherheits- Managementsystem<\/strong>.<\/p>\n<p>[\/et_pb_text][\/et_pb_column][\/et_pb_row][et_pb_row _builder_version=&#8220;4.20.4&#8243; _module_preset=&#8220;default&#8220; global_colors_info=&#8220;{}&#8220;][et_pb_column type=&#8220;4_4&#8243; _builder_version=&#8220;4.20.4&#8243; _module_preset=&#8220;default&#8220; global_colors_info=&#8220;{}&#8220;][et_pb_text _builder_version=&#8220;4.20.4&#8243; _module_preset=&#8220;default&#8220; custom_padding=&#8220;40px||||false|false&#8220; global_colors_info=&#8220;{}&#8220;]<\/p>\n<h5>Unser Versprechen an Sie:<\/h5>\n<p>[\/et_pb_text][\/et_pb_column][\/et_pb_row][et_pb_row column_structure=&#8220;2_5,3_5&#8243; make_equal=&#8220;on&#8220; _builder_version=&#8220;4.22.1&#8243; _module_preset=&#8220;default&#8220; global_colors_info=&#8220;{}&#8220;][et_pb_column type=&#8220;2_5&#8243; module_class=&#8220;vertikal-zentrieren&#8220; _builder_version=&#8220;4.22.1&#8243; _module_preset=&#8220;default&#8220; global_colors_info=&#8220;{}&#8220;][et_pb_image src=&#8220;https:\/\/www.bix-consulting.com\/wp-content\/uploads\/2023\/08\/bix_consulting_talogo_qm_um_23.png&#8220; title_text=&#8220;bix_consulting_talogo_qm_um_23&#8243; align=&#8220;center&#8220; _builder_version=&#8220;4.22.1&#8243; _module_preset=&#8220;default&#8220; custom_padding=&#8220;10px|20px|10px|20px|false|false&#8220; global_colors_info=&#8220;{}&#8220;][\/et_pb_image][\/et_pb_column][et_pb_column type=&#8220;3_5&#8243; module_class=&#8220;vertikal-zentrieren&#8220; _builder_version=&#8220;4.22.1&#8243; _module_preset=&#8220;default&#8220; global_colors_info=&#8220;{}&#8220;][et_pb_text _builder_version=&#8220;4.22.1&#8243; _module_preset=&#8220;default&#8220; text_font=&#8220;Roboto|300|||||||&#8220; text_font_size=&#8220;17px&#8220; custom_margin=&#8220;||||false|false&#8220; custom_padding=&#8220;||||false|false&#8220; global_colors_info=&#8220;{}&#8220;]<\/p>\n<p style=\"text-align: justify;\">Ihre Bed\u00fcrfnisse stehen bei uns im Fokus. Wir agieren nach internen Vorgaben und Prozessen, die es uns jederzeit erm\u00f6glichen, auf W\u00fcnsche unserer Kunden gezielt und spontan einzugehen. Unsere Mitarbeiter sind durch regelm\u00e4\u00dfige Trainings immer bestens auf neue Themen vorbereitet und k\u00f6nnen somit ein gro\u00dfes Produktportfolio abdecken \u2013 <strong>Qualit\u00e4t<\/strong> und <strong>Kundenzufriedenheit<\/strong> stehen immer im Mittelpunkt!<\/p>\n<p>[\/et_pb_text][et_pb_button button_url=&#8220;https:\/\/www.bix-consulting.com\/wp-content\/uploads\/2024\/03\/bix_consulting_r_deu_qm_24.pdf&#8220; url_new_window=&#8220;on&#8220; button_text=&#8220;Zertifikat ISO 9001&#8243; button_alignment=&#8220;center&#8220; _builder_version=&#8220;4.24.2&#8243; _module_preset=&#8220;default&#8220; custom_margin=&#8220;10px||5px||false|false&#8220; custom_padding=&#8220;||||false|false&#8220; global_colors_info=&#8220;{}&#8220;][\/et_pb_button][et_pb_text _builder_version=&#8220;4.22.1&#8243; _module_preset=&#8220;default&#8220; text_font=&#8220;Roboto|300|||||||&#8220; text_font_size=&#8220;17px&#8220; custom_margin=&#8220;10px||||false|false&#8220; custom_padding=&#8220;||||false|false&#8220; global_colors_info=&#8220;{}&#8220;]<\/p>\n<p style=\"text-align: justify;\">Als Technologie-Unternehmen im High-End-Segment sehen wir nat\u00fcrlich auch unsere besondere Verantwortung gegen\u00fcber der Umwelt, deshalb liegt uns ein nachhaltiges <strong>Umweltmanagement<\/strong> besonders am Herzen. Wussten Sie, dass wir bereits in naher Zukunft 75% unseres Energiebedarfs decken, indem wir selbst Strom aus erneuerbaren Energien erzeugen?<\/p>\n<p>[\/et_pb_text][et_pb_button button_url=&#8220;https:\/\/www.bix-consulting.com\/wp-content\/uploads\/2024\/03\/bix_consulting_r_deu_um_24.pdf&#8220; url_new_window=&#8220;on&#8220; button_text=&#8220;Zertifikat ISO 14001&#8243; button_alignment=&#8220;center&#8220; _builder_version=&#8220;4.24.2&#8243; _module_preset=&#8220;default&#8220; custom_margin=&#8220;10px||||false|false&#8220; custom_padding=&#8220;||||false|false&#8220; global_colors_info=&#8220;{}&#8220;][\/et_pb_button][\/et_pb_column][\/et_pb_row][et_pb_row column_structure=&#8220;2_5,3_5&#8243; make_equal=&#8220;on&#8220; _builder_version=&#8220;4.22.1&#8243; _module_preset=&#8220;default&#8220; custom_margin=&#8220;-5px||||false|false&#8220; custom_padding=&#8220;0px||||false|false&#8220; global_colors_info=&#8220;{}&#8220;][et_pb_column type=&#8220;2_5&#8243; _builder_version=&#8220;4.16&#8243; _module_preset=&#8220;default&#8220; global_colors_info=&#8220;{}&#8220;][et_pb_image src=&#8220;https:\/\/www.bix-consulting.com\/wp-content\/uploads\/2024\/10\/bix_r_talogo_isms_24.png&#8220; align=&#8220;center&#8220; _builder_version=&#8220;4.25.1&#8243; _module_preset=&#8220;default&#8220; custom_margin=&#8220;||||false|false&#8220; custom_padding=&#8220;||||false|false&#8220; hover_enabled=&#8220;0&#8243; global_colors_info=&#8220;{}&#8220; title_text=&#8220;bix_r_talogo_isms_24&#8243; width=&#8220;64%&#8220; module_alignment=&#8220;center&#8220; max_height=&#8220;90%&#8220; sticky_enabled=&#8220;0&#8243;][\/et_pb_image][\/et_pb_column][et_pb_column type=&#8220;3_5&#8243; module_class=&#8220;vertikal-zentrieren&#8220; _builder_version=&#8220;4.20.4&#8243; _module_preset=&#8220;default&#8220; global_colors_info=&#8220;{}&#8220;][et_pb_text _builder_version=&#8220;4.22.1&#8243; _module_preset=&#8220;default&#8220; text_font=&#8220;Roboto|300|||||||&#8220; text_font_size=&#8220;17px&#8220; custom_margin=&#8220;||||false|false&#8220; custom_padding=&#8220;10px||||false|false&#8220; global_colors_info=&#8220;{}&#8220;]<\/p>\n<p style=\"text-align: justify;\">Ihre Daten sind bei uns sicher. Durch den Betrieb einer hochmodernen IT-Infrastruktur und den Einsatz renommierter L\u00f6sungen von f\u00fchrenden Herstellern k\u00f6nnen wir auch langfristig die Aufrechterhaltung der <strong>Informationssicherheit<\/strong> und Erf\u00fcllung der Schutzziele Vertraulichkeit, Integrit\u00e4t und Verf\u00fcgbarkeit gew\u00e4hrleisten.<\/p>\n<p>[\/et_pb_text][et_pb_button button_url=&#8220;https:\/\/www.bix-consulting.com\/wp-content\/uploads\/2024\/10\/bix_r_27001_deu_24.pdf&#8220; url_new_window=&#8220;on&#8220; button_text=&#8220;Zertifikat ISO 27001&#8243; button_alignment=&#8220;center&#8220; _builder_version=&#8220;4.25.1&#8243; _module_preset=&#8220;default&#8220; custom_margin=&#8220;10px||||false|false&#8220; custom_padding=&#8220;||||false|false&#8220; hover_enabled=&#8220;0&#8243; global_colors_info=&#8220;{}&#8220; sticky_enabled=&#8220;0&#8243;][\/et_pb_button][\/et_pb_column][\/et_pb_row][\/et_pb_section]<\/p>\n","protected":false},"excerpt":{"rendered":"<p>Unsere ZertifikateDie biX Consulting erf\u00fcllt die Standards der Normen ISO9001 (Qualit\u00e4t), ISO14001 (Umwelt) und ISO27001 (Informationssicherheit)Unsere oberste Priorit\u00e4t ist es, unsere Dienstleistungsstandards stets auf h\u00f6chstem Niveau zu halten &#8211; und das nachhaltig. Wir sind n\u00e4mlich erst dann zufrieden, wenn Sie es auch sind!Um Ihnen konsequent auf allen Ebenen den bestm\u00f6glichen Service und ein H\u00f6chstma\u00df an [&hellip;]<\/p>\n","protected":false},"author":4,"featured_media":0,"parent":0,"menu_order":0,"comment_status":"closed","ping_status":"closed","template":"","meta":{"_et_pb_use_builder":"on","_et_pb_old_content":"","_et_gb_content_width":"","_lmt_disableupdate":"no","_lmt_disable":"","_monsterinsights_skip_tracking":false,"_monsterinsights_sitenote_active":false,"_monsterinsights_sitenote_note":"","_monsterinsights_sitenote_category":0,"_uf_show_specific_survey":0,"_uf_disable_surveys":false,"iawp_total_views":131,"footnotes":""},"class_list":["post-2804","page","type-page","status-publish","hentry"],"_links":{"self":[{"href":"https:\/\/www.bix-consulting.com\/en\/wp-json\/wp\/v2\/pages\/2804","targetHints":{"allow":["GET"]}}],"collection":[{"href":"https:\/\/www.bix-consulting.com\/en\/wp-json\/wp\/v2\/pages"}],"about":[{"href":"https:\/\/www.bix-consulting.com\/en\/wp-json\/wp\/v2\/types\/page"}],"author":[{"embeddable":true,"href":"https:\/\/www.bix-consulting.com\/en\/wp-json\/wp\/v2\/users\/4"}],"replies":[{"embeddable":true,"href":"https:\/\/www.bix-consulting.com\/en\/wp-json\/wp\/v2\/comments?post=2804"}],"version-history":[{"count":9,"href":"https:\/\/www.bix-consulting.com\/en\/wp-json\/wp\/v2\/pages\/2804\/revisions"}],"predecessor-version":[{"id":8395,"href":"https:\/\/www.bix-consulting.com\/en\/wp-json\/wp\/v2\/pages\/2804\/revisions\/8395"}],"wp:attachment":[{"href":"https:\/\/www.bix-consulting.com\/en\/wp-json\/wp\/v2\/media?parent=2804"}],"curies":[{"name":"wp","href":"https:\/\/api.w.org\/{rel}","templated":true}]}}