{"id":2636,"date":"2023-04-29T13:03:09","date_gmt":"2023-04-29T11:03:09","guid":{"rendered":"https:\/\/devstage.bix-consulting.com\/?page_id=2636"},"modified":"2024-01-17T09:51:33","modified_gmt":"2024-01-17T08:51:33","slug":"leistungskatalog","status":"publish","type":"page","link":"https:\/\/www.bix-consulting.com\/en\/leistungskatalog\/","title":{"rendered":"service catalog"},"content":{"rendered":"<p>[et_pb_section fb_built=&#8220;1&#8243; fullwidth=&#8220;on&#8220; _builder_version=&#8220;4.16&#8243; global_colors_info=&#8220;{}&#8220;][\/et_pb_section][et_pb_section fb_built=&#8220;1&#8243; _builder_version=&#8220;4.16&#8243; background_image=&#8220;https:\/\/www.bix-consulting.com\/wp-content\/uploads\/2020\/08\/biX-SAP-BI-Consulting-Bild-9-scaled.jpg&#8220; min_height=&#8220;312px&#8220; custom_margin=&#8220;||0px|||&#8220; global_colors_info=&#8220;{}&#8220;][\/et_pb_section][et_pb_section fb_built=&#8220;1&#8243; _builder_version=&#8220;4.16&#8243; min_height=&#8220;407px&#8220; custom_margin=&#8220;||-3px|||&#8220; custom_padding=&#8220;||0px|||&#8220; border_width_bottom=&#8220;3px&#8220; border_color_bottom=&#8220;#e08a00&#8243; locked=&#8220;off&#8220; global_colors_info=&#8220;{}&#8220;][et_pb_row _builder_version=&#8220;4.16&#8243; _module_preset=&#8220;default&#8220; global_colors_info=&#8220;{}&#8220;][et_pb_column type=&#8220;4_4&#8243; _builder_version=&#8220;4.16&#8243; _module_preset=&#8220;default&#8220; global_colors_info=&#8220;{}&#8220;][et_pb_text _builder_version=&#8220;4.16&#8243; _module_preset=&#8220;default&#8220; text_font=&#8220;Roboto|300|||||||&#8220; text_font_size=&#8220;30px&#8220; global_colors_info=&#8220;{}&#8220;]<\/p>\n<p style=\"text-align: center;\">SAP Basis Managed Service<\/p>\n<p>[\/et_pb_text][et_pb_text _builder_version=&#8220;4.16&#8243; _module_preset=&#8220;default&#8220; text_font=&#8220;Roboto|300|||||||&#8220; text_font_size=&#8220;17px&#8220; global_colors_info=&#8220;{}&#8220;]<\/p>\n<p><span data-contrast=\"auto\"><\/span><\/p>\n<p><span data-contrast=\"auto\"><\/span><\/p>\n<p><span data-contrast=\"auto\"><\/span><\/p>\n<p><span data-contrast=\"auto\">Als SAP Gold Partner unterst\u00fctzen wir Sie gerne mit unserem SAP Basis Managed Service mit individuellen L\u00f6sungen, die auf Ihre Bed\u00fcrfnisse zugeschnitten werden. Ob im Tagesbetrieb oder im Projektgesch\u00e4ft stehen Ihnen h\u00f6chst kompetente SAP Basis Berater zur Verf\u00fcgung, die durch Eins\u00e4tze in unterschiedlichsten Branchen bei Unternehmen aller Gr\u00f6\u00dfen fassettenreichste Expertisen gesammelt haben. Durch Tagungen und fortlaufende Schulungen und Zertifizierungen werden die Leistungen unserer Experten <\/span><span data-contrast=\"auto\">fortlaufend<\/span> <span data-contrast=\"auto\">erweitert<\/span><span data-contrast=\"auto\"> und sind f\u00fcr jegliche Situationen gewappnet. <\/span><span><br \/><\/span><span data-ccp-props=\"{&quot;201341983&quot;:0,&quot;335551550&quot;:6,&quot;335551620&quot;:6,&quot;335559738&quot;:120,&quot;335559740&quot;:312,&quot;469777462&quot;:[1134,2268,3402,4536,5670,6804,7938,9072],&quot;469777927&quot;:[0,0,0,0,0,0,0,0],&quot;469777928&quot;:[1,1,1,1,1,1,1,4]}\">\u00a0<\/span><\/p>\n<p aria-level=\"2\"><strong>Software Lifecycle Management\u00a0<\/strong><\/p>\n<ul>\n<li><span data-contrast=\"auto\">Installation und Konfiguration der SAP-Systemlandschaft<\/span><span data-ccp-props=\"{&quot;201341983&quot;:0,&quot;335551550&quot;:1,&quot;335551620&quot;:1,&quot;335559685&quot;:993,&quot;335559738&quot;:80,&quot;335559740&quot;:240,&quot;335559991&quot;:633,&quot;469777462&quot;:[1134,2268,3402,4536,5670,6804,7938,9072],&quot;469777927&quot;:[0,0,0,0,0,0,0,0],&quot;469777928&quot;:[1,1,1,1,1,1,1,4]}\">\u00a0<\/span><\/li>\n<li><span data-contrast=\"auto\">System- und Mandantencopy\u00a0<\/span><span data-ccp-props=\"{&quot;201341983&quot;:0,&quot;335551550&quot;:1,&quot;335551620&quot;:1,&quot;335559685&quot;:993,&quot;335559738&quot;:80,&quot;335559740&quot;:240,&quot;335559991&quot;:633,&quot;469777462&quot;:[1134,2268,3402,4536,5670,6804,7938,9072],&quot;469777927&quot;:[0,0,0,0,0,0,0,0],&quot;469777928&quot;:[1,1,1,1,1,1,1,4]}\">\u00a0<\/span><\/li>\n<li><span data-ccp-props=\"{&quot;201341983&quot;:0,&quot;335551550&quot;:1,&quot;335551620&quot;:1,&quot;335559685&quot;:993,&quot;335559738&quot;:80,&quot;335559740&quot;:240,&quot;335559991&quot;:633,&quot;469777462&quot;:[1134,2268,3402,4536,5670,6804,7938,9072],&quot;469777927&quot;:[0,0,0,0,0,0,0,0],&quot;469777928&quot;:[1,1,1,1,1,1,1,4]}\">Release Upgrades<\/span><\/li>\n<li><span data-ccp-props=\"{&quot;201341983&quot;:0,&quot;335551550&quot;:1,&quot;335551620&quot;:1,&quot;335559685&quot;:993,&quot;335559738&quot;:80,&quot;335559740&quot;:240,&quot;335559991&quot;:633,&quot;469777462&quot;:[1134,2268,3402,4536,5670,6804,7938,9072],&quot;469777927&quot;:[0,0,0,0,0,0,0,0],&quot;469777928&quot;:[1,1,1,1,1,1,1,4]}\">Unicode Conversion<\/span><\/li>\n<li><span data-ccp-props=\"{&quot;201341983&quot;:0,&quot;335551550&quot;:1,&quot;335551620&quot;:1,&quot;335559685&quot;:993,&quot;335559738&quot;:80,&quot;335559740&quot;:240,&quot;335559991&quot;:633,&quot;469777462&quot;:[1134,2268,3402,4536,5670,6804,7938,9072],&quot;469777927&quot;:[0,0,0,0,0,0,0,0],&quot;469777928&quot;:[1,1,1,1,1,1,1,4]}\">Enhancement Package Installation<\/span><\/li>\n<li><span data-ccp-props=\"{&quot;201341983&quot;:0,&quot;335551550&quot;:1,&quot;335551620&quot;:1,&quot;335559685&quot;:993,&quot;335559738&quot;:80,&quot;335559740&quot;:240,&quot;335559991&quot;:633,&quot;469777462&quot;:[1134,2268,3402,4536,5670,6804,7938,9072],&quot;469777927&quot;:[0,0,0,0,0,0,0,0],&quot;469777928&quot;:[1,1,1,1,1,1,1,4]}\">Support Package Installation<\/span><\/li>\n<li><span data-ccp-props=\"{&quot;201341983&quot;:0,&quot;335551550&quot;:1,&quot;335551620&quot;:1,&quot;335559685&quot;:993,&quot;335559738&quot;:80,&quot;335559740&quot;:240,&quot;335559991&quot;:633,&quot;469777462&quot;:[1134,2268,3402,4536,5670,6804,7938,9072],&quot;469777927&quot;:[0,0,0,0,0,0,0,0],&quot;469777928&quot;:[1,1,1,1,1,1,1,4]}\">Sicherheitsupdates<\/span><\/li>\n<li><span data-ccp-props=\"{&quot;201341983&quot;:0,&quot;335551550&quot;:1,&quot;335551620&quot;:1,&quot;335559685&quot;:993,&quot;335559738&quot;:80,&quot;335559740&quot;:240,&quot;335559991&quot;:633,&quot;469777462&quot;:[1134,2268,3402,4536,5670,6804,7938,9072],&quot;469777927&quot;:[0,0,0,0,0,0,0,0],&quot;469777928&quot;:[1,1,1,1,1,1,1,4]}\">Datenbank Upgrade<\/span>\n<ul><\/ul>\n<\/li>\n<\/ul>\n<p aria-level=\"2\"><strong>SAP-Technologieberatung\u00a0<\/strong><\/p>\n<ul><\/ul>\n<ul>\n<li data-leveltext=\"\uf0b7\" data-font=\"Symbol\" data-listid=\"9\" aria-setsize=\"-1\" data-aria-posinset=\"2\" data-aria-level=\"1\"><span>Planung und Konzeption der Systemarchitektur<\/span><\/li>\n<li data-leveltext=\"\uf0b7\" data-font=\"Symbol\" data-listid=\"9\" aria-setsize=\"-1\" data-aria-posinset=\"2\" data-aria-level=\"1\"><span>System-Layout, Hardware-Sizing, Automatisierte System\u00fcberwachung<\/span><\/li>\n<li data-leveltext=\"\uf0b7\" data-font=\"Symbol\" data-listid=\"9\" aria-setsize=\"-1\" data-aria-posinset=\"2\" data-aria-level=\"1\"><span>Konfiguration &amp; Operation des SAP Solution Managers<\/span><\/li>\n<li data-leveltext=\"\uf0b7\" data-font=\"Symbol\" data-listid=\"9\" aria-setsize=\"-1\" data-aria-posinset=\"2\" data-aria-level=\"1\"><span>Migration und Umzug SAP-Systeme und SAP Hana<\/span><\/li>\n<li data-leveltext=\"\uf0b7\" data-font=\"Symbol\" data-listid=\"9\" aria-setsize=\"-1\" data-aria-posinset=\"2\" data-aria-level=\"1\"><span>SAP-Cloud und Cloud Services\u00a0<\/span><span data-ccp-props=\"{&quot;201341983&quot;:0,&quot;335551550&quot;:1,&quot;335551620&quot;:1,&quot;335559685&quot;:1134,&quot;335559738&quot;:80,&quot;335559740&quot;:240,&quot;335559991&quot;:774,&quot;469777462&quot;:[1134,2268,3402,4536,5670,6804,7938,9072],&quot;469777927&quot;:[0,0,0,0,0,0,0,0],&quot;469777928&quot;:[1,1,1,1,1,1,1,4]}\"><br \/><\/span><\/li>\n<\/ul>\n<p aria-level=\"2\"><strong>SAP-Betrieb\u00a0<\/strong><\/p>\n<ul><\/ul>\n<ul>\n<li data-leveltext=\"\uf0b7\" data-font=\"Symbol\" data-listid=\"9\" aria-setsize=\"-1\" data-aria-posinset=\"1\" data-aria-level=\"1\"><span>Backup-, Restore- und Snapshot-Routinen<\/span><span data-ccp-props=\"{&quot;201341983&quot;:0,&quot;335551550&quot;:1,&quot;335551620&quot;:1,&quot;335559685&quot;:1134,&quot;335559738&quot;:80,&quot;335559740&quot;:240,&quot;335559991&quot;:774,&quot;469777462&quot;:[1134,2268,3402,4536,5670,6804,7938,9072],&quot;469777927&quot;:[0,0,0,0,0,0,0,0],&quot;469777928&quot;:[1,1,1,1,1,1,1,4]}\"><br \/><\/span><\/li>\n<li><span data-contrast=\"auto\">Transport-Management<\/span><span data-ccp-props=\"{&quot;201341983&quot;:0,&quot;335551550&quot;:1,&quot;335551620&quot;:1,&quot;335559738&quot;:80,&quot;335559740&quot;:240,&quot;469777462&quot;:[1134,2268,3402,4536,5670,6804,7938,9072],&quot;469777927&quot;:[0,0,0,0,0,0,0,0],&quot;469777928&quot;:[1,1,1,1,1,1,1,4]}\">\u00a0<\/span><\/li>\n<li><span data-contrast=\"auto\">User- und Security-Management<\/span><span data-ccp-props=\"{&quot;201341983&quot;:0,&quot;335551550&quot;:1,&quot;335551620&quot;:1,&quot;335559738&quot;:80,&quot;335559740&quot;:240,&quot;469777462&quot;:[1134,2268,3402,4536,5670,6804,7938,9072],&quot;469777927&quot;:[0,0,0,0,0,0,0,0],&quot;469777928&quot;:[1,1,1,1,1,1,1,4]}\">\u00a0<\/span><\/li>\n<li><span data-contrast=\"auto\">Datenbank-Management<\/span><span data-ccp-props=\"{&quot;201341983&quot;:0,&quot;335551550&quot;:1,&quot;335551620&quot;:1,&quot;335559738&quot;:80,&quot;335559740&quot;:240,&quot;469777462&quot;:[1134,2268,3402,4536,5670,6804,7938,9072],&quot;469777927&quot;:[0,0,0,0,0,0,0,0],&quot;469777928&quot;:[1,1,1,1,1,1,1,4]}\">\u00a0<\/span><\/li>\n<li><span data-contrast=\"auto\">Troubleshooting und Support<\/span><span data-ccp-props=\"{&quot;201341983&quot;:0,&quot;335551550&quot;:1,&quot;335551620&quot;:1,&quot;335559738&quot;:80,&quot;335559740&quot;:240,&quot;469777462&quot;:[1134,2268,3402,4536,5670,6804,7938,9072],&quot;469777927&quot;:[0,0,0,0,0,0,0,0],&quot;469777928&quot;:[1,1,1,1,1,1,1,4]}\">\u00a0<\/span><\/li>\n<li><span data-contrast=\"auto\">Performanceanalyse und -tuning<\/span><span data-ccp-props=\"{&quot;201341983&quot;:0,&quot;335551550&quot;:1,&quot;335551620&quot;:1,&quot;335559738&quot;:80,&quot;335559740&quot;:240,&quot;469777462&quot;:[1134,2268,3402,4536,5670,6804,7938,9072],&quot;469777927&quot;:[0,0,0,0,0,0,0,0],&quot;469777928&quot;:[1,1,1,1,1,1,1,4]}\">\u00a0<\/span><\/li>\n<li><span data-contrast=\"auto\">Parametrisierung<\/span><span data-ccp-props=\"{&quot;201341983&quot;:0,&quot;335551550&quot;:1,&quot;335551620&quot;:1,&quot;335559738&quot;:80,&quot;335559740&quot;:240,&quot;469777462&quot;:[1134,2268,3402,4536,5670,6804,7938,9072],&quot;469777927&quot;:[0,0,0,0,0,0,0,0],&quot;469777928&quot;:[1,1,1,1,1,1,1,4]}\">\u00a0<\/span><\/li>\n<li><span data-contrast=\"auto\">\u00dcberwachung der Datenbank, des Betriebssystems und des SAP-Systems<\/span><span><br \/><\/span><span data-ccp-props=\"{&quot;201341983&quot;:0,&quot;335551550&quot;:1,&quot;335551620&quot;:1,&quot;335559738&quot;:80,&quot;335559740&quot;:240,&quot;469777462&quot;:[1134,2268,3402,4536,5670,6804,7938,9072],&quot;469777927&quot;:[0,0,0,0,0,0,0,0],&quot;469777928&quot;:[1,1,1,1,1,1,1,4]}\">\u00a0<\/span><\/li>\n<\/ul>\n<p aria-level=\"2\"><strong>Weitere Leistungen\u00a0<\/strong><\/p>\n<ul>\n<li data-leveltext=\"\uf0b7\" data-font=\"Symbol\" data-listid=\"9\" aria-setsize=\"-1\" data-aria-posinset=\"1\" data-aria-level=\"1\"><span data-contrast=\"auto\">Implementierung<\/span><span data-contrast=\"auto\"> von SAP Single Sign On<\/span><\/li>\n<li data-leveltext=\"\uf0b7\" data-font=\"Symbol\" data-listid=\"9\" aria-setsize=\"-1\" data-aria-posinset=\"1\" data-aria-level=\"1\"><span data-contrast=\"auto\">Konnektivit\u00e4t und Sicherheit zwischen SAP und Non-SAP Systemen<\/span><span data-ccp-props=\"{&quot;201341983&quot;:0,&quot;335551550&quot;:1,&quot;335551620&quot;:1,&quot;335559738&quot;:80,&quot;335559740&quot;:240,&quot;469777462&quot;:[1134,2268,3402,4536,5670,6804,7938,9072],&quot;469777927&quot;:[0,0,0,0,0,0,0,0],&quot;469777928&quot;:[1,1,1,1,1,1,1,4]}\"><br \/><\/span><\/li>\n<li data-leveltext=\"\uf0b7\" data-font=\"Symbol\" data-listid=\"9\" aria-setsize=\"-1\" data-aria-posinset=\"1\" data-aria-level=\"1\"><span data-contrast=\"auto\">Schnittstellen zwischen On-Premise und Cloud Services<\/span><\/li>\n<li data-leveltext=\"\uf0b7\" data-font=\"Symbol\" data-listid=\"9\" aria-setsize=\"-1\" data-aria-posinset=\"1\" data-aria-level=\"1\"><span data-contrast=\"auto\">Betreuung und Consulting des Betriebssystems<\/span><\/li>\n<\/ul>\n<p><span data-ccp-props=\"{&quot;201341983&quot;:0,&quot;335551550&quot;:1,&quot;335551620&quot;:1,&quot;335559738&quot;:80,&quot;335559740&quot;:240,&quot;469777462&quot;:[1134,2268,3402,4536,5670,6804,7938,9072],&quot;469777927&quot;:[0,0,0,0,0,0,0,0],&quot;469777928&quot;:[1,1,1,1,1,1,1,4]}\">\u00a0<\/span><span data-ccp-props=\"{&quot;201341983&quot;:0,&quot;335551550&quot;:1,&quot;335551620&quot;:1,&quot;335559738&quot;:80,&quot;335559740&quot;:240,&quot;469777462&quot;:[1134,2268,3402,4536,5670,6804,7938,9072],&quot;469777927&quot;:[0,0,0,0,0,0,0,0],&quot;469777928&quot;:[1,1,1,1,1,1,1,4]}\"><\/span><\/p>\n<p>[\/et_pb_text][et_pb_text _builder_version=&#8220;4.16&#8243; _module_preset=&#8220;default&#8220; text_font=&#8220;Roboto|300|||||||&#8220; text_font_size=&#8220;17px&#8220; global_colors_info=&#8220;{}&#8220;]<\/p>\n<h4 aria-level=\"1\"><b><span data-contrast=\"auto\">Leistungskatalog Hana-Administrationsaufgaben<\/span><\/b><span data-ccp-props=\"{&quot;201341983&quot;:0,&quot;335551550&quot;:1,&quot;335551620&quot;:1,&quot;335559685&quot;:567,&quot;335559738&quot;:360,&quot;335559740&quot;:312,&quot;335559991&quot;:567,&quot;469777462&quot;:[1134,2268,3402,4536,5670,6804,7938,9072],&quot;469777927&quot;:[0,0,0,0,0,0,0,0],&quot;469777928&quot;:[1,1,1,1,1,1,1,4]}\">\u00a0<\/span><\/h4>\n<p>&nbsp;<\/p>\n<p><strong>Allgemeine Administration<\/strong><\/p>\n<p><strong><\/strong><\/p>\n<ul>\n<li><span data-contrast=\"auto\">Administrieren von Single- und Multi-Container Hana Systemarchitekturen (Tenant- und System-DB, XS-Runtime-Platform) in Single- und Multi-Host (Distributed) Systemen.<\/span><span data-ccp-props=\"{&quot;201341983&quot;:0,&quot;335551550&quot;:1,&quot;335551620&quot;:1,&quot;335559738&quot;:80,&quot;335559740&quot;:240,&quot;469777462&quot;:[1134,2268,3402,4536,5670,6804,7938,9072],&quot;469777927&quot;:[0,0,0,0,0,0,0,0],&quot;469777928&quot;:[1,1,1,1,1,1,1,4]}\">\u00a0<\/span><\/li>\n<li><span data-contrast=\"auto\">Parametrisierung von Hana-Systemen<\/span><span data-ccp-props=\"{&quot;201341983&quot;:0,&quot;335551550&quot;:1,&quot;335551620&quot;:1,&quot;335559738&quot;:80,&quot;335559740&quot;:240,&quot;469777462&quot;:[1134,2268,3402,4536,5670,6804,7938,9072],&quot;469777927&quot;:[0,0,0,0,0,0,0,0],&quot;469777928&quot;:[1,1,1,1,1,1,1,4]}\">\u00a0<\/span><\/li>\n<li><span data-contrast=\"auto\">Verwaltung der Hana Lizenz(en)<\/span><span data-ccp-props=\"{&quot;201341983&quot;:0,&quot;335551550&quot;:1,&quot;335551620&quot;:1,&quot;335559738&quot;:80,&quot;335559740&quot;:240,&quot;469777462&quot;:[1134,2268,3402,4536,5670,6804,7938,9072],&quot;469777927&quot;:[0,0,0,0,0,0,0,0],&quot;469777928&quot;:[1,1,1,1,1,1,1,4]}\">\u00a0<\/span><\/li>\n<li><span data-contrast=\"auto\">Landscape Management <\/span>\n<ul>\n<li>Systemkopien und -umz\u00fcge<br \/><span data-ccp-props=\"{&quot;201341983&quot;:0,&quot;335551550&quot;:1,&quot;335551620&quot;:1,&quot;335559738&quot;:80,&quot;335559740&quot;:240,&quot;469777462&quot;:[1134,2268,3402,4536,5670,6804,7938,9072],&quot;469777927&quot;:[0,0,0,0,0,0,0,0],&quot;469777928&quot;:[1,1,1,1,1,1,1,4]}\"><\/span><\/li>\n<li>Kopieren von einzelnen Tenents<\/li>\n<li>Systemumbenennung<\/li>\n<\/ul>\n<\/li>\n<li>Anbindung von Hana-Administration-Tools\n<ul>\n<li>Hana Cockpit<\/li>\n<li>Hana Studio<\/li>\n<li>HWCCT (f\u00fcr TDI)<\/li>\n<li>Solution Manager<\/li>\n<\/ul>\n<\/li>\n<li>Verwaltung von Tenant-DBs (Erstellung, Konfiguration, &#8230;)<\/li>\n<li>Hana-Lifecycle-Management (Hana-System-Upgrades, XS-Deployments, &#8230;)<\/li>\n<li>Netzwerk Management (Verwaltung von Ports und Namensaufl\u00f6sungen)<\/li>\n<li>Hana XS-, XSA-Administration: Jobs, Zertifikate<\/li>\n<li>Deployment-Management: HDI, HTA, CTS, CTS+<\/li>\n<\/ul>\n<p><strong>Security Berechtigungen<\/strong><\/p>\n<ul>\n<li>User- und Berechtigungsmanagement\n<ul>\n<li>Authentication<\/li>\n<li>SSO<\/li>\n<li>Verwaltung, Anlage und Zuweisung von Privilegien und Rollen (System Privilieges, Object Privileges, Analytic Privileges, Package Privileges, Application Privileges)<\/li>\n<li>Erstellung von Berechtigungen f\u00fcr externe Zugriffe<\/li>\n<li>XS, XSA Benutzer- und Berechtigungsmanagement<\/li>\n<\/ul>\n<\/li>\n<li>Security-Management: Monitoring von kritischen Security-Settings, Auditing, Encryption, Client-Zertifikate<\/li>\n<li>Availability-Management (Backup\/Recovery, Einrichtung von Hochverf\u00fcgbarkeitssystemen, Skalieren von Hana Systemen)<\/li>\n<\/ul>\n<p><strong>Performance<\/strong><\/p>\n<ul>\n<li>Performance-Monitoring, -Management und -Analyse<\/li>\n<li>Monitoring von Tenant-DBs und Einschr\u00e4nken des Ressourcen Verbrauchs, Webdispatcher f\u00fcr Loadbalancing<\/li>\n<li>Einrichtung von aggregiertem Monitoring und Administration (Multi Ressource Management)<\/li>\n<\/ul>\n<p><strong>Daten- und Tabellen-Management<\/strong><\/p>\n<ul>\n<li>Konsistenzpr\u00fcfungen<\/li>\n<li>Delta-Merge<\/li>\n<li>Daten Konmprimierung<\/li>\n<li>Table-Partitioning, -Placement und -Replication<\/li>\n<li>Data Access Administration: Smart Data Access, Hadoop Integration, SAC-Anbindungen<\/li>\n<\/ul>\n<p>[\/et_pb_text][\/et_pb_column][\/et_pb_row][\/et_pb_section]<\/p>\n","protected":false},"excerpt":{"rendered":"<p>SAP Basis Managed Service Als SAP Gold Partner unterst\u00fctzen wir Sie gerne mit unserem SAP Basis Managed Service mit individuellen L\u00f6sungen, die auf Ihre Bed\u00fcrfnisse zugeschnitten werden. Ob im Tagesbetrieb oder im Projektgesch\u00e4ft stehen Ihnen h\u00f6chst kompetente SAP Basis Berater zur Verf\u00fcgung, die durch Eins\u00e4tze in unterschiedlichsten Branchen bei Unternehmen aller Gr\u00f6\u00dfen fassettenreichste Expertisen gesammelt [&hellip;]<\/p>\n","protected":false},"author":4,"featured_media":0,"parent":0,"menu_order":0,"comment_status":"closed","ping_status":"closed","template":"","meta":{"_et_pb_use_builder":"on","_et_pb_old_content":"","_et_gb_content_width":"","_lmt_disableupdate":"no","_lmt_disable":"","_monsterinsights_skip_tracking":false,"_monsterinsights_sitenote_active":false,"_monsterinsights_sitenote_note":"","_monsterinsights_sitenote_category":0,"_uf_show_specific_survey":0,"_uf_disable_surveys":false,"iawp_total_views":10,"footnotes":""},"class_list":["post-2636","page","type-page","status-publish","hentry"],"_links":{"self":[{"href":"https:\/\/www.bix-consulting.com\/en\/wp-json\/wp\/v2\/pages\/2636","targetHints":{"allow":["GET"]}}],"collection":[{"href":"https:\/\/www.bix-consulting.com\/en\/wp-json\/wp\/v2\/pages"}],"about":[{"href":"https:\/\/www.bix-consulting.com\/en\/wp-json\/wp\/v2\/types\/page"}],"author":[{"embeddable":true,"href":"https:\/\/www.bix-consulting.com\/en\/wp-json\/wp\/v2\/users\/4"}],"replies":[{"embeddable":true,"href":"https:\/\/www.bix-consulting.com\/en\/wp-json\/wp\/v2\/comments?post=2636"}],"version-history":[{"count":1,"href":"https:\/\/www.bix-consulting.com\/en\/wp-json\/wp\/v2\/pages\/2636\/revisions"}],"predecessor-version":[{"id":7190,"href":"https:\/\/www.bix-consulting.com\/en\/wp-json\/wp\/v2\/pages\/2636\/revisions\/7190"}],"wp:attachment":[{"href":"https:\/\/www.bix-consulting.com\/en\/wp-json\/wp\/v2\/media?parent=2636"}],"curies":[{"name":"wp","href":"https:\/\/api.w.org\/{rel}","templated":true}]}}