{"id":2627,"date":"2023-04-29T12:21:14","date_gmt":"2023-04-29T10:21:14","guid":{"rendered":"https:\/\/devstage.bix-consulting.com\/?page_id=2627"},"modified":"2024-01-17T09:52:33","modified_gmt":"2024-01-17T08:52:33","slug":"technical-consulting","status":"publish","type":"page","link":"https:\/\/www.bix-consulting.com\/en\/technical-consulting\/","title":{"rendered":"Technical Consulting"},"content":{"rendered":"<p>[et_pb_section fb_built=&#8220;1&#8243; fullwidth=&#8220;on&#8220; _builder_version=&#8220;4.16&#8243; global_colors_info=&#8220;{}&#8220;][\/et_pb_section][et_pb_section fb_built=&#8220;1&#8243; _builder_version=&#8220;4.16&#8243; background_image=&#8220;https:\/\/www.bix-consulting.com\/wp-content\/uploads\/2020\/08\/consultingblau.jpg&#8220; min_height=&#8220;312px&#8220; custom_margin=&#8220;||0px|||&#8220; global_colors_info=&#8220;{}&#8220;][\/et_pb_section][et_pb_section fb_built=&#8220;1&#8243; _builder_version=&#8220;4.16&#8243; global_colors_info=&#8220;{}&#8220;][et_pb_row _builder_version=&#8220;4.16&#8243; global_colors_info=&#8220;{}&#8220;][et_pb_column type=&#8220;4_4&#8243; _builder_version=&#8220;4.16&#8243; global_colors_info=&#8220;{}&#8220;][et_pb_text _builder_version=&#8220;4.16&#8243; text_font=&#8220;Roboto|300|||||||&#8220; text_font_size=&#8220;45px&#8220; text_font_size_tablet=&#8220;37px&#8220; text_font_size_phone=&#8220;21px&#8220; text_font_size_last_edited=&#8220;on|phone&#8220; global_colors_info=&#8220;{}&#8220;]<\/p>\n<p style=\"text-align: center;\">Technical \/ SAP Basis Consulting<\/p>\n<p>[\/et_pb_text][\/et_pb_column][\/et_pb_row][et_pb_row _builder_version=&#8220;4.16&#8243; global_colors_info=&#8220;{}&#8220;][et_pb_column type=&#8220;4_4&#8243; _builder_version=&#8220;4.16&#8243; global_colors_info=&#8220;{}&#8220;][et_pb_text _builder_version=&#8220;4.16&#8243; text_font=&#8220;Roboto|300|||||||&#8220; text_font_size=&#8220;17px&#8220; text_letter_spacing=&#8220;1px&#8220; global_colors_info=&#8220;{}&#8220;]<\/p>\n<p style=\"text-align: center;\"><span data-contrast=\"auto\">Als SAP Gold Partner unterst\u00fctzen wir Sie gerne mit unserem <\/span><span data-contrast=\"auto\">Technical Consulting<\/span><span data-contrast=\"auto\"> mit individuellen L\u00f6sungen, die auf Ihre Bed\u00fcrfnisse zugeschnitten werden. Ob im Tagesbetrieb oder im Projektgesch\u00e4ft stehen Ihnen h\u00f6chst kompetente SAP Basis Berater zur Verf\u00fcgung, die durch Eins\u00e4tze in unterschiedlichsten Branchen bei Unternehmen aller Gr\u00f6\u00dfen fassettenreichste Expertisen gesammelt haben. Durch Tagungen und fortlaufende Schulungen sowie Zertifizierungen werden die Leistungen unserer Experten <\/span><span data-contrast=\"auto\">stetig<\/span><span data-contrast=\"auto\"> erweitert<\/span><span data-contrast=\"auto\"> und sind f\u00fcr jegliche Situationen gewappnet.<\/span><span data-ccp-props=\"{&quot;201341983&quot;:0,&quot;335551550&quot;:2,&quot;335551620&quot;:2,&quot;335559739&quot;:160,&quot;335559740&quot;:259}\">\u00a0<\/span><\/p>\n<p style=\"text-align: center;\"><span>\u00a0<\/span><\/p>\n<p>[\/et_pb_text][\/et_pb_column][\/et_pb_row][\/et_pb_section][et_pb_section fb_built=&#8220;1&#8243; _builder_version=&#8220;4.16&#8243; background_color=&#8220;#f4f4f4&#8243; locked=&#8220;off&#8220; global_colors_info=&#8220;{}&#8220;][et_pb_row column_structure=&#8220;1_3,1_3,1_3&#8243; _builder_version=&#8220;4.16&#8243; global_colors_info=&#8220;{}&#8220;][et_pb_column type=&#8220;1_3&#8243; _builder_version=&#8220;4.16&#8243; global_colors_info=&#8220;{}&#8220;][et_pb_text _builder_version=&#8220;4.16&#8243; text_font=&#8220;Roboto|300|||||||&#8220; text_text_color=&#8220;#000000&#8243; text_font_size=&#8220;17px&#8220; transform_scale_tablet=&#8220;&#8220; transform_scale_phone=&#8220;&#8220; transform_scale_last_edited=&#8220;on|phone&#8220; transform_translate=&#8220;-83px|-12px&#8220; transform_translate_tablet=&#8220;6px|3px&#8220; transform_translate_phone=&#8220;1px|-33px&#8220; transform_translate_last_edited=&#8220;on|phone&#8220; transform_rotate_tablet=&#8220;&#8220; transform_rotate_phone=&#8220;&#8220; transform_rotate_last_edited=&#8220;on|phone&#8220; transform_skew_tablet=&#8220;&#8220; transform_skew_phone=&#8220;&#8220; transform_skew_last_edited=&#8220;on|phone&#8220; transform_origin_tablet=&#8220;&#8220; transform_origin_phone=&#8220;&#8220; transform_origin_last_edited=&#8220;on|phone&#8220; transform_styles_last_edited=&#8220;on|phone&#8220; transform_styles_tablet=&#8220;&#8220; transform_styles_phone=&#8220;&#8220; global_colors_info=&#8220;{}&#8220;]<\/p>\n<div class=\"elementor-element elementor-element-2854ff0 elementor-widget elementor-widget-heading\" data-id=\"2854ff0\" data-element_type=\"widget\" data-widget_type=\"heading.default\">\n<div class=\"elementor-widget-container\">\n<h2 class=\"elementor-heading-title elementor-size-default\" style=\"text-align: center;\"><span style=\"color: #ff9900;\">Lifecycle Management<br \/><\/span><\/h2>\n<\/div>\n<\/div>\n<div class=\"elementor-element elementor-element-a1fab3c elementor-widget elementor-widget-text-editor\" data-id=\"a1fab3c\" data-element_type=\"widget\" data-widget_type=\"text-editor.default\">\n<div class=\"elementor-widget-container\">\n<div class=\"elementor-text-editor elementor-clearfix\">\n<p style=\"text-align: justify;\"><span data-contrast=\"auto\">Egal ob klassische ERP Systeme oder moderne S\/4 Systeme, d<\/span><span data-contrast=\"auto\">ie SAP Systemlandschaften unterliegen einer st\u00e4ndigen Ver\u00e4nderung und m\u00fcssen stetig auf dem neusten Stand gehalten werden<\/span><span data-contrast=\"auto\">.<\/span> <span data-contrast=\"auto\">Egal ob bei On-<\/span><span data-contrast=\"auto\">Premise<\/span><span data-contrast=\"auto\"> oder Cloud-L\u00f6sungen folgt nach <\/span><span data-contrast=\"auto\">der Implementierung der Betrieb<\/span><span data-contrast=\"auto\"> und<\/span><span data-contrast=\"auto\"> eine fortlaufende Optimierung<\/span><span data-contrast=\"auto\">, welches in <\/span><span data-contrast=\"auto\">einem kontinuierlichen Verbesserung Prozess m\u00fcndet.<\/span><span data-contrast=\"auto\"> Durch sich \u00e4ndernde Anforderungen ist ein h\u00f6chstes Ma\u00df an Flexibilit\u00e4t gefragt, wobei wir Sie gerne unterst\u00fctzen.<\/span><span data-contrast=\"auto\">\u00a0<\/span><span data-ccp-props=\"{&quot;201341983&quot;:0,&quot;335559740&quot;:259}\">\u00a0<\/span><\/p>\n<\/div>\n<\/div>\n<\/div>\n<p>[\/et_pb_text][\/et_pb_column][et_pb_column type=&#8220;1_3&#8243; _builder_version=&#8220;4.16&#8243; global_colors_info=&#8220;{}&#8220;][et_pb_text _builder_version=&#8220;4.16&#8243; text_font=&#8220;Roboto|300|||||||&#8220; text_text_color=&#8220;#000000&#8243; text_font_size=&#8220;17px&#8220; transform_scale_tablet=&#8220;&#8220; transform_scale_phone=&#8220;&#8220; transform_scale_last_edited=&#8220;on|phone&#8220; transform_translate=&#8220;4px|-12px&#8220; transform_translate_tablet=&#8220;3px|22px&#8220; transform_translate_phone=&#8220;-1px|-4px&#8220; transform_translate_last_edited=&#8220;on|phone&#8220; transform_rotate_tablet=&#8220;&#8220; transform_rotate_phone=&#8220;&#8220; transform_rotate_last_edited=&#8220;on|phone&#8220; transform_skew_tablet=&#8220;&#8220; transform_skew_phone=&#8220;&#8220; transform_skew_last_edited=&#8220;on|phone&#8220; transform_origin_tablet=&#8220;&#8220; transform_origin_phone=&#8220;&#8220; transform_origin_last_edited=&#8220;on|phone&#8220; transform_styles_last_edited=&#8220;on|phone&#8220; transform_styles_tablet=&#8220;&#8220; transform_styles_phone=&#8220;&#8220; locked=&#8220;off&#8220; global_colors_info=&#8220;{}&#8220;]<\/p>\n<div class=\"elementor-element elementor-element-2854ff0 elementor-widget elementor-widget-heading\" data-id=\"2854ff0\" data-element_type=\"widget\" data-widget_type=\"heading.default\">\n<div class=\"elementor-widget-container\">\n<h2 class=\"elementor-heading-title elementor-size-default\" style=\"text-align: center;\"><span style=\"color: #ff9900;\">Berechtigungen &amp; Security<br \/><\/span><\/h2>\n<\/div>\n<\/div>\n<div class=\"elementor-element elementor-element-a1fab3c elementor-widget elementor-widget-text-editor\" data-id=\"a1fab3c\" data-element_type=\"widget\" data-widget_type=\"text-editor.default\">\n<div class=\"elementor-widget-container\">\n<div class=\"elementor-text-editor elementor-clearfix\">\n<p style=\"text-align: justify;\"><span data-contrast=\"auto\">Die SAP Systeme stellen in den meisten F\u00e4llen das Herzst\u00fcck einer IT-Landschaft dar.\u00a0<\/span><span data-contrast=\"auto\">Umso wichtiger ist eine l\u00fcckenloses Sicherheitskonzept, welches Sie vor <\/span><span data-contrast=\"auto\">Datenverlust und Datendiebstahl oder externen Angriffen sch\u00fctzt. Dies wird zum einen durch umfassende Berechtigungskonzepte erreicht, zum anderen m\u00fcssen Sicherheitsaspekte bereits bei der Konzeptionierung im Fokus liegen. Wir sch\u00fctzen Sie dabei gerne durch entsprechende Parametrisierungen und Konfigurationen und k\u00f6nnen Ihnen ein h\u00f6chstm\u00f6gliches Level an Security bieten. <\/span><span data-ccp-props=\"{&quot;201341983&quot;:0,&quot;335559740&quot;:259}\">\u00a0<\/span><\/p>\n<p><span>\u00a0<\/span><\/p>\n<\/div>\n<\/div>\n<\/div>\n<p>[\/et_pb_text][\/et_pb_column][et_pb_column type=&#8220;1_3&#8243; _builder_version=&#8220;4.16&#8243; global_colors_info=&#8220;{}&#8220;][et_pb_text _builder_version=&#8220;4.16&#8243; text_font=&#8220;Roboto|300|||||||&#8220; text_text_color=&#8220;#000000&#8243; text_font_size=&#8220;17px&#8220; transform_scale_tablet=&#8220;&#8220; transform_scale_phone=&#8220;&#8220; transform_scale_last_edited=&#8220;on|phone&#8220; transform_translate=&#8220;124px|-12px&#8220; transform_translate_tablet=&#8220;5px|49px&#8220; transform_translate_phone=&#8220;7px|5px&#8220; transform_translate_last_edited=&#8220;on|phone&#8220; transform_rotate_tablet=&#8220;&#8220; transform_rotate_phone=&#8220;&#8220; transform_rotate_last_edited=&#8220;on|phone&#8220; transform_skew_tablet=&#8220;&#8220; transform_skew_phone=&#8220;&#8220; transform_skew_last_edited=&#8220;on|phone&#8220; transform_origin_tablet=&#8220;&#8220; transform_origin_phone=&#8220;&#8220; transform_origin_last_edited=&#8220;on|phone&#8220; transform_styles_last_edited=&#8220;on|phone&#8220; transform_styles_tablet=&#8220;&#8220; transform_styles_phone=&#8220;&#8220; locked=&#8220;off&#8220; global_colors_info=&#8220;{}&#8220;]<\/p>\n<div class=\"elementor-element elementor-element-2854ff0 elementor-widget elementor-widget-heading\" data-id=\"2854ff0\" data-element_type=\"widget\" data-widget_type=\"heading.default\">\n<div class=\"elementor-widget-container\">\n<h2 class=\"elementor-heading-title elementor-size-default\" style=\"text-align: center;\"><span style=\"color: #ff9900;\">Service<br \/><\/span><\/h2>\n<\/div>\n<\/div>\n<div class=\"elementor-element elementor-element-a1fab3c elementor-widget elementor-widget-text-editor\" data-id=\"a1fab3c\" data-element_type=\"widget\" data-widget_type=\"text-editor.default\">\n<div class=\"elementor-widget-container\">\n<div class=\"elementor-text-editor elementor-clearfix\">\n<p style=\"text-align: justify;\"><span data-contrast=\"auto\">Im Rahmen des SAP Basis <\/span><span data-contrast=\"auto\">Managed<\/span><span data-contrast=\"auto\"> Service unterst\u00fctzen wir Sie gerne im t\u00e4glichen Gesch\u00e4ft. Dies kann sich in Form einer Unterst\u00fctzung f\u00fcr Urlaubsvertretungen anbieten, oder durch die \u00dcbernahme der kompletten Verantwortung f\u00fcr den Basis Betrieb Ihrer Systemlandschaft. <\/span><span data-contrast=\"auto\">Ob bei der <\/span><span data-contrast=\"auto\">Bearbeitung <\/span><span data-contrast=\"auto\">t\u00e4glicher <\/span><span data-contrast=\"auto\">Anfragen <\/span><span data-contrast=\"auto\">an Ihre Basis <\/span><span data-contrast=\"auto\">oder <\/span><span data-contrast=\"auto\">ein <\/span><span data-contrast=\"auto\">24\/7 Support<\/span><span data-contrast=\"auto\"> inkl. Rufbereitschaften <\/span><span data-contrast=\"auto\">k\u00f6nnen wir Sie mit einem breiten Portfolio unterst\u00fctzen. Dabei obliegt es Ihnen, ob der Einsatz Vororts stattfinden soll, oder aus der Ferne.<\/span><span data-ccp-props=\"{&quot;201341983&quot;:0,&quot;335559740&quot;:259}\">\u00a0<\/span><\/p>\n<p><span>\u00a0<\/span><\/p>\n<\/div>\n<\/div>\n<\/div>\n<p>[\/et_pb_text][\/et_pb_column][\/et_pb_row][\/et_pb_section][et_pb_section fb_built=&#8220;1&#8243; _builder_version=&#8220;4.16&#8243; background_color=&#8220;#f4f4f4&#8243; custom_padding=&#8220;0px|||||&#8220; global_colors_info=&#8220;{}&#8220;][et_pb_row _builder_version=&#8220;4.16&#8243; transform_scale_tablet=&#8220;&#8220; transform_scale_phone=&#8220;&#8220; transform_scale_last_edited=&#8220;on|phone&#8220; transform_translate_tablet=&#8220;&#8220; transform_translate_phone=&#8220;-5px|-168px&#8220; transform_translate_last_edited=&#8220;on|phone&#8220; transform_rotate_tablet=&#8220;&#8220; transform_rotate_phone=&#8220;&#8220; transform_rotate_last_edited=&#8220;on|phone&#8220; transform_skew_tablet=&#8220;&#8220; transform_skew_phone=&#8220;&#8220; transform_skew_last_edited=&#8220;on|phone&#8220; transform_origin_tablet=&#8220;&#8220; transform_origin_phone=&#8220;&#8220; transform_origin_last_edited=&#8220;on|phone&#8220; transform_styles_last_edited=&#8220;on|phone&#8220; transform_styles_tablet=&#8220;&#8220; transform_styles_phone=&#8220;&#8220; global_colors_info=&#8220;{}&#8220;][et_pb_column type=&#8220;4_4&#8243; _builder_version=&#8220;4.16&#8243; global_colors_info=&#8220;{}&#8220;][et_pb_text _builder_version=&#8220;4.16&#8243; text_font=&#8220;Roboto|300|||||||&#8220; text_font_size=&#8220;17px&#8220; text_letter_spacing=&#8220;1px&#8220; transform_scale_tablet=&#8220;&#8220; transform_scale_phone=&#8220;&#8220; transform_scale_last_edited=&#8220;on|tablet&#8220; transform_translate_tablet=&#8220;&#8220; transform_translate_phone=&#8220;0px|50px&#8220; transform_translate_last_edited=&#8220;on|phone&#8220; transform_translate_linked_tablet=&#8220;off&#8220; transform_translate_linked_phone=&#8220;off&#8220; transform_rotate_tablet=&#8220;&#8220; transform_rotate_phone=&#8220;&#8220; transform_rotate_last_edited=&#8220;on|desktop&#8220; transform_skew_tablet=&#8220;&#8220; transform_skew_phone=&#8220;&#8220; transform_skew_last_edited=&#8220;on|desktop&#8220; transform_origin_tablet=&#8220;&#8220; transform_origin_phone=&#8220;&#8220; transform_origin_last_edited=&#8220;on|desktop&#8220; transform_styles_last_edited=&#8220;on|tablet&#8220; width=&#8220;100%&#8220; transform_styles_tablet=&#8220;&#8220; transform_styles_phone=&#8220;&#8220; global_colors_info=&#8220;{}&#8220;]<\/p>\n<p style=\"text-align: center;\"><span data-contrast=\"auto\">Schauen Sie gerne in unseren <\/span><a href=\"https:\/\/www.bix-consulting.com\/leistungskatalog\/\"><span data-contrast=\"none\">Leistungskatalog<\/span><\/a><span data-contrast=\"auto\"> und \u00fcberzeugen Sie sich von unserem vielf\u00e4ltigen Angebot.<\/span><span data-ccp-props=\"{&quot;201341983&quot;:0,&quot;335551550&quot;:2,&quot;335551620&quot;:2,&quot;335559739&quot;:160,&quot;335559740&quot;:259}\">\u00a0<\/span><\/p>\n<p>[\/et_pb_text][\/et_pb_column][\/et_pb_row][\/et_pb_section][et_pb_section fb_built=&#8220;1&#8243; _builder_version=&#8220;4.19.5&#8243; min_height=&#8220;407px&#8220; custom_margin=&#8220;||-3px|||&#8220; custom_padding=&#8220;||0px|||&#8220; border_color_bottom=&#8220;#e08a00&#8243; locked=&#8220;off&#8220; global_colors_info=&#8220;{}&#8220;][et_pb_row _builder_version=&#8220;4.16&#8243; _module_preset=&#8220;default&#8220; global_colors_info=&#8220;{}&#8220;][et_pb_column type=&#8220;4_4&#8243; _builder_version=&#8220;4.16&#8243; _module_preset=&#8220;default&#8220; global_colors_info=&#8220;{}&#8220;][et_pb_text _builder_version=&#8220;4.16&#8243; _module_preset=&#8220;default&#8220; text_font=&#8220;Roboto|300|||||||&#8220; text_font_size=&#8220;30px&#8220; global_colors_info=&#8220;{}&#8220;]<\/p>\n<p style=\"text-align: center;\"><span style=\"color: #ff9900;\">Ansprechpartner<\/span><\/p>\n<p>[\/et_pb_text][et_pb_image src=&#8220;https:\/\/www.bix-consulting.com\/wp-content\/uploads\/2020\/08\/Sebastian_klein2-e1598704407444.png&#8220; align=&#8220;center&#8220; _builder_version=&#8220;4.16&#8243; _module_preset=&#8220;default&#8220; transform_translate=&#8220;-4px|22px&#8220; global_colors_info=&#8220;{}&#8220;][\/et_pb_image][et_pb_text _builder_version=&#8220;4.20.2&#8243; _module_preset=&#8220;default&#8220; text_font=&#8220;Roboto|300|||||||&#8220; text_font_size=&#8220;16px&#8220; transform_translate=&#8220;-3px|30px&#8220; hover_enabled=&#8220;0&#8243; global_colors_info=&#8220;{}&#8220; sticky_enabled=&#8220;0&#8243;]<\/p>\n<h4 style=\"text-align: center;\">Sebastian Bl\u00f6tz<\/h4>\n<p style=\"text-align: center;\">Head of Consulting<\/p>\n<p>[\/et_pb_text][et_pb_social_media_follow _builder_version=&#8220;4.16&#8243; _module_preset=&#8220;default&#8220; custom_button=&#8220;on&#8220; button_text_size=&#8220;4px&#8220; button_text_color=&#8220;rgba(0,0,0,0)&#8220; transform_scale_tablet=&#8220;&#8220; transform_scale_phone=&#8220;&#8220; transform_scale_last_edited=&#8220;on|desktop&#8220; transform_translate=&#8220;-4px|44px&#8220; transform_translate_tablet=&#8220;-4px|42px&#8220; transform_translate_phone=&#8220;-6px|37px&#8220; transform_translate_last_edited=&#8220;on|desktop&#8220; transform_rotate_tablet=&#8220;&#8220; transform_rotate_phone=&#8220;&#8220; transform_rotate_last_edited=&#8220;on|desktop&#8220; transform_skew_tablet=&#8220;&#8220; transform_skew_phone=&#8220;&#8220; transform_skew_last_edited=&#8220;on|desktop&#8220; transform_origin_tablet=&#8220;&#8220; transform_origin_phone=&#8220;&#8220; transform_origin_last_edited=&#8220;on|desktop&#8220; transform_styles_last_edited=&#8220;on|desktop&#8220; text_orientation=&#8220;center&#8220; transform_styles_tablet=&#8220;&#8220; transform_styles_phone=&#8220;&#8220; locked=&#8220;off&#8220; global_colors_info=&#8220;{}&#8220;][et_pb_social_media_follow_network url=&#8220;https:\/\/www.xing.com\/profile\/Sebastian_Bloetz\/&#8220; icon_color=&#8220;rgba(0,0,0,0)&#8220; use_icon_font_size=&#8220;on&#8220; icon_font_size=&#8220;9px&#8220; _builder_version=&#8220;4.16&#8243; _module_preset=&#8220;default&#8220; background_image=&#8220;https:\/\/www.bix-consulting.com\/wp-content\/uploads\/2020\/08\/Xing.png&#8220; background_enable_image=&#8220;on&#8220; background_size=&#8220;contain&#8220; global_colors_info=&#8220;{}&#8220; follow_button=&#8220;off&#8220; url_new_window=&#8220;on&#8220;][\/et_pb_social_media_follow_network][et_pb_social_media_follow_network url=&#8220;https:\/\/de.linkedin.com\/company\/bix-consulting-gmbh-&#038;-co-kg&#8220; icon_color=&#8220;rgba(0,0,0,0)&#8220; use_icon_font_size=&#8220;on&#8220; icon_font_size=&#8220;9px&#8220; _builder_version=&#8220;4.16&#8243; _module_preset=&#8220;default&#8220; background_image=&#8220;https:\/\/www.bix-consulting.com\/wp-content\/uploads\/2020\/08\/LinkedIn.png&#8220; background_enable_image=&#8220;on&#8220; background_size=&#8220;contain&#8220; global_colors_info=&#8220;{}&#8220; follow_button=&#8220;off&#8220; url_new_window=&#8220;on&#8220;][\/et_pb_social_media_follow_network][et_pb_social_media_follow_network url=&#8220;mailto:sebastian.bloetz@bix-consulting.de&#8220; icon_color=&#8220;rgba(0,0,0,0)&#8220; use_icon_font_size=&#8220;on&#8220; icon_font_size=&#8220;9px&#8220; _builder_version=&#8220;4.16&#8243; _module_preset=&#8220;default&#8220; background_image=&#8220;https:\/\/www.bix-consulting.com\/wp-content\/uploads\/2020\/08\/E-Mail.png&#8220; background_enable_image=&#8220;on&#8220; background_size=&#8220;contain&#8220; global_colors_info=&#8220;{}&#8220; follow_button=&#8220;off&#8220; url_new_window=&#8220;on&#8220;][\/et_pb_social_media_follow_network][\/et_pb_social_media_follow][\/et_pb_column][\/et_pb_row][\/et_pb_section]<\/p>\n","protected":false},"excerpt":{"rendered":"<p>Technical \/ SAP Basis ConsultingAls SAP Gold Partner unterst\u00fctzen wir Sie gerne mit unserem Technical Consulting mit individuellen L\u00f6sungen, die auf Ihre Bed\u00fcrfnisse zugeschnitten werden. Ob im Tagesbetrieb oder im Projektgesch\u00e4ft stehen Ihnen h\u00f6chst kompetente SAP Basis Berater zur Verf\u00fcgung, die durch Eins\u00e4tze in unterschiedlichsten Branchen bei Unternehmen aller Gr\u00f6\u00dfen fassettenreichste Expertisen gesammelt haben. Durch [&hellip;]<\/p>\n","protected":false},"author":4,"featured_media":0,"parent":0,"menu_order":0,"comment_status":"closed","ping_status":"closed","template":"","meta":{"_et_pb_use_builder":"on","_et_pb_old_content":"","_et_gb_content_width":"","_lmt_disableupdate":"no","_lmt_disable":"","_monsterinsights_skip_tracking":false,"_monsterinsights_sitenote_active":false,"_monsterinsights_sitenote_note":"","_monsterinsights_sitenote_category":0,"_uf_show_specific_survey":0,"_uf_disable_surveys":false,"iawp_total_views":99,"footnotes":""},"class_list":["post-2627","page","type-page","status-publish","hentry"],"_links":{"self":[{"href":"https:\/\/www.bix-consulting.com\/en\/wp-json\/wp\/v2\/pages\/2627","targetHints":{"allow":["GET"]}}],"collection":[{"href":"https:\/\/www.bix-consulting.com\/en\/wp-json\/wp\/v2\/pages"}],"about":[{"href":"https:\/\/www.bix-consulting.com\/en\/wp-json\/wp\/v2\/types\/page"}],"author":[{"embeddable":true,"href":"https:\/\/www.bix-consulting.com\/en\/wp-json\/wp\/v2\/users\/4"}],"replies":[{"embeddable":true,"href":"https:\/\/www.bix-consulting.com\/en\/wp-json\/wp\/v2\/comments?post=2627"}],"version-history":[{"count":1,"href":"https:\/\/www.bix-consulting.com\/en\/wp-json\/wp\/v2\/pages\/2627\/revisions"}],"predecessor-version":[{"id":7194,"href":"https:\/\/www.bix-consulting.com\/en\/wp-json\/wp\/v2\/pages\/2627\/revisions\/7194"}],"wp:attachment":[{"href":"https:\/\/www.bix-consulting.com\/en\/wp-json\/wp\/v2\/media?parent=2627"}],"curies":[{"name":"wp","href":"https:\/\/api.w.org\/{rel}","templated":true}]}}