{"id":2564,"date":"2023-03-23T13:11:03","date_gmt":"2023-03-23T12:11:03","guid":{"rendered":"https:\/\/devstage.bix-consulting.com\/?page_id=2564"},"modified":"2025-04-09T12:03:46","modified_gmt":"2025-04-09T10:03:46","slug":"unternehmenspolitik","status":"publish","type":"page","link":"https:\/\/www.bix-consulting.com\/en\/unternehmenspolitik\/","title":{"rendered":"Company policy"},"content":{"rendered":"<p>[et_pb_section fb_built=&#8220;1&#8243; _builder_version=&#8220;4.20.4&#8243; _module_preset=&#8220;default&#8220; background_image=&#8220;https:\/\/www.bix-consulting.com\/wp-content\/uploads\/2023\/04\/unternehmenspolitik_1920-1.jpg&#8220; height=&#8220;300px&#8220; custom_margin=&#8220;95px||||false|false&#8220; animation_style=&#8220;slide&#8220; animation_direction=&#8220;top&#8220; global_colors_info=&#8220;{}&#8220;][\/et_pb_section][et_pb_section fb_built=&#8220;1&#8243; _builder_version=&#8220;4.20.4&#8243; _module_preset=&#8220;default&#8220; background_color=&#8220;#f4f4f4&#8243; global_colors_info=&#8220;{}&#8220;][et_pb_row _builder_version=&#8220;4.20.4&#8243; _module_preset=&#8220;default&#8220; global_colors_info=&#8220;{}&#8220;][et_pb_column type=&#8220;4_4&#8243; _builder_version=&#8220;4.20.4&#8243; _module_preset=&#8220;default&#8220; global_colors_info=&#8220;{}&#8220;][et_pb_text _builder_version=&#8220;4.20.4&#8243; _module_preset=&#8220;default&#8220; global_colors_info=&#8220;{}&#8220;]<\/p>\n<h1>Unternehmens<wbr>politik<\/h1>\n<p>[\/et_pb_text][\/et_pb_column][\/et_pb_row][\/et_pb_section][et_pb_section fb_built=&#8220;1&#8243; _builder_version=&#8220;4.20.4&#8243; _module_preset=&#8220;default&#8220; global_colors_info=&#8220;{}&#8220;][et_pb_row _builder_version=&#8220;4.20.4&#8243; _module_preset=&#8220;default&#8220; background_color=&#8220;#f4f4f4&#8243; custom_padding=&#8220;|20px||20px|false|false&#8220; border_radii=&#8220;on|25px|25px|25px|25px&#8220; global_colors_info=&#8220;{}&#8220;][et_pb_column type=&#8220;4_4&#8243; _builder_version=&#8220;4.20.4&#8243; _module_preset=&#8220;default&#8220; global_colors_info=&#8220;{}&#8220;][et_pb_text _builder_version=&#8220;4.27.4&#8243; _module_preset=&#8220;default&#8220; text_font=&#8220;Roboto|300|||||||&#8220; text_font_size=&#8220;17px&#8220; custom_padding=&#8220;20px|20px|20px|20px|false|false&#8220; hover_enabled=&#8220;0&#8243; inline_fonts=&#8220;Arial&#8220; global_colors_info=&#8220;{}&#8220; sticky_enabled=&#8220;0&#8243;]<\/p>\n<p><span style=\"font-family: Arial;\">Die Dienstleistungen der biX Consulting GmbH &amp; Co. KG basieren auf Kundenorientierung, Zuverl\u00e4ssigkeit, Fach-knowhow und Nachhaltigkeit. Bei der Ausrichtung unseres Unternehmens und den operativen T\u00e4tigkeiten ber\u00fccksichtigen wir alle Stakeholder und beziehen grunds\u00e4tzlich unsere Dienstleistungsqualit\u00e4t, den Umweltschutz und die Informationssicherheit sowie Compliance mit ein. Deshalb haben wir ein integriertes Managementsystem (IMS) konform zur ISO 9001 (Qualit\u00e4tsmanagement), der ISO 14001 (Umweltmanagement) und der ISO 27001 (Informationssicherheit, Cybersicherheit und Datenschutz) installiert.<\/span><\/p>\n<p><span style=\"font-family: Arial;\">Zu den generellen Grunds\u00e4tzen und Zielsetzungen im Rahmen des integrierten Managementsystems z\u00e4hlen:<\/span><\/p>\n<ul>\n<li><span style=\"font-family: Arial;\">die Umsetzung und Erf\u00fcllung der zutreffenden gesetzlichen, vertraglichen und anderen Anforderungen f\u00fcr uns sowie f\u00fcr unsere Dienstleistungen.<\/span><\/li>\n<li><span style=\"font-family: Arial;\">die kooperative Zusammenarbeit mit unseren Partnern, Kunden, Lieferanten, Beh\u00f6rden und anderen Interessengruppen sowie das Einwirken auf unsere Stakeholder unsere Ziele zu unterst\u00fctzen.<\/span><\/li>\n<li><span style=\"font-family: Arial;\">die regelm\u00e4\u00dfige Pr\u00fcfung unseres integriertem Managementsystems auf seine Umsetzung, Durchg\u00e4ngigkeit und Wirksamkeit sowie die fortlaufende Verbesserung des Managementsystems.<\/span><\/li>\n<li><span style=\"font-family: Arial;\">kooperative F\u00fchrungskr\u00e4fte, die unsere Unternehmensphilosophie und den Teamspirit vorleben.<\/span><\/li>\n<li><span style=\"font-family: Arial;\">bestens qualifizierte, zuverl\u00e4ssige und motivierte Mitarbeiterinnen und Mitarbeiter<\/span><\/li>\n<li><span style=\"font-family: Arial;\">eine gute interne und externe Kommunikation<\/span><\/li>\n<\/ul>\n<p>[\/et_pb_text][\/et_pb_column][\/et_pb_row][\/et_pb_section][et_pb_section fb_built=&#8220;1&#8243; _builder_version=&#8220;4.20.4&#8243; _module_preset=&#8220;default&#8220; global_colors_info=&#8220;{}&#8220;][et_pb_row _builder_version=&#8220;4.20.4&#8243; _module_preset=&#8220;default&#8220; background_color=&#8220;#f4f4f4&#8243; background_enable_image=&#8220;off&#8220; background_blend=&#8220;soft-light&#8220; custom_padding=&#8220;|20px||20px|false|false&#8220; border_radii=&#8220;on|25px|25px|25px|25px&#8220; global_colors_info=&#8220;{}&#8220;][et_pb_column type=&#8220;4_4&#8243; _builder_version=&#8220;4.20.4&#8243; _module_preset=&#8220;default&#8220; global_colors_info=&#8220;{}&#8220;][et_pb_text _builder_version=&#8220;4.20.4&#8243; _module_preset=&#8220;default&#8220; text_font=&#8220;|300|||||||&#8220; text_font_size=&#8220;17px&#8220; custom_padding=&#8220;20px|20px||20px|false|false&#8220; inline_fonts=&#8220;Georgia,Arial&#8220; global_colors_info=&#8220;{}&#8220;]<\/p>\n<p style=\"text-align: center;\"><span style=\"font-family: Arial; font-weight: normal;\">Die biX Consulting GmbH &amp; Co. KG verfolgt hinsichtlich der<\/span><br \/><span style=\"font-family: Arial; font-weight: normal;\"><strong>Qualit\u00e4tspolitik<\/strong> folgende weitere <strong>Grunds\u00e4tze und Ziele:<\/strong><\/span><\/p>\n<ul>\n<li><span style=\"font-family: Arial;\">Unser h\u00f6chstes Ziel ist die Erreichung der Zufriedenheit unserer Kunden und die Erf\u00fcllung ihrer Erwartungen.<\/span><\/li>\n<li><span style=\"font-family: Arial;\">Jeder Besch\u00e4ftigte ist f\u00fcr die Qualit\u00e4t der von ihm erbrachten Leistung verantwortlich. Selbstverst\u00e4ndlich helfen wir einander und sind uns gegenseitig Vorbild.<\/span><\/li>\n<li><span style=\"font-family: Arial;\">Transparente und klar definierte Prozesse- und Arbeitsabl\u00e4ufe erm\u00f6glichen ein effektives und effizientes Arbeiten.<\/span><\/li>\n<li><span style=\"font-family: Arial;\">Gezielte Schulungsma\u00dfnahmen und die \u00dcbertragung von Verantwortung motivieren unsere Mitarbeiterinnen und Mitarbeiter<\/span><\/li>\n<li><span style=\"font-family: Arial;\">Gezielte Auswahl, \u00dcberwachung und Einbindung unserer externen Dienstleister<\/span><\/li>\n<li><span style=\"font-family: Arial;\">Fehlervermeidung sowie Verst\u00e4ndnis und Offenheit, um aus Fehlern zu lernen.<\/span><\/li>\n<li><span style=\"font-family: Arial;\">Wir stellen Lern- und Testumgebungen auch f\u00fcr Zwecke der Qualit\u00e4tssicherung bereit.<\/span><strong style=\"font-size: 17px; text-align: center;\">\u00a0<\/strong><\/li>\n<\/ul>\n<p style=\"text-align: justify;\">\n<p>[\/et_pb_text][\/et_pb_column][\/et_pb_row][\/et_pb_section][et_pb_section fb_built=&#8220;1&#8243; _builder_version=&#8220;4.20.4&#8243; _module_preset=&#8220;default&#8220; global_colors_info=&#8220;{}&#8220;][et_pb_row _builder_version=&#8220;4.20.4&#8243; _module_preset=&#8220;default&#8220; background_color=&#8220;#f4f4f4&#8243; custom_padding=&#8220;|20px||20px|false|false&#8220; border_radii=&#8220;on|25px|25px|25px|25px&#8220; global_colors_info=&#8220;{}&#8220;][et_pb_column type=&#8220;4_4&#8243; _builder_version=&#8220;4.20.4&#8243; _module_preset=&#8220;default&#8220; global_colors_info=&#8220;{}&#8220;][et_pb_text _builder_version=&#8220;4.20.4&#8243; _module_preset=&#8220;default&#8220; text_font=&#8220;Roboto|300|||||||&#8220; text_font_size=&#8220;17px&#8220; custom_padding=&#8220;20px|20px|20px|20px|false|false&#8220; border_radii=&#8220;on|25px|25px|25px|25px&#8220; locked=&#8220;off&#8220; inline_fonts=&#8220;Arial,Times New Roman,Georgia&#8220; global_colors_info=&#8220;{}&#8220;]<\/p>\n<p style=\"text-align: center;\"><span style=\"font-family: Arial;\">Die biX Consulting GmbH &amp; Co. KG verfolgt hinsichtlich der<\/span><br \/><span style=\"font-family: Arial;\"><strong>Umweltpolitik<\/strong> folgende weitere <strong>Grunds\u00e4tze und Ziele:<\/strong><\/span><\/p>\n<p style=\"text-align: center;\"><span style=\"font-family: Georgia;\"><strong><\/strong><\/span><\/p>\n<ul>\n<li><span style=\"font-family: Arial; font-weight: normal;\">Wir sind auf dem Weg zum klimaneutralen Unternehmen und Verbessern j\u00e4hrlich unsere CO2-Bilanz und leisten damit einen wichtigen Beitrag zum Umweltschutz und der Erhalt der \u00d6kosysteme.<\/span><\/li>\n<li><span style=\"font-family: Arial; font-weight: normal;\">Dies geschieht unter anderem durch den Einsatz moderner energiesparender Technik, moderner Infrastruktur und Remote-Kommunikationsl\u00f6sungen sowie durch die Nutzung von Sonnenenergie.<\/span><\/li>\n<li><span style=\"font-family: Arial; font-weight: normal;\">Wir bewerten sowohl die relevanten Umweltaspekte als auch Chancen und Risiken und betrachten ebenfalls die Anspr\u00fcche der interessierten Parteien.<\/span><\/li>\n<li><span style=\"font-family: Arial; font-weight: normal;\">Der Energieverbrauch wird st\u00e4ndig gemessen und \u00fcberwacht. Wesentliche Umwelt- und Energieaspekte werden \u00fcberpr\u00fcft und kommuniziert.<\/span><\/li>\n<li><span style=\"font-family: Arial; font-weight: normal;\">Wir legen Wert darauf, Umweltsch\u00e4den und Verschwendung im Voraus zu verhindern und Ressourcen zu schonen.<\/span><\/li>\n<li><span style=\"font-family: Arial; font-weight: normal;\">Unsere F\u00fchrungskr\u00e4fte f\u00f6rdern ein umweltbewusstes und energiesparendes Verhalten.<\/span><\/li>\n<li><span style=\"font-family: Arial; font-weight: normal;\">Auf unsere Vertragspartner wirken wir hinsichtlich des Umweltschutzgedankens und unserer Umweltziele ein.<\/span><\/li>\n<li><span style=\"font-family: Arial; font-weight: normal;\">Im Rahmen von Compliance sorgen wir f\u00fcr die Umsetzung der bindenden Verpflichtungen auch im Umweltbereich.<\/span><\/li>\n<\/ul>\n<p>[\/et_pb_text][\/et_pb_column][\/et_pb_row][\/et_pb_section][et_pb_section fb_built=&#8220;1&#8243; admin_label=&#8220;section&#8220; _builder_version=&#8220;4.20.4&#8243; custom_padding=&#8220;||||false|false&#8220; border_color_bottom=&#8220;#e08a00&#8243; global_colors_info=&#8220;{}&#8220;][et_pb_row admin_label=&#8220;row&#8220; _builder_version=&#8220;4.24.2&#8243; background_color=&#8220;#F4F4F4&#8243; background_size=&#8220;initial&#8220; background_position=&#8220;top_left&#8220; background_repeat=&#8220;repeat&#8220; custom_padding=&#8220;|20px||20px|false|false&#8220; border_radii=&#8220;on|25px|25px|25px|25px&#8220; global_colors_info=&#8220;{}&#8220;][et_pb_column type=&#8220;4_4&#8243; _builder_version=&#8220;4.16&#8243; custom_padding=&#8220;|||&#8220; global_colors_info=&#8220;{}&#8220; custom_padding__hover=&#8220;|||&#8220;][et_pb_text _builder_version=&#8220;4.27.4&#8243; _module_preset=&#8220;default&#8220; text_font=&#8220;Roboto|300|||||||&#8220; text_font_size=&#8220;17px&#8220; custom_padding=&#8220;20px|20px||20px|false|false&#8220; hover_enabled=&#8220;0&#8243; locked=&#8220;off&#8220; inline_fonts=&#8220;Georgia,Arial&#8220; global_colors_info=&#8220;{}&#8220; sticky_enabled=&#8220;0&#8243;]<\/p>\n<p style=\"text-align: center;\"><span style=\"font-family: Arial;\">Die biX Consulting GmbH &amp; Co. KG verfolgt hinsichtlich der<\/span><br \/><span style=\"font-family: Arial;\"><strong>Informationssicherheit, Cybersicherheit und Datenschutz<br \/><\/strong><strong> <\/strong>folgende weitere <strong>Grunds\u00e4tze und Ziele:<\/strong><\/span><\/p>\n<p><span style=\"font-family: Arial;\">Die Dienstleistungen der biX Consulting GmbH &amp; Co. KG basieren auf Kundenorientierung, Zuverl\u00e4ssigkeit, Fach-knowhow und Nachhaltigkeit. Bei der Ausrichtung unseres Unternehmens und den operativen T\u00e4tigkeiten ber\u00fccksichtigen wir alle Stakeholder und beziehen grunds\u00e4tzlich unsere Dienstleistungsqualit\u00e4t, den Umweltschutz und die Informationssicherheit sowie Compliance mit ein. Deshalb haben wir ein integriertes Managementsystem (IMS) konform zur ISO 9001 (Qualit\u00e4tsmanagement), der ISO 14001 (Umweltmanagement) und der ISO 27001 (Informationssicherheit, Cybersicherheit und Datenschutz) installiert.<\/span><\/p>\n<p><span style=\"font-family: Arial;\"><\/span><\/p>\n<ul>\n<li><span style=\"font-family: Arial;\">Wir betreiben unsere Gesch\u00e4ftsprozesse \u00bbsicher\u00ab und orientieren unser Informationssicherheitsmanagement an international anerkannten Standards.<\/span><\/li>\n<li><span style=\"font-family: Arial;\">Wir wollen das Risikomanagement bzgl. Informationssicherheit in unseren operativen Gesch\u00e4ftsprozessen verankern.<\/span><\/li>\n<li><span style=\"font-family: Arial;\">Wir m\u00f6chten, dass alle Gesch\u00e4ftsprozesse konform zu den internen und externen Anforderungen der Informationssicherheit betrieben werden.<\/span><\/li>\n<li><span style=\"font-family: Arial;\">Wir m\u00f6chten kompetente und sicherheitsaffine Mitarbeiter.<\/span><\/li>\n<\/ul>\n<p>[\/et_pb_text][\/et_pb_column][\/et_pb_row][\/et_pb_section]<\/p>\n","protected":false},"excerpt":{"rendered":"<p>UnternehmenspolitikDie Dienstleistungen der biX Consulting GmbH &amp; Co. KG basieren auf Kundenorientierung, Zuverl\u00e4ssigkeit, Fach-knowhow und Nachhaltigkeit. Bei der Ausrichtung unseres Unternehmens und den operativen T\u00e4tigkeiten ber\u00fccksichtigen wir alle Stakeholder und beziehen grunds\u00e4tzlich unsere Dienstleistungsqualit\u00e4t, den Umweltschutz und die Informationssicherheit sowie Compliance mit ein. Deshalb haben wir ein integriertes Managementsystem (IMS) konform zur ISO 9001 (Qualit\u00e4tsmanagement), [&hellip;]<\/p>\n","protected":false},"author":6,"featured_media":0,"parent":0,"menu_order":0,"comment_status":"closed","ping_status":"closed","template":"","meta":{"_et_pb_use_builder":"on","_et_pb_old_content":"","_et_gb_content_width":"","_lmt_disableupdate":"no","_lmt_disable":"","_monsterinsights_skip_tracking":false,"_monsterinsights_sitenote_active":false,"_monsterinsights_sitenote_note":"","_monsterinsights_sitenote_category":0,"_uf_show_specific_survey":0,"_uf_disable_surveys":false,"iawp_total_views":158,"footnotes":""},"class_list":["post-2564","page","type-page","status-publish","hentry"],"_links":{"self":[{"href":"https:\/\/www.bix-consulting.com\/en\/wp-json\/wp\/v2\/pages\/2564","targetHints":{"allow":["GET"]}}],"collection":[{"href":"https:\/\/www.bix-consulting.com\/en\/wp-json\/wp\/v2\/pages"}],"about":[{"href":"https:\/\/www.bix-consulting.com\/en\/wp-json\/wp\/v2\/types\/page"}],"author":[{"embeddable":true,"href":"https:\/\/www.bix-consulting.com\/en\/wp-json\/wp\/v2\/users\/6"}],"replies":[{"embeddable":true,"href":"https:\/\/www.bix-consulting.com\/en\/wp-json\/wp\/v2\/comments?post=2564"}],"version-history":[{"count":4,"href":"https:\/\/www.bix-consulting.com\/en\/wp-json\/wp\/v2\/pages\/2564\/revisions"}],"predecessor-version":[{"id":8680,"href":"https:\/\/www.bix-consulting.com\/en\/wp-json\/wp\/v2\/pages\/2564\/revisions\/8680"}],"wp:attachment":[{"href":"https:\/\/www.bix-consulting.com\/en\/wp-json\/wp\/v2\/media?parent=2564"}],"curies":[{"name":"wp","href":"https:\/\/api.w.org\/{rel}","templated":true}]}}