{"id":239,"date":"2023-07-07T13:09:45","date_gmt":"2023-07-07T11:09:45","guid":{"rendered":"https:\/\/devstage.bix-consulting.com\/?page_id=239"},"modified":"2024-01-17T09:49:15","modified_gmt":"2024-01-17T08:49:15","slug":"analytics","status":"publish","type":"page","link":"https:\/\/www.bix-consulting.com\/en\/analytics\/","title":{"rendered":"Analytics"},"content":{"rendered":"<p>[et_pb_section fb_built=&#8220;1&#8243; fullwidth=&#8220;on&#8220; _builder_version=&#8220;4.16&#8243; global_colors_info=&#8220;{}&#8220;][\/et_pb_section][et_pb_section fb_built=&#8220;1&#8243; _builder_version=&#8220;4.16&#8243; background_image=&#8220;https:\/\/www.bix-consulting.com\/wp-content\/uploads\/2020\/08\/iStock-1051659174_bearbeitet-scaled.jpg&#8220; min_height=&#8220;312px&#8220; custom_margin=&#8220;||0px|||&#8220; global_colors_info=&#8220;{}&#8220;][\/et_pb_section][et_pb_section fb_built=&#8220;1&#8243; _builder_version=&#8220;4.16&#8243; global_colors_info=&#8220;{}&#8220;][et_pb_row _builder_version=&#8220;4.16&#8243; global_colors_info=&#8220;{}&#8220;][et_pb_column type=&#8220;4_4&#8243; _builder_version=&#8220;4.16&#8243; global_colors_info=&#8220;{}&#8220;][et_pb_text _builder_version=&#8220;4.16&#8243; text_font=&#8220;Roboto|300|||||||&#8220; text_font_size=&#8220;45px&#8220; global_colors_info=&#8220;{}&#8220;]<\/p>\n<p style=\"text-align: center;\">Analytics<\/p>\n<p>[\/et_pb_text][\/et_pb_column][\/et_pb_row][et_pb_row _builder_version=&#8220;4.16&#8243; global_colors_info=&#8220;{}&#8220;][et_pb_column type=&#8220;4_4&#8243; _builder_version=&#8220;4.16&#8243; global_colors_info=&#8220;{}&#8220;][et_pb_text _builder_version=&#8220;4.16&#8243; text_font=&#8220;Roboto|300|||||||&#8220; text_font_size=&#8220;17px&#8220; global_colors_info=&#8220;{}&#8220;]<\/p>\n<p style=\"text-align: center;\"><span>Neben klassischen Analysen und Dashboarding setzt sich immer mehr der Bedarf nach Self Service BI durch.<\/span><br \/><span>\u00a0 \u00a0 \u00a0 \u00a0 \u00a0 \u00a0 \u00a0Moderne Werkzeuge in diesem Umfeld f\u00f6rdern den \u201cExplore-Gedanken\u201d \u00fcber Visual Analytics.<\/span><\/p>\n<p>[\/et_pb_text][\/et_pb_column][\/et_pb_row][\/et_pb_section][et_pb_section fb_built=&#8220;1&#8243; _builder_version=&#8220;4.16&#8243; background_color=&#8220;#f4f4f4&#8243; hover_enabled=&#8220;0&#8243; global_colors_info=&#8220;{}&#8220; sticky_enabled=&#8220;0&#8243;][et_pb_row column_structure=&#8220;1_4,1_4,1_4,1_4&#8243; _builder_version=&#8220;4.21.0&#8243; hover_enabled=&#8220;0&#8243; global_colors_info=&#8220;{}&#8220; sticky_enabled=&#8220;0&#8243; use_custom_gutter=&#8220;on&#8220; gutter_width=&#8220;2&#8243; width=&#8220;100%&#8220;][et_pb_column type=&#8220;1_4&#8243; _builder_version=&#8220;4.16&#8243; global_colors_info=&#8220;{}&#8220;][et_pb_text _builder_version=&#8220;4.21.0&#8243; text_font=&#8220;||||||||&#8220; text_text_color=&#8220;#000000&#8243; text_font_size=&#8220;17px&#8220; transform_scale_last_edited=&#8220;off|tablet&#8220; transform_translate_tablet=&#8220;8px|-12px&#8220; transform_translate_phone=&#8220;9px|-38px&#8220; transform_translate_last_edited=&#8220;off|tablet&#8220; transform_rotate_last_edited=&#8220;off|tablet&#8220; transform_skew_last_edited=&#8220;off|tablet&#8220; transform_origin_last_edited=&#8220;off|tablet&#8220; transform_styles_last_edited=&#8220;off|tablet&#8220; hover_enabled=&#8220;0&#8243; locked=&#8220;off&#8220; global_colors_info=&#8220;{}&#8220; sticky_enabled=&#8220;0&#8243;]<\/p>\n<div class=\"elementor-element elementor-element-2854ff0 elementor-widget elementor-widget-heading\" data-id=\"2854ff0\" data-element_type=\"widget\" data-widget_type=\"heading.default\">\n<div class=\"elementor-widget-container\">\n<h2 class=\"elementor-heading-title elementor-size-default\" style=\"text-align: center;\"><span style=\"color: #ff9900;\">Analytics<br \/><\/span><\/h2>\n<\/div>\n<\/div>\n<div class=\"elementor-element elementor-element-a1fab3c elementor-widget elementor-widget-text-editor\" data-id=\"a1fab3c\" data-element_type=\"widget\" data-widget_type=\"text-editor.default\">\n<div class=\"elementor-widget-container\">\n<div class=\"elementor-text-editor elementor-clearfix\">\n<p><span>Dashboarding und Standard Reporting, als klassische Dom\u00e4nen des Business Intelligence, sind in der Regel aus der IT gesteuert, nicht zuletzt, weil die verf\u00fcgbaren Werkzeuge sehr technisch zu handhaben sind. Dem gegen\u00fcber steht die Anforderung der Fachbereiche eigenst\u00e4ndig und agil die verf\u00fcgbaren Daten zu analysieren, Ergebnisse zu visualisieren und so neue Erkenntnisse zu erlangen. Self Service BI ist hier das Zauberwort was genau diese Themen adressiert und in Verbindung mit modernen Tools und intelligent designten Datenplattformen Business Intelligence auf die n\u00e4chste Evolutionsstufe des Business Analytics hebt.<\/span><\/p>\n<\/div>\n<\/div>\n<\/div>\n<p>[\/et_pb_text][\/et_pb_column][et_pb_column type=&#8220;1_4&#8243; _builder_version=&#8220;4.16&#8243; global_colors_info=&#8220;{}&#8220;][et_pb_text _builder_version=&#8220;4.21.0&#8243; text_font=&#8220;||||||||&#8220; text_text_color=&#8220;#000000&#8243; text_font_size=&#8220;17px&#8220; transform_scale_last_edited=&#8220;off|desktop&#8220; transform_translate_tablet=&#8220;35px|-13px&#8220; transform_translate_phone=&#8220;5px|-19px&#8220; transform_translate_last_edited=&#8220;off|desktop&#8220; transform_rotate_last_edited=&#8220;off|desktop&#8220; transform_skew_last_edited=&#8220;off|desktop&#8220; transform_origin_last_edited=&#8220;off|desktop&#8220; transform_styles_last_edited=&#8220;off|desktop&#8220; hover_enabled=&#8220;0&#8243; locked=&#8220;off&#8220; global_colors_info=&#8220;{}&#8220; sticky_enabled=&#8220;0&#8243;]<\/p>\n<div class=\"elementor-element elementor-element-2854ff0 elementor-widget elementor-widget-heading\" data-id=\"2854ff0\" data-element_type=\"widget\" data-widget_type=\"heading.default\">\n<div class=\"elementor-widget-container\">\n<h2 class=\"elementor-heading-title elementor-size-default\" style=\"text-align: center;\"><span style=\"color: #ff9900;\">\u00a0Self-Service<\/span><span style=\"color: #ff9900;\"><br \/><\/span><\/h2>\n<\/div>\n<\/div>\n<div class=\"elementor-element elementor-element-a1fab3c elementor-widget elementor-widget-text-editor\" data-id=\"a1fab3c\" data-element_type=\"widget\" data-widget_type=\"text-editor.default\">\n<div class=\"elementor-widget-container\">\n<div class=\"elementor-text-editor elementor-clearfix\">\n<p><span>Werkzeuge wie SAP Analytics Cloud und Tableau sind intuitiv zu bedienen und bef\u00e4higen Fachbereiche eigenst\u00e4ndig Analysen zu erstellen. Der Datenpool umfasst nicht selten die Integration von Externen Informationen und auch das Einbinden eigener lokaler Daten der Endanwender. Entscheidend f\u00fcr die erfolgreiche Einf\u00fchrung im Unternehmen ist es, den richtigen Grat an Self-Service und damit die Balance zwischen Governance der Datenqualit\u00e4t durch die IT bis zu den Anforderungen von Data Scientists zu finden.<\/span><\/p>\n<p><span><a href=\"https:\/\/www.bix-consulting.com\/wp-content\/uploads\/2023\/04\/Self-Service_BI_de.pdf\" rel=\"attachment noopener wp-att-2388\" target=\"_blank\">Brosch\u00fcre<\/a><\/span><\/p>\n<\/div>\n<\/div>\n<\/div>\n<p>[\/et_pb_text][\/et_pb_column][et_pb_column type=&#8220;1_4&#8243; _builder_version=&#8220;4.16&#8243; global_colors_info=&#8220;{}&#8220;][et_pb_text _builder_version=&#8220;4.21.0&#8243; text_font=&#8220;||||||||&#8220; text_text_color=&#8220;#000000&#8243; text_font_size=&#8220;17px&#8220; transform_scale_last_edited=&#8220;off|desktop&#8220; transform_translate_tablet=&#8220;7px|8px&#8220; transform_translate_phone=&#8220;2px|-3px&#8220; transform_translate_last_edited=&#8220;off|desktop&#8220; transform_rotate_last_edited=&#8220;off|desktop&#8220; transform_skew_last_edited=&#8220;off|desktop&#8220; transform_origin_last_edited=&#8220;off|desktop&#8220; transform_styles_last_edited=&#8220;off|desktop&#8220; hover_enabled=&#8220;0&#8243; locked=&#8220;off&#8220; global_colors_info=&#8220;{}&#8220; sticky_enabled=&#8220;0&#8243;]<\/p>\n<div class=\"elementor-element elementor-element-2854ff0 elementor-widget elementor-widget-heading\" data-id=\"2854ff0\" data-element_type=\"widget\" data-widget_type=\"heading.default\">\n<div class=\"elementor-widget-container\">\n<h2 class=\"elementor-heading-title elementor-size-default\" style=\"text-align: center;\"><span style=\"color: #ff9900;\">Dashboarding<br \/><\/span><\/h2>\n<\/div>\n<\/div>\n<div class=\"elementor-element elementor-element-a1fab3c elementor-widget elementor-widget-text-editor\" data-id=\"a1fab3c\" data-element_type=\"widget\" data-widget_type=\"text-editor.default\">\n<div class=\"elementor-widget-container\">\n<div class=\"elementor-text-editor elementor-clearfix\">\n<p><span>Dashboards stellen die wichtigsten Kennzahlen und Key Performance Indikatoren eines Unternehmens oder Fachbereiches in einer grafisch ansprechenden Oberfl\u00e4che dar. Gut designte Dashboards bef\u00e4higen auch wenig versierte Endanwender weitere Details abzurufen und gef\u00fchrte Analysepfade zu beschreiten. biX Consulting \u00fcbernimmt hierbei nicht nur die Implementierung mit modernen Tools wie der SAP Analytics Cloud, SAP Lumira oder Tableau und stellt die geforderte Performance sicher. Wir begleiten den Kunden au\u00dferdem bei der Definition der bestm\u00f6glichen Darstellungsformen, bspw. nach SUCCESS von Prof. Hichert, und bei der Konzeption der ben\u00f6tigten Analysenpfade. Quellen zu erstellen und zu verteilen.<\/span><\/p>\n<\/div>\n<\/div>\n<\/div>\n<p>[\/et_pb_text][\/et_pb_column][et_pb_column type=&#8220;1_4&#8243; _builder_version=&#8220;4.16&#8243; global_colors_info=&#8220;{}&#8220;][et_pb_text _builder_version=&#8220;4.21.0&#8243; text_font=&#8220;||||||||&#8220; text_text_color=&#8220;#000000&#8243; text_font_size=&#8220;17px&#8220; transform_scale_last_edited=&#8220;off|desktop&#8220; transform_translate_tablet=&#8220;33px|7px&#8220; transform_translate_phone=&#8220;2px|18px&#8220; transform_translate_last_edited=&#8220;off|desktop&#8220; transform_rotate_last_edited=&#8220;off|desktop&#8220; transform_skew_last_edited=&#8220;off|desktop&#8220; transform_origin_last_edited=&#8220;off|desktop&#8220; transform_styles_last_edited=&#8220;off|desktop&#8220; hover_enabled=&#8220;0&#8243; locked=&#8220;off&#8220; global_colors_info=&#8220;{}&#8220; sticky_enabled=&#8220;0&#8243;]<\/p>\n<div class=\"elementor-element elementor-element-2854ff0 elementor-widget elementor-widget-heading\" data-id=\"2854ff0\" data-element_type=\"widget\" data-widget_type=\"heading.default\">\n<div class=\"elementor-widget-container\">\n<h2 class=\"elementor-heading-title elementor-size-default\" style=\"text-align: center;\"><span style=\"color: #ff9900;\">Standard Reporting<br \/><\/span><\/h2>\n<\/div>\n<\/div>\n<div class=\"elementor-element elementor-element-a1fab3c elementor-widget elementor-widget-text-editor\" data-id=\"a1fab3c\" data-element_type=\"widget\" data-widget_type=\"text-editor.default\">\n<div class=\"elementor-widget-container\">\n<div class=\"elementor-text-editor elementor-clearfix\">\n<p><span>Standard Reporting hat den Schwerpunkt in wiederkehrenden Auswertungen, die regelm\u00e4\u00dfig voll automatisiert erstellt und ggf. auch verteilt werden sollen. Gerade wenn es an externe Adressaten geht, steht hier neben der Datenqualit\u00e4t und Zuverl\u00e4ssigkeit auch das perfekte Layout nach den Vorgaben der Corporate Identity im Vordergrund. Wir holen das Maximum aus den Toolsets der SAP und Tableau heraus und bieten dar\u00fcber hinaus noch weitere M\u00f6glichkeiten \u00fcber unsere Solutions, um ganze Storyboards automatisiert aus verschiedenen Quellen zu erstellen und zu verteilen.<\/span><\/p>\n<\/div>\n<\/div>\n<\/div>\n<p>[\/et_pb_text][\/et_pb_column][\/et_pb_row][\/et_pb_section][et_pb_section fb_built=&#8220;1&#8243; _builder_version=&#8220;4.19.5&#8243; min_height=&#8220;389px&#8220; custom_margin=&#8220;||-5px|||&#8220; custom_padding=&#8220;||0px|||&#8220; border_color_bottom=&#8220;#e08a00&#8243; locked=&#8220;off&#8220; global_colors_info=&#8220;{}&#8220;][et_pb_row _builder_version=&#8220;4.16&#8243; _module_preset=&#8220;default&#8220; global_colors_info=&#8220;{}&#8220;][et_pb_column type=&#8220;4_4&#8243; _builder_version=&#8220;4.16&#8243; _module_preset=&#8220;default&#8220; global_colors_info=&#8220;{}&#8220;][et_pb_text _builder_version=&#8220;4.16&#8243; _module_preset=&#8220;default&#8220; text_font=&#8220;Roboto|300|||||||&#8220; text_font_size=&#8220;30px&#8220; transform_translate=&#8220;0px|-20px&#8220; global_colors_info=&#8220;{}&#8220;]<\/p>\n<p style=\"text-align: center;\"><span style=\"color: #ff9900;\">\u00a0 Ansprechpartner<\/span><\/p>\n<p>[\/et_pb_text][et_pb_image src=&#8220;https:\/\/www.bix-consulting.com\/wp-content\/uploads\/2020\/08\/Sebastian_klein2-e1598704407444.png&#8220; align=&#8220;center&#8220; _builder_version=&#8220;4.16&#8243; custom_padding=&#8220;|14px||||&#8220; locked=&#8220;off&#8220; global_colors_info=&#8220;{}&#8220;][\/et_pb_image][et_pb_text _builder_version=&#8220;4.20.2&#8243; text_font=&#8220;Roboto|300|||||||&#8220; text_font_size=&#8220;16px&#8220; transform_translate=&#8220;-11px|23px&#8220; locked=&#8220;off&#8220; global_colors_info=&#8220;{}&#8220;]<\/p>\n<h3 class=\"elementor-image-box-title\" style=\"text-align: center;\">\u00a0 Sebastian Bl\u00f6tz<\/h3>\n<p class=\"elementor-image-box-description\" style=\"text-align: center;\"><strong>\u00a0 <\/strong>\u00a0 Head of Consulting<\/p>\n<p>[\/et_pb_text][et_pb_social_media_follow _builder_version=&#8220;4.16&#8243; _module_preset=&#8220;default&#8220; custom_button=&#8220;on&#8220; button_text_size=&#8220;4px&#8220; button_text_color=&#8220;rgba(0,0,0,0)&#8220; transform_scale_tablet=&#8220;&#8220; transform_scale_phone=&#8220;&#8220; transform_scale_last_edited=&#8220;on|desktop&#8220; transform_translate=&#8220;-4px|44px&#8220; transform_translate_tablet=&#8220;-4px|42px&#8220; transform_translate_phone=&#8220;-6px|37px&#8220; transform_translate_last_edited=&#8220;on|desktop&#8220; transform_rotate_tablet=&#8220;&#8220; transform_rotate_phone=&#8220;&#8220; transform_rotate_last_edited=&#8220;on|desktop&#8220; transform_skew_tablet=&#8220;&#8220; transform_skew_phone=&#8220;&#8220; transform_skew_last_edited=&#8220;on|desktop&#8220; transform_origin_tablet=&#8220;&#8220; transform_origin_phone=&#8220;&#8220; transform_origin_last_edited=&#8220;on|desktop&#8220; transform_styles_last_edited=&#8220;on|desktop&#8220; text_orientation=&#8220;center&#8220; transform_styles_tablet=&#8220;&#8220; transform_styles_phone=&#8220;&#8220; locked=&#8220;off&#8220; global_colors_info=&#8220;{}&#8220;][et_pb_social_media_follow_network url=&#8220;https:\/\/www.xing.com\/profile\/Sebastian_Bloetz\/&#8220; icon_color=&#8220;rgba(0,0,0,0)&#8220; use_icon_font_size=&#8220;on&#8220; icon_font_size=&#8220;9px&#8220; _builder_version=&#8220;4.16&#8243; _module_preset=&#8220;default&#8220; background_image=&#8220;https:\/\/www.bix-consulting.com\/wp-content\/uploads\/2020\/08\/Xing.png&#8220; background_enable_image=&#8220;on&#8220; background_size=&#8220;contain&#8220; global_colors_info=&#8220;{}&#8220; follow_button=&#8220;off&#8220; url_new_window=&#8220;on&#8220;][\/et_pb_social_media_follow_network][et_pb_social_media_follow_network url=&#8220;https:\/\/de.linkedin.com\/company\/bix-consulting-gmbh-&#038;-co-kg&#8220; icon_color=&#8220;rgba(0,0,0,0)&#8220; use_icon_font_size=&#8220;on&#8220; icon_font_size=&#8220;9px&#8220; _builder_version=&#8220;4.16&#8243; _module_preset=&#8220;default&#8220; background_image=&#8220;https:\/\/www.bix-consulting.com\/wp-content\/uploads\/2020\/08\/LinkedIn.png&#8220; background_enable_image=&#8220;on&#8220; background_size=&#8220;contain&#8220; global_colors_info=&#8220;{}&#8220; follow_button=&#8220;off&#8220; url_new_window=&#8220;on&#8220;][\/et_pb_social_media_follow_network][et_pb_social_media_follow_network url=&#8220;mailto:sebastian.bloetz@bix-consulting.de&#8220; icon_color=&#8220;rgba(0,0,0,0)&#8220; use_icon_font_size=&#8220;on&#8220; icon_font_size=&#8220;9px&#8220; _builder_version=&#8220;4.16&#8243; _module_preset=&#8220;default&#8220; background_image=&#8220;https:\/\/www.bix-consulting.com\/wp-content\/uploads\/2020\/08\/E-Mail.png&#8220; background_enable_image=&#8220;on&#8220; background_size=&#8220;contain&#8220; global_colors_info=&#8220;{}&#8220; follow_button=&#8220;off&#8220; url_new_window=&#8220;on&#8220;][\/et_pb_social_media_follow_network][\/et_pb_social_media_follow][\/et_pb_column][\/et_pb_row][\/et_pb_section]<\/p>\n","protected":false},"excerpt":{"rendered":"<p>AnalyticsNeben klassischen Analysen und Dashboarding setzt sich immer mehr der Bedarf nach Self Service BI durch.\u00a0 \u00a0 \u00a0 \u00a0 \u00a0 \u00a0 \u00a0Moderne Werkzeuge in diesem Umfeld f\u00f6rdern den \u201cExplore-Gedanken\u201d \u00fcber Visual Analytics. Analytics Dashboarding und Standard Reporting, als klassische Dom\u00e4nen des Business Intelligence, sind in der Regel aus der IT gesteuert, nicht zuletzt, weil die [&hellip;]<\/p>\n","protected":false},"author":6,"featured_media":0,"parent":0,"menu_order":0,"comment_status":"closed","ping_status":"closed","template":"","meta":{"_et_pb_use_builder":"on","_et_pb_old_content":"","_et_gb_content_width":"","_lmt_disableupdate":"no","_lmt_disable":"","_monsterinsights_skip_tracking":false,"_monsterinsights_sitenote_active":false,"_monsterinsights_sitenote_note":"","_monsterinsights_sitenote_category":0,"_uf_show_specific_survey":0,"_uf_disable_surveys":false,"iawp_total_views":143,"footnotes":""},"class_list":["post-239","page","type-page","status-publish","hentry"],"_links":{"self":[{"href":"https:\/\/www.bix-consulting.com\/en\/wp-json\/wp\/v2\/pages\/239","targetHints":{"allow":["GET"]}}],"collection":[{"href":"https:\/\/www.bix-consulting.com\/en\/wp-json\/wp\/v2\/pages"}],"about":[{"href":"https:\/\/www.bix-consulting.com\/en\/wp-json\/wp\/v2\/types\/page"}],"author":[{"embeddable":true,"href":"https:\/\/www.bix-consulting.com\/en\/wp-json\/wp\/v2\/users\/6"}],"replies":[{"embeddable":true,"href":"https:\/\/www.bix-consulting.com\/en\/wp-json\/wp\/v2\/comments?post=239"}],"version-history":[{"count":1,"href":"https:\/\/www.bix-consulting.com\/en\/wp-json\/wp\/v2\/pages\/239\/revisions"}],"predecessor-version":[{"id":7175,"href":"https:\/\/www.bix-consulting.com\/en\/wp-json\/wp\/v2\/pages\/239\/revisions\/7175"}],"wp:attachment":[{"href":"https:\/\/www.bix-consulting.com\/en\/wp-json\/wp\/v2\/media?parent=239"}],"curies":[{"name":"wp","href":"https:\/\/api.w.org\/{rel}","templated":true}]}}