{"id":219,"date":"2023-07-07T13:15:23","date_gmt":"2023-07-07T11:15:23","guid":{"rendered":"https:\/\/devstage.bix-consulting.com\/?page_id=219"},"modified":"2024-01-17T09:50:52","modified_gmt":"2024-01-17T08:50:52","slug":"solutions","status":"publish","type":"page","link":"https:\/\/www.bix-consulting.com\/en\/solutions\/","title":{"rendered":"Solutions"},"content":{"rendered":"<p>[et_pb_section fb_built=&#8220;1&#8243; fullwidth=&#8220;on&#8220; _builder_version=&#8220;4.16&#8243; global_colors_info=&#8220;{}&#8220;][\/et_pb_section][et_pb_section fb_built=&#8220;1&#8243; _builder_version=&#8220;4.16&#8243; background_image=&#8220;https:\/\/www.bix-consulting.com\/wp-content\/uploads\/2020\/08\/Solutions-Main-scaled.jpg&#8220; min_height=&#8220;464px&#8220; custom_padding=&#8220;63px|||||&#8220; global_colors_info=&#8220;{}&#8220;][\/et_pb_section][et_pb_section fb_built=&#8220;1&#8243; _builder_version=&#8220;4.16&#8243; custom_padding=&#8220;||21px|||&#8220; global_colors_info=&#8220;{}&#8220;][et_pb_row _builder_version=&#8220;4.16&#8243; global_colors_info=&#8220;{}&#8220;][et_pb_column type=&#8220;4_4&#8243; _builder_version=&#8220;4.16&#8243; global_colors_info=&#8220;{}&#8220;][et_pb_text _builder_version=&#8220;4.16&#8243; text_font=&#8220;Roboto|300|||||||&#8220; text_font_size=&#8220;32px&#8220; text_font_size_tablet=&#8220;23px&#8220; text_font_size_phone=&#8220;25px&#8220; text_font_size_last_edited=&#8220;on|phone&#8220; global_colors_info=&#8220;{}&#8220;]<\/p>\n<p class=\"elementor-heading-title elementor-size-large\" style=\"text-align: center;\">Individuelle L\u00f6sungen f\u00fcr das digitale Unternehmen<\/p>\n<p>[\/et_pb_text][\/et_pb_column][\/et_pb_row][\/et_pb_section][et_pb_section fb_built=&#8220;1&#8243; _builder_version=&#8220;4.16&#8243; custom_padding=&#8220;3px|||||&#8220; global_colors_info=&#8220;{}&#8220;][et_pb_row _builder_version=&#8220;4.16&#8243; global_colors_info=&#8220;{}&#8220;][et_pb_column type=&#8220;4_4&#8243; _builder_version=&#8220;4.16&#8243; global_colors_info=&#8220;{}&#8220;][et_pb_text _builder_version=&#8220;4.16&#8243; text_font=&#8220;Roboto|300|||||||&#8220; text_font_size=&#8220;17px&#8220; global_colors_info=&#8220;{}&#8220;]<\/p>\n<p style=\"text-align: center;\">Wir unterst\u00fctzen unsere Kunden, das Potenzial f\u00fcr die digitale Transformation systematisch zu identifizieren und dann dynamisch und mit agilen Verfahren umzusetzen \u2013 in innovative und wirtschaftliche L\u00f6sungen oder auch neue Gesch\u00e4ftsmodelle.<\/p>\n<p style=\"text-align: center;\">Mit modernen Methoden wie Design Thinking und bew\u00e4hrten Kreativit\u00e4tstechniken f\u00f6rdern wir dieses Wissen zutage und inspirieren durch Anwendungsf\u00e4lle aus gleichen Branchen und Anwendungsbereichen.<\/p>\n<p style=\"text-align: center;\">Aus weit \u00fcber 100 Projekten und der intensiven Zusammenarbeit mit unseren Partnern und Kunden sind zudem viele ma\u00dfgeschneiderte L\u00f6sungen f\u00fcr Kunden hervorgegangen, die in diesem Gesch\u00e4ftsbereich betreut und weiterentwickelt werden.<\/p>\n<p>[\/et_pb_text][\/et_pb_column][\/et_pb_row][\/et_pb_section][et_pb_section fb_built=&#8220;1&#8243; _builder_version=&#8220;4.16&#8243; background_color=&#8220;#cedbe8&#8243; min_height=&#8220;420px&#8220; global_colors_info=&#8220;{}&#8220;][et_pb_row column_structure=&#8220;1_3,1_3,1_3&#8243; _builder_version=&#8220;4.16&#8243; global_colors_info=&#8220;{}&#8220;][et_pb_column type=&#8220;1_3&#8243; _builder_version=&#8220;4.16&#8243; global_colors_info=&#8220;{}&#8220;][et_pb_image src=&#8220;https:\/\/www.bix-consulting.com\/wp-content\/uploads\/2020\/08\/Solutions_statistik_01_pos-e1601983494524.png&#8220; title_text=&#8220;Solutions_statistik_01_pos&#8220; align=&#8220;center&#8220; _builder_version=&#8220;4.16&#8243; animation_style=&#8220;fade&#8220; global_colors_info=&#8220;{}&#8220;][\/et_pb_image][et_pb_text _builder_version=&#8220;4.20.4&#8243; text_font=&#8220;Roboto|300|||||||&#8220; text_font_size=&#8220;17px&#8220; hover_enabled=&#8220;0&#8243; global_colors_info=&#8220;{}&#8220; sticky_enabled=&#8220;0&#8243;]<\/p>\n<p style=\"text-align: center;\"><span style=\"color: #3366ff;\"><a href=\"https:\/\/www.bix-consulting.com\/wp-content\/uploads\/2023\/04\/Predictive-content-made-by-biX_DE.pdf\" rel=\"attachment noopener noreferrer wp-att-769\" style=\"color: #3366ff;\" target=\"_blank\">predictive content<\/a><\/span><span><\/span><em><sup>\u00a0 <\/sup><\/em><span>erm\u00f6glicht die Gewinnung neuer Erkenntnisse aus Datensch\u00e4tzen in SAP\u00ae BW<\/span><\/p>\n<p>[\/et_pb_text][\/et_pb_column][et_pb_column type=&#8220;1_3&#8243; _builder_version=&#8220;4.16&#8243; global_colors_info=&#8220;{}&#8220;][et_pb_image src=&#8220;https:\/\/www.bix-consulting.com\/wp-content\/uploads\/2020\/08\/Solutions_briefing_pos-e1601983485165.png&#8220; title_text=&#8220;Solutions_briefing_pos&#8220; align=&#8220;center&#8220; _builder_version=&#8220;4.16&#8243; animation_style=&#8220;fade&#8220; global_colors_info=&#8220;{}&#8220;][\/et_pb_image][et_pb_text _builder_version=&#8220;4.20.2&#8243; text_font=&#8220;Roboto|300|||||||&#8220; text_font_size=&#8220;17px&#8220; custom_padding=&#8220;|||25px|false|false&#8220; global_colors_info=&#8220;{}&#8220;]<\/p>\n<p class=\"elementor-icon-box-description\" style=\"text-align: center;\"><span style=\"color: #3366ff;\"><a href=\"https:\/\/relaunch2.bix-consulting.com\/wp-content\/uploads\/2019\/09\/Broadcaster-and-Print-Services-made-by-biX.pdf\" target=\"_blank\" rel=\"noopener noreferrer\" style=\"color: #3366ff;\">\u00a0<\/a><a href=\"https:\/\/www.bix-consulting.com\/wp-content\/uploads\/2023\/03\/Broadcaster-and-Print-Services-made-by-biX-DE_neu.pdf\" rel=\"attachment noopener noreferrer wp-att-2340\" style=\"color: #3366ff;\" target=\"_blank\">Broadcaster and Print Services<\/a><\/span><\/p>\n<div style=\"text-align: center;\"><\/div>\n<div style=\"text-align: center;\">Unternehmensweites Reportmanagement und Self Service Print Tool<\/div>\n<p>[\/et_pb_text][\/et_pb_column][et_pb_column type=&#8220;1_3&#8243; _builder_version=&#8220;4.16&#8243; global_colors_info=&#8220;{}&#8220;][et_pb_image src=&#8220;https:\/\/www.bix-consulting.com\/wp-content\/uploads\/2020\/08\/Solutions_analyse_01_pos-e1601983476924.png&#8220; title_text=&#8220;Solutions_analyse_01_pos&#8220; align=&#8220;center&#8220; _builder_version=&#8220;4.16&#8243; animation_style=&#8220;fade&#8220; global_colors_info=&#8220;{}&#8220;][\/et_pb_image][et_pb_text _builder_version=&#8220;4.16&#8243; text_font=&#8220;Roboto|300|||||||&#8220; text_font_size=&#8220;17px&#8220; global_colors_info=&#8220;{}&#8220;]<\/p>\n<p class=\"elementor-icon-box-description\" style=\"text-align: center;\"><span style=\"color: #3366ff;\"><a href=\"https:\/\/www.bix-consulting.com\/wp-content\/uploads\/2020\/12\/Working-Capital-Explorer-deutsch.pdf\" rel=\"attachment wp-att-2405\"><span style=\"color: #3366ff;\">Working Capital Explorer\u00ae for SAP<\/span><\/a> <\/span><\/p>\n<div style=\"text-align: center;\">Transparenz im Umlaufverm\u00f6gen und nachhaltige Verbesserung der Unternehmenskennzahlen<\/div>\n<p>[\/et_pb_text][\/et_pb_column][\/et_pb_row][\/et_pb_section][et_pb_section fb_built=&#8220;1&#8243; _builder_version=&#8220;4.16&#8243; global_colors_info=&#8220;{}&#8220;][et_pb_row _builder_version=&#8220;4.16&#8243; global_colors_info=&#8220;{}&#8220;][et_pb_column type=&#8220;4_4&#8243; _builder_version=&#8220;4.16&#8243; global_colors_info=&#8220;{}&#8220;][et_pb_text _builder_version=&#8220;4.16&#8243; text_font=&#8220;Roboto|300|||||||&#8220; text_font_size=&#8220;17px&#8220; global_colors_info=&#8220;{}&#8220;]<\/p>\n<p style=\"text-align: center;\">Mit diesen Anwendungspaketen, aber auch v\u00f6llig neu zu konzipierenden und zu entwickelnden L\u00f6sungen m\u00f6chten wir die Produktivit\u00e4t von Business Intelligence nachhaltig steigern und dazu beitragen, neue Gesch\u00e4ftschancen f\u00fcr unsere Kunden systematisch zu nutzen.<\/p>\n<p style=\"text-align: center;\">In unserem BI-Lab testen und nutzen wir die neueste Technologie, um unseren Kunden und Gesch\u00e4ftspartnern durch gezielte Proof of Concepts und individuelle Trainings einen Wissensvorsprung zu vermitteln, um so die richtigen Entscheidungen und Ma\u00dfnahmen f\u00fcr zukunftsweisende Projekte und Anwendungen zu treffen.<\/p>\n<p>[\/et_pb_text][\/et_pb_column][\/et_pb_row][\/et_pb_section][et_pb_section fb_built=&#8220;1&#8243; _builder_version=&#8220;4.20.2&#8243; _module_preset=&#8220;default&#8220; background_color=&#8220;#cedbe8&#8243; global_colors_info=&#8220;{}&#8220;][et_pb_row column_structure=&#8220;1_2,1_2&#8243; _builder_version=&#8220;4.20.2&#8243; _module_preset=&#8220;default&#8220; global_colors_info=&#8220;{}&#8220;][et_pb_column type=&#8220;1_2&#8243; _builder_version=&#8220;4.20.2&#8243; _module_preset=&#8220;default&#8220; global_colors_info=&#8220;{}&#8220;][et_pb_image src=&#8220;https:\/\/www.bix-consulting.com\/wp-content\/uploads\/2020\/08\/iStock-1051588246_Grafik-scaled-e1600245267895.jpg&#8220; title_text=&#8220;Working People Comic&#8220; _builder_version=&#8220;4.20.2&#8243; _module_preset=&#8220;default&#8220; custom_margin=&#8220;||||false|false&#8220; custom_padding=&#8220;|20px||20px|false|false&#8220; global_colors_info=&#8220;{}&#8220;][\/et_pb_image][\/et_pb_column][et_pb_column type=&#8220;1_2&#8243; _builder_version=&#8220;4.20.2&#8243; _module_preset=&#8220;default&#8220; global_colors_info=&#8220;{}&#8220;][et_pb_text _builder_version=&#8220;4.20.2&#8243; _module_preset=&#8220;default&#8220; custom_margin_tablet=&#8220;&#8220; custom_margin_phone=&#8220;&#8220; custom_margin_last_edited=&#8220;on|desktop&#8220; custom_padding=&#8220;|20px||20px|false|false&#8220; custom_padding_tablet=&#8220;20px||||false|false&#8220; custom_padding_phone=&#8220;20px|0px||0px|false|false&#8220; custom_padding_last_edited=&#8220;on|phone&#8220; global_colors_info=&#8220;{}&#8220;]<\/p>\n<div data-id=\"7474533\" data-element_type=\"widget\" data-widget_type=\"heading.default\">\n<div>\n<p style=\"text-align: left;\">Mit unseren Workshop-Angeboten zum Thema \u201eDigitalisierung\u201c inspirieren wir unsere Kunden, die M\u00f6glichkeiten zur Transformation konventioneller Gesch\u00e4ftsmodelle und Prozesse systematisch zu entdecken und zu erschlie\u00dfen.<\/p>\n<p style=\"text-align: left;\">Unsere Workshops vermitteln das notwendige Wissen zu Technologien, Methoden, Einsatzbereichen und Wegen zur Digitalisierung Ihres Unternehmens und einzelner Bereiche.<br \/>Sie geben einen \u00dcberblick, wie Wettbewerber, vergleichbare Unternehmen oder Fachbereiche vorgegangen sind, erste Projekte zu identifizieren und umzusetzen.<\/p>\n<p><a href=\"https:\/\/www.bix-consulting.com\/wp-content\/uploads\/2023\/03\/Workshop-individuelle-Loesungen-fuer-Analytics-Reporting-finden_neu.pdf\" rel=\"attachment wp-att-2396\"><span style=\"color: #3366ff;\">Workshop \u201eAuswahl der passenden L\u00f6sung f\u00fcr Analytics und Reporting\u201c<\/span><\/a><\/p>\n<\/div>\n<\/div>\n<div data-id=\"74c6906\" data-element_type=\"widget\" data-widget_type=\"text-editor.default\">\n<p style=\"text-align: left;\">Unser halbt\u00e4giger Workshop liefert Ihnen das notwendige R\u00fcstzeug f\u00fcr den Auswahlprozess einer passenden Software unter Beachtung aller relevanten Anforderungen der Fachanwender und der IT.<\/p>\n<\/div>\n<p>[\/et_pb_text][\/et_pb_column][\/et_pb_row][\/et_pb_section][et_pb_section fb_built=&#8220;1&#8243; _builder_version=&#8220;4.19.5&#8243; min_height=&#8220;422px&#8220; custom_margin=&#8220;||-3px|||&#8220; custom_padding=&#8220;||35px|||&#8220; border_color_bottom=&#8220;#e08a00&#8243; locked=&#8220;off&#8220; global_colors_info=&#8220;{}&#8220;][et_pb_row _builder_version=&#8220;4.16&#8243; _module_preset=&#8220;default&#8220; min_height=&#8220;447px&#8220; global_colors_info=&#8220;{}&#8220;][et_pb_column type=&#8220;4_4&#8243; _builder_version=&#8220;4.16&#8243; _module_preset=&#8220;default&#8220; global_colors_info=&#8220;{}&#8220;][et_pb_text _builder_version=&#8220;4.16&#8243; _module_preset=&#8220;default&#8220; text_font=&#8220;Roboto|300|||||||&#8220; text_font_size=&#8220;30px&#8220; global_colors_info=&#8220;{}&#8220;]<\/p>\n<p style=\"text-align: center;\"><span style=\"color: #000000;\">Ansprechpartner<\/span><\/p>\n<p>[\/et_pb_text][et_pb_image src=&#8220;https:\/\/www.bix-consulting.com\/wp-content\/uploads\/2020\/08\/Oliver-Ossenbrink-e1598705178874.png&#8220; align=&#8220;center&#8220; _builder_version=&#8220;4.16&#8243; _module_preset=&#8220;default&#8220; transform_translate=&#8220;-4px|22px&#8220; global_colors_info=&#8220;{}&#8220;][\/et_pb_image][et_pb_text _builder_version=&#8220;4.16&#8243; _module_preset=&#8220;default&#8220; text_font=&#8220;Roboto|300|||||||&#8220; text_font_size=&#8220;16px&#8220; transform_translate=&#8220;-3px|30px&#8220; global_colors_info=&#8220;{}&#8220;]<\/p>\n<div class=\"elementor-element elementor-element-d95ca40 elementor-widget elementor-widget-heading\" data-id=\"d95ca40\" data-element_type=\"widget\" data-widget_type=\"heading.default\">\n<div class=\"elementor-widget-container\">\n<h3 class=\"elementor-heading-title elementor-size-default\" style=\"text-align: center;\">Oliver Ossenbrink<\/h3>\n<\/div>\n<\/div>\n<div class=\"elementor-element elementor-element-c4afb6c elementor-widget elementor-widget-heading\" data-id=\"c4afb6c\" data-element_type=\"widget\" data-widget_type=\"heading.default\">\n<div class=\"elementor-widget-container\">\n<p class=\"elementor-heading-title elementor-size-default\" style=\"text-align: center;\">Gesch\u00e4ftsf\u00fchrung Vertrieb und HR<\/p>\n<\/div>\n<\/div>\n<p>[\/et_pb_text][et_pb_social_media_follow _builder_version=&#8220;4.16&#8243; _module_preset=&#8220;default&#8220; custom_button=&#8220;on&#8220; button_text_size=&#8220;4px&#8220; button_text_color=&#8220;rgba(0,0,0,0)&#8220; transform_scale_tablet=&#8220;&#8220; transform_scale_phone=&#8220;&#8220; transform_scale_last_edited=&#8220;on|desktop&#8220; transform_translate=&#8220;-6px|43px&#8220; transform_translate_tablet=&#8220;-1px|41px&#8220; transform_translate_phone=&#8220;-10px|44px&#8220; transform_translate_last_edited=&#8220;on|desktop&#8220; transform_rotate_tablet=&#8220;&#8220; transform_rotate_phone=&#8220;&#8220; transform_rotate_last_edited=&#8220;on|desktop&#8220; transform_skew_tablet=&#8220;&#8220; transform_skew_phone=&#8220;&#8220; transform_skew_last_edited=&#8220;on|desktop&#8220; transform_origin_tablet=&#8220;&#8220; transform_origin_phone=&#8220;&#8220; transform_origin_last_edited=&#8220;on|desktop&#8220; transform_styles_last_edited=&#8220;on|desktop&#8220; text_orientation=&#8220;center&#8220; transform_styles_tablet=&#8220;&#8220; transform_styles_phone=&#8220;&#8220; locked=&#8220;off&#8220; global_colors_info=&#8220;{}&#8220;][et_pb_social_media_follow_network url=&#8220;https:\/\/www.xing.com\/profile\/Oliver_Ossenbrink\/&#8220; icon_color=&#8220;rgba(0,0,0,0)&#8220; use_icon_font_size=&#8220;on&#8220; icon_font_size=&#8220;9px&#8220; _builder_version=&#8220;4.16&#8243; _module_preset=&#8220;default&#8220; background_image=&#8220;https:\/\/www.bix-consulting.com\/wp-content\/uploads\/2020\/08\/Xing.png&#8220; background_enable_image=&#8220;on&#8220; background_size=&#8220;contain&#8220; global_colors_info=&#8220;{}&#8220; follow_button=&#8220;off&#8220; url_new_window=&#8220;on&#8220;][\/et_pb_social_media_follow_network][et_pb_social_media_follow_network url=&#8220;https:\/\/www.linkedin.com\/in\/oliver-ossenbrink-9b1a63155&#8243; icon_color=&#8220;rgba(0,0,0,0)&#8220; use_icon_font_size=&#8220;on&#8220; icon_font_size=&#8220;9px&#8220; _builder_version=&#8220;4.16&#8243; _module_preset=&#8220;default&#8220; background_image=&#8220;https:\/\/www.bix-consulting.com\/wp-content\/uploads\/2020\/08\/LinkedIn.png&#8220; background_enable_image=&#8220;on&#8220; background_size=&#8220;contain&#8220; global_colors_info=&#8220;{}&#8220; follow_button=&#8220;off&#8220; url_new_window=&#8220;on&#8220;][\/et_pb_social_media_follow_network][et_pb_social_media_follow_network url=&#8220;mailto:oliver.ossenbrink@bix-consulting.de&#8220; icon_color=&#8220;rgba(0,0,0,0)&#8220; use_icon_font_size=&#8220;on&#8220; icon_font_size=&#8220;9px&#8220; _builder_version=&#8220;4.16&#8243; _module_preset=&#8220;default&#8220; background_image=&#8220;https:\/\/www.bix-consulting.com\/wp-content\/uploads\/2020\/08\/E-Mail.png&#8220; background_enable_image=&#8220;on&#8220; background_size=&#8220;contain&#8220; global_colors_info=&#8220;{}&#8220; follow_button=&#8220;off&#8220; url_new_window=&#8220;on&#8220;][\/et_pb_social_media_follow_network][\/et_pb_social_media_follow][\/et_pb_column][\/et_pb_row][\/et_pb_section]<\/p>\n","protected":false},"excerpt":{"rendered":"<p>das Potenzial f\u00fcr die digitale Transformation<\/p>","protected":false},"author":6,"featured_media":0,"parent":0,"menu_order":0,"comment_status":"closed","ping_status":"closed","template":"","meta":{"_et_pb_use_builder":"on","_et_pb_old_content":"","_et_gb_content_width":"","_lmt_disableupdate":"no","_lmt_disable":"","_monsterinsights_skip_tracking":false,"_monsterinsights_sitenote_active":false,"_monsterinsights_sitenote_note":"","_monsterinsights_sitenote_category":0,"_uf_show_specific_survey":0,"_uf_disable_surveys":false,"iawp_total_views":126,"footnotes":""},"class_list":["post-219","page","type-page","status-publish","hentry"],"_links":{"self":[{"href":"https:\/\/www.bix-consulting.com\/en\/wp-json\/wp\/v2\/pages\/219","targetHints":{"allow":["GET"]}}],"collection":[{"href":"https:\/\/www.bix-consulting.com\/en\/wp-json\/wp\/v2\/pages"}],"about":[{"href":"https:\/\/www.bix-consulting.com\/en\/wp-json\/wp\/v2\/types\/page"}],"author":[{"embeddable":true,"href":"https:\/\/www.bix-consulting.com\/en\/wp-json\/wp\/v2\/users\/6"}],"replies":[{"embeddable":true,"href":"https:\/\/www.bix-consulting.com\/en\/wp-json\/wp\/v2\/comments?post=219"}],"version-history":[{"count":2,"href":"https:\/\/www.bix-consulting.com\/en\/wp-json\/wp\/v2\/pages\/219\/revisions"}],"predecessor-version":[{"id":8973,"href":"https:\/\/www.bix-consulting.com\/en\/wp-json\/wp\/v2\/pages\/219\/revisions\/8973"}],"wp:attachment":[{"href":"https:\/\/www.bix-consulting.com\/en\/wp-json\/wp\/v2\/media?parent=219"}],"curies":[{"name":"wp","href":"https:\/\/api.w.org\/{rel}","templated":true}]}}